{"id":42479,"date":"2025-04-10T12:12:05","date_gmt":"2025-04-10T10:12:05","guid":{"rendered":"https:\/\/myspainfood.com\/producto\/cervene-vino-santos-sodupe-rioja-graciano-rioja\/"},"modified":"2026-01-29T12:26:34","modified_gmt":"2026-01-29T11:26:34","slug":"cervene-vino-santos-sodupe-rioja-graciano-rioja","status":"publish","type":"product","link":"https:\/\/myspainfood.com\/sk\/producto\/cervene-vino-santos-sodupe-rioja-graciano-rioja\/","title":{"rendered":"\u010cerven\u00e9 v\u00edno Santos Sodupe Rioja GRACIANO Rioja"},"content":{"rendered":"<p>100% Graciano<\/p>\n<p>16 mesiacov v dubov\u00fdch sudoch<\/p>\n<p>Franc\u00fazsky<\/p>\n<p>Star\u00e9 vinice<\/p>\n<p>\u00daroda vybran\u00e1 na vini\u010di<\/p>\n<p>Zlat\u00e1 medaila Top v\u00edno 2021<\/p>\n<p>Civas Gold Zlat\u00e1 medaila 2023<\/p>\n<p>Technick\u00e9 \u0161pecifik\u00e1cie<\/p>\n<p>Podpis \u010cerven\u00e9 v\u00edno<\/p>\n<p>100% graciano<\/p>\n<p>Bodegas Santos Sodupe<\/p>\n<p>San Asensio, La Rioja<\/p>\n<p>D.O.C. Rioja<\/p>\n<p>75cl \/ 12,5% obj.<\/p>\n<p>Obsahuje siri\u010ditany<\/p>\n<p>ochutn\u00e1vka<\/p>\n<p>\u010cere\u0161\u0148ovo \u010derven\u00e1 s okrov\u00fdmi t\u00f3nmi<\/p>\n<p>Korenist\u00e9 a drevit\u00e9 t\u00f3ny so zrel\u00fdm \u010derven\u00fdm ovoc\u00edm<\/p>\n<p>M\u00e4sit\u00e9 a dlh\u00e9, u\u0161\u013eachtil\u00fd tan\u00edn, plnos\u0165 a \u0161trukt\u00fara.<\/p>\n","protected":false},"excerpt":{"rendered":"<p>100% Graciano 16 mesiacov v dubov\u00fdch sudoch Franc\u00fazsky Star\u00e9 vinice \u00daroda vybran\u00e1 na vini\u010di Zlat\u00e1 medaila Top v\u00edno 2021 Civas Gold Zlat\u00e1 medaila 2023 Technick\u00e9 \u0161pecifik\u00e1cie Podpis \u010cerven\u00e9 v\u00edno 100% graciano Bodegas Santos Sodupe San Asensio, La Rioja D.O.C. Rioja 75cl \/ 12,5% obj. Obsahuje siri\u010ditany ochutn\u00e1vka \u010cere\u0161\u0148ovo \u010derven\u00e1 s okrov\u00fdmi t\u00f3nmi Korenist\u00e9 a drevit\u00e9 [&hellip;]<\/p>\n","protected":false},"featured_media":42485,"template":"","meta":{"_et_pb_use_builder":"","_et_pb_old_content":"","_et_gb_content_width":""},"product_brand":[1459],"product_cat":[4860,4863],"product_tag":[],"class_list":{"0":"post-42479","1":"product","2":"type-product","3":"status-publish","4":"has-post-thumbnail","6":"product_brand-santos-sodupe","7":"product_cat-napoje","8":"product_cat-vino-sk","10":"first","11":"outofstock","12":"taxable","13":"shipping-taxable","14":"product-type-variable"},"_links":{"self":[{"href":"https:\/\/myspainfood.com\/sk\/wp-json\/wp\/v2\/product\/42479","targetHints":{"allow":["GET"]}}],"collection":[{"href":"https:\/\/myspainfood.com\/sk\/wp-json\/wp\/v2\/product"}],"about":[{"href":"https:\/\/myspainfood.com\/sk\/wp-json\/wp\/v2\/types\/product"}],"wp:featuredmedia":[{"embeddable":true,"href":"https:\/\/myspainfood.com\/sk\/wp-json\/wp\/v2\/media\/42485"}],"wp:attachment":[{"href":"https:\/\/myspainfood.com\/sk\/wp-json\/wp\/v2\/media?parent=42479"}],"wp:term":[{"taxonomy":"product_brand","embeddable":true,"href":"https:\/\/myspainfood.com\/sk\/wp-json\/wp\/v2\/product_brand?post=42479"},{"taxonomy":"product_cat","embeddable":true,"href":"https:\/\/myspainfood.com\/sk\/wp-json\/wp\/v2\/product_cat?post=42479"},{"taxonomy":"product_tag","embeddable":true,"href":"https:\/\/myspainfood.com\/sk\/wp-json\/wp\/v2\/product_tag?post=42479"}],"curies":[{"name":"wp","href":"https:\/\/api.w.org\/{rel}","templated":true}]}}