{"id":42506,"date":"2025-04-10T12:12:29","date_gmt":"2025-04-10T10:12:29","guid":{"rendered":"https:\/\/myspainfood.com\/producto\/santos-sodupe-rioja-young-red-descuido\/"},"modified":"2026-01-29T12:48:26","modified_gmt":"2026-01-29T11:48:26","slug":"santos-sodupe-rioja-young-red-descuido","status":"publish","type":"product","link":"https:\/\/myspainfood.com\/sk\/producto\/santos-sodupe-rioja-young-red-descuido\/","title":{"rendered":"Santos Sodupe Rioja Young Red DESCUIDO"},"content":{"rendered":"<p>Tradi\u010dn\u00e1 karbonick\u00e1 macer\u00e1cia<\/p>\n<p>Macer\u00e1cia za studena<\/p>\n<p>N\u00edzkotlakov\u00e9 lisovanie, vo\u013ene te\u010d\u00faca \u0161\u0165ava<\/p>\n<p>\u010cistenie odkalovan\u00edm (odstra\u0148ovanie kalu)<\/p>\n<p>Kvasenie s riadenou teplotou<\/p>\n<p>\u00daroda vybran\u00e1 na vini\u010di<\/p>\n<p>Technick\u00e9 \u0161pecifik\u00e1cie<\/p>\n<p>Mlad\u00e1 \u010derven\u00e1<\/p>\n<p>85% tempranillo, 10% viura, 5% graciano<\/p>\n<p>Bodegas Santos Sodupe<\/p>\n<p>San Asensio, La Rioja<\/p>\n<p>D.O.C. Rioja<\/p>\n<p>75cl \/ 12,5% obj.<\/p>\n<p>Obsahuje siri\u010ditany<\/p>\n","protected":false},"excerpt":{"rendered":"<p>Tradi\u010dn\u00e1 karbonick\u00e1 macer\u00e1cia Macer\u00e1cia za studena N\u00edzkotlakov\u00e9 lisovanie, vo\u013ene te\u010d\u00faca \u0161\u0165ava \u010cistenie odkalovan\u00edm (odstra\u0148ovanie kalu) Kvasenie s riadenou teplotou \u00daroda vybran\u00e1 na vini\u010di Technick\u00e9 \u0161pecifik\u00e1cie Mlad\u00e1 \u010derven\u00e1 85% tempranillo, 10% viura, 5% graciano Bodegas Santos Sodupe San Asensio, La Rioja D.O.C. Rioja 75cl \/ 12,5% obj. Obsahuje siri\u010ditany<\/p>\n","protected":false},"featured_media":42512,"template":"","meta":{"_et_pb_use_builder":"","_et_pb_old_content":"","_et_gb_content_width":""},"product_brand":[1459],"product_cat":[4860,6261],"product_tag":[],"class_list":{"0":"post-42506","1":"product","2":"type-product","3":"status-publish","4":"has-post-thumbnail","6":"product_brand-santos-sodupe","7":"product_cat-napoje","8":"product_cat-vino-sk-3","10":"first","11":"outofstock","12":"taxable","13":"shipping-taxable","14":"product-type-variable"},"_links":{"self":[{"href":"https:\/\/myspainfood.com\/sk\/wp-json\/wp\/v2\/product\/42506","targetHints":{"allow":["GET"]}}],"collection":[{"href":"https:\/\/myspainfood.com\/sk\/wp-json\/wp\/v2\/product"}],"about":[{"href":"https:\/\/myspainfood.com\/sk\/wp-json\/wp\/v2\/types\/product"}],"wp:featuredmedia":[{"embeddable":true,"href":"https:\/\/myspainfood.com\/sk\/wp-json\/wp\/v2\/media\/42512"}],"wp:attachment":[{"href":"https:\/\/myspainfood.com\/sk\/wp-json\/wp\/v2\/media?parent=42506"}],"wp:term":[{"taxonomy":"product_brand","embeddable":true,"href":"https:\/\/myspainfood.com\/sk\/wp-json\/wp\/v2\/product_brand?post=42506"},{"taxonomy":"product_cat","embeddable":true,"href":"https:\/\/myspainfood.com\/sk\/wp-json\/wp\/v2\/product_cat?post=42506"},{"taxonomy":"product_tag","embeddable":true,"href":"https:\/\/myspainfood.com\/sk\/wp-json\/wp\/v2\/product_tag?post=42506"}],"curies":[{"name":"wp","href":"https:\/\/api.w.org\/{rel}","templated":true}]}}