{"id":42833,"date":"2025-04-10T12:11:40","date_gmt":"2025-04-10T10:11:40","guid":{"rendered":"https:\/\/myspainfood.com\/producto\/sardinky-v-slnecnicovom-oleji-12-14-kusov-111-g\/"},"modified":"2025-04-10T12:11:40","modified_gmt":"2025-04-10T10:11:40","slug":"sardinky-v-slnecnicovom-oleji-12-14-kusov-111-g","status":"publish","type":"product","link":"https:\/\/myspainfood.com\/sk\/producto\/sardinky-v-slnecnicovom-oleji-12-14-kusov-111-g\/","title":{"rendered":"Sardinky v slne\u010dnicovom oleji 12\/14 kusov 111 g"},"content":{"rendered":"<p>Objavte lahodn\u00fa chu\u0165 mora s na\u0161imi pr\u00e9miov\u00fdmi sardinkami v slne\u010dnicovom oleji! Ka\u017ed\u00e9 s\u00fasto je expl\u00f3ziou \u010derstvosti a kvality, ktor\u00e1 pote\u0161\u00ed va\u0161e chu\u0165ov\u00e9 bunky a prenesie v\u00e1s na tie najexotickej\u0161ie pobre\u017eia. <\/p>\n<p>Na\u0161e sardinky sa starostlivo lovia z naj\u010distej\u0161\u00edch v\u00f4d a vyberaj\u00fa sa tak, aby sa zaru\u010dila ich neporovnate\u013en\u00e1 \u010derstvos\u0165 a chu\u0165. Nam\u00e1\u010dame ich do prvotriedneho slne\u010dnicov\u00e9ho oleja, \u010d\u00edm zachov\u00e1vame ich jemn\u00fa \u0161trukt\u00faru a prirodzen\u00fa chu\u0165, aby ka\u017ed\u00e9 s\u00fasto bolo nezabudnute\u013en\u00fdm z\u00e1\u017eitkom. <\/p>\n<p>Na\u0161e sardinky v slne\u010dnicovom oleji, bohat\u00e9 na omega-3 mastn\u00e9 kyseliny, esenci\u00e1lne vitam\u00edny a miner\u00e1ly, s\u00fa nielen chutnou, ale aj v\u00fd\u017eivnou vo\u013ebou pre va\u0161u ka\u017edodenn\u00fa stravu. Pou\u017eite ich ako hlavn\u00fa pr\u00edsadu do \u010derstv\u00fdch \u0161al\u00e1tov, gurm\u00e1nskych ob\u010derstven\u00ed alebo si ich jednoducho vychutnajte priamo z konzervy. <\/p>\n<p>\u010ci u\u017e pripravujete luxusn\u00fa ve\u010deru, alebo h\u013ead\u00e1te zdrav\u00e9 ob\u010derstvenie so sebou, na\u0161e sardinky v slne\u010dnicovom oleji s\u00fa ide\u00e1lnou vo\u013ebou. Odv\u00e1\u017ete sa ich vysk\u00fa\u0161a\u0165 a zistite, pre\u010do s\u00fa najtajnej\u0161\u00edm tajomstvom v\u0161etk\u00fdch gurm\u00e1nov! <\/p>\n<p>K\u00fapte si plechovku sardiniek v slne\u010dnicovom oleji e\u0161te dnes a dodajte svojim ob\u013e\u00faben\u00fdm jedl\u00e1m n\u00e1dych morsk\u00fdch plodov!<\/p>\n","protected":false},"excerpt":{"rendered":"<p>Objavte lahodn\u00fa chu\u0165 mora s na\u0161imi pr\u00e9miov\u00fdmi sardinkami v slne\u010dnicovom oleji! Ka\u017ed\u00e9 s\u00fasto je expl\u00f3ziou \u010derstvosti a kvality, ktor\u00e1 pote\u0161\u00ed va\u0161e chu\u0165ov\u00e9 bunky a prenesie v\u00e1s na tie najexotickej\u0161ie pobre\u017eia. <\/p>\n","protected":false},"featured_media":42834,"template":"","meta":{"_et_pb_use_builder":"","_et_pb_old_content":"","_et_gb_content_width":""},"product_brand":[1358],"product_cat":[3760,1979],"product_tag":[],"class_list":{"0":"post-42833","1":"product","2":"type-product","3":"status-publish","4":"has-post-thumbnail","6":"product_brand-areoso","7":"product_cat-sardinillas-sk","8":"product_cat-zachovava-sk","10":"first","11":"outofstock","12":"taxable","13":"shipping-taxable","14":"product-type-simple"},"_links":{"self":[{"href":"https:\/\/myspainfood.com\/sk\/wp-json\/wp\/v2\/product\/42833","targetHints":{"allow":["GET"]}}],"collection":[{"href":"https:\/\/myspainfood.com\/sk\/wp-json\/wp\/v2\/product"}],"about":[{"href":"https:\/\/myspainfood.com\/sk\/wp-json\/wp\/v2\/types\/product"}],"wp:featuredmedia":[{"embeddable":true,"href":"https:\/\/myspainfood.com\/sk\/wp-json\/wp\/v2\/media\/42834"}],"wp:attachment":[{"href":"https:\/\/myspainfood.com\/sk\/wp-json\/wp\/v2\/media?parent=42833"}],"wp:term":[{"taxonomy":"product_brand","embeddable":true,"href":"https:\/\/myspainfood.com\/sk\/wp-json\/wp\/v2\/product_brand?post=42833"},{"taxonomy":"product_cat","embeddable":true,"href":"https:\/\/myspainfood.com\/sk\/wp-json\/wp\/v2\/product_cat?post=42833"},{"taxonomy":"product_tag","embeddable":true,"href":"https:\/\/myspainfood.com\/sk\/wp-json\/wp\/v2\/product_tag?post=42833"}],"curies":[{"name":"wp","href":"https:\/\/api.w.org\/{rel}","templated":true}]}}