{"id":42926,"date":"2025-04-10T12:11:37","date_gmt":"2025-04-10T10:11:37","guid":{"rendered":"https:\/\/myspainfood.com\/producto\/medvediky-kresliace-usmevy-1-kg-damel\/"},"modified":"2025-04-10T12:11:37","modified_gmt":"2025-04-10T10:11:37","slug":"medvediky-kresliace-usmevy-1-kg-damel","status":"publish","type":"product","link":"https:\/\/myspainfood.com\/sk\/producto\/medvediky-kresliace-usmevy-1-kg-damel\/","title":{"rendered":"Medved\u00edky kresliace \u00fasmevy 1 kg DAMEL"},"content":{"rendered":"","protected":false},"excerpt":{"rendered":"<p>Damel je z\u00e1bavn\u00fd svet, v ktorom sa budete c\u00edti\u0165 dobre. Zaka\u017ed\u00fdm, ke\u010f otvor\u00edte vrecko Damel, vy\u010dar\u00ed sa v\u00e1m na tv\u00e1ri \u00fasmev spokojnosti a radosti.<\/p>\n<p>V spolo\u010dnosti Damel n\u00e1jdete \u0161irok\u00fd sortiment vysokokvalitn\u00fdch v\u00fdrobkov pln\u00fdch chut\u00ed, farieb a text\u00far. Ur\u010den\u00e9 pre v\u00e1s kedyko\u013evek a na ak\u00fako\u013evek pr\u00edle\u017eitos\u0165: od mal\u00fdch vrec\u00fa\u0161ok, cez ve\u013ek\u00e9 form\u00e1ty, zmie\u0161an\u00e9 pr\u00edchute alebo pr\u00edchu\u0165, ktor\u00fa m\u00e1te najrad\u0161ej! <\/p>\n","protected":false},"featured_media":42928,"template":"","meta":{"_et_pb_use_builder":"","_et_pb_old_content":"","_et_gb_content_width":""},"product_brand":[1435],"product_cat":[7709,1979],"product_tag":[],"class_list":{"0":"post-42926","1":"product","2":"type-product","3":"status-publish","4":"has-post-thumbnail","6":"product_brand-damel","7":"product_cat-vianocny-special","8":"product_cat-zachovava-sk","10":"first","11":"outofstock","12":"taxable","13":"shipping-taxable","14":"purchasable","15":"product-type-simple"},"_links":{"self":[{"href":"https:\/\/myspainfood.com\/sk\/wp-json\/wp\/v2\/product\/42926","targetHints":{"allow":["GET"]}}],"collection":[{"href":"https:\/\/myspainfood.com\/sk\/wp-json\/wp\/v2\/product"}],"about":[{"href":"https:\/\/myspainfood.com\/sk\/wp-json\/wp\/v2\/types\/product"}],"wp:featuredmedia":[{"embeddable":true,"href":"https:\/\/myspainfood.com\/sk\/wp-json\/wp\/v2\/media\/42928"}],"wp:attachment":[{"href":"https:\/\/myspainfood.com\/sk\/wp-json\/wp\/v2\/media?parent=42926"}],"wp:term":[{"taxonomy":"product_brand","embeddable":true,"href":"https:\/\/myspainfood.com\/sk\/wp-json\/wp\/v2\/product_brand?post=42926"},{"taxonomy":"product_cat","embeddable":true,"href":"https:\/\/myspainfood.com\/sk\/wp-json\/wp\/v2\/product_cat?post=42926"},{"taxonomy":"product_tag","embeddable":true,"href":"https:\/\/myspainfood.com\/sk\/wp-json\/wp\/v2\/product_tag?post=42926"}],"curies":[{"name":"wp","href":"https:\/\/api.w.org\/{rel}","templated":true}]}}