{"id":42993,"date":"2025-04-10T12:11:40","date_gmt":"2025-04-10T10:11:40","guid":{"rendered":"https:\/\/myspainfood.com\/producto\/salmorejo-cordobes-extra-panensky-olivovy-olej-arteoliva-1-liter\/"},"modified":"2026-01-29T12:00:06","modified_gmt":"2026-01-29T11:00:06","slug":"salmorejo-cordobes-extra-panensky-olivovy-olej-arteoliva-1-liter","status":"publish","type":"product","link":"https:\/\/myspainfood.com\/sk\/producto\/salmorejo-cordobes-extra-panensky-olivovy-olej-arteoliva-1-liter\/","title":{"rendered":"Salmorejo Cordob\u00e9s Extra panensk\u00fd olivov\u00fd olej ArteOliva 1 liter"},"content":{"rendered":"<p>Typick\u00fd studen\u00fd kr\u00e9m z C\u00f3rdoby, ktor\u00fd sa vyr\u00e1ba najm\u00e4 z \u010derstv\u00fdch vybran\u00fdch paradajok, extra panensk\u00e9ho olivov\u00e9ho oleja, chleba a cesnaku.<\/p>\n","protected":false},"excerpt":{"rendered":"<p>Typick\u00fd studen\u00fd kr\u00e9m z C\u00f3rdoby, ktor\u00fd sa vyr\u00e1ba najm\u00e4 z \u010derstv\u00fdch vybran\u00fdch paradajok, extra panensk\u00e9ho olivov\u00e9ho oleja, chleba a cesnaku.<\/p>\n","protected":false},"featured_media":42998,"template":"","meta":{"_et_pb_use_builder":"","_et_pb_old_content":"","_et_gb_content_width":""},"product_brand":[1457],"product_cat":[2231,4860,1820,1979],"product_tag":[],"class_list":{"0":"post-42993","1":"product","2":"type-product","3":"status-publish","4":"has-post-thumbnail","6":"product_brand-arteoliva","7":"product_cat-extra-panenske-olivy","8":"product_cat-napoje","9":"product_cat-studena","10":"product_cat-zachovava-sk","11":"product_shipping_class-zasielka-za-studena","13":"first","14":"outofstock","15":"taxable","16":"shipping-taxable","17":"product-type-variable"},"_links":{"self":[{"href":"https:\/\/myspainfood.com\/sk\/wp-json\/wp\/v2\/product\/42993","targetHints":{"allow":["GET"]}}],"collection":[{"href":"https:\/\/myspainfood.com\/sk\/wp-json\/wp\/v2\/product"}],"about":[{"href":"https:\/\/myspainfood.com\/sk\/wp-json\/wp\/v2\/types\/product"}],"wp:featuredmedia":[{"embeddable":true,"href":"https:\/\/myspainfood.com\/sk\/wp-json\/wp\/v2\/media\/42998"}],"wp:attachment":[{"href":"https:\/\/myspainfood.com\/sk\/wp-json\/wp\/v2\/media?parent=42993"}],"wp:term":[{"taxonomy":"product_brand","embeddable":true,"href":"https:\/\/myspainfood.com\/sk\/wp-json\/wp\/v2\/product_brand?post=42993"},{"taxonomy":"product_cat","embeddable":true,"href":"https:\/\/myspainfood.com\/sk\/wp-json\/wp\/v2\/product_cat?post=42993"},{"taxonomy":"product_tag","embeddable":true,"href":"https:\/\/myspainfood.com\/sk\/wp-json\/wp\/v2\/product_tag?post=42993"}],"curies":[{"name":"wp","href":"https:\/\/api.w.org\/{rel}","templated":true}]}}