{"id":43242,"date":"2025-04-10T12:11:27","date_gmt":"2025-04-10T10:11:27","guid":{"rendered":"https:\/\/myspainfood.com\/producto\/vajicko-gildas-so-sardelou-bokeo-4-kusy\/"},"modified":"2025-06-24T13:03:51","modified_gmt":"2025-06-24T11:03:51","slug":"vajicko-gildas-so-sardelou-bokeo-4-kusy","status":"publish","type":"product","link":"https:\/\/myspainfood.com\/sk\/producto\/vajicko-gildas-so-sardelou-bokeo-4-kusy\/","title":{"rendered":"Vaj\u00ed\u010dko Gildas so sardelou Bokeo 4 kusy"},"content":{"rendered":"<p>Gilda zo sardel\u00ed, prepeli\u010die vaj\u00ed\u010dko, olivy plnen\u00e9 sardel\u00ed, piparra a \u010derven\u00e1 paprika.<\/p>\n","protected":false},"excerpt":{"rendered":"<p>Gilda zo sardel\u00ed, prepeli\u010die vaj\u00ed\u010dko, olivy plnen\u00e9 sardel\u00ed, piparra a \u010derven\u00e1 paprika.<\/p>\n","protected":false},"featured_media":29352,"template":"","meta":{"_et_pb_use_builder":"","_et_pb_old_content":"","_et_gb_content_width":""},"product_brand":[1277],"product_cat":[1905,1730,2331,1825,1820,1728,1979],"product_tag":[],"class_list":{"0":"post-43242","1":"product","2":"type-product","3":"status-publish","4":"has-post-thumbnail","6":"product_brand-bokeo","7":"product_cat-ancovicky-sk","8":"product_cat-olivy","9":"product_cat-papriky","10":"product_cat-pintxos-sk","11":"product_cat-studena","12":"product_cat-uhorky","13":"product_cat-zachovava-sk","14":"product_shipping_class-zasielka-za-studena","16":"first","17":"outofstock","18":"taxable","19":"shipping-taxable","20":"product-type-variable"},"_links":{"self":[{"href":"https:\/\/myspainfood.com\/sk\/wp-json\/wp\/v2\/product\/43242","targetHints":{"allow":["GET"]}}],"collection":[{"href":"https:\/\/myspainfood.com\/sk\/wp-json\/wp\/v2\/product"}],"about":[{"href":"https:\/\/myspainfood.com\/sk\/wp-json\/wp\/v2\/types\/product"}],"wp:featuredmedia":[{"embeddable":true,"href":"https:\/\/myspainfood.com\/sk\/wp-json\/wp\/v2\/media\/29352"}],"wp:attachment":[{"href":"https:\/\/myspainfood.com\/sk\/wp-json\/wp\/v2\/media?parent=43242"}],"wp:term":[{"taxonomy":"product_brand","embeddable":true,"href":"https:\/\/myspainfood.com\/sk\/wp-json\/wp\/v2\/product_brand?post=43242"},{"taxonomy":"product_cat","embeddable":true,"href":"https:\/\/myspainfood.com\/sk\/wp-json\/wp\/v2\/product_cat?post=43242"},{"taxonomy":"product_tag","embeddable":true,"href":"https:\/\/myspainfood.com\/sk\/wp-json\/wp\/v2\/product_tag?post=43242"}],"curies":[{"name":"wp","href":"https:\/\/api.w.org\/{rel}","templated":true}]}}