{"id":43631,"date":"2025-04-10T12:05:33","date_gmt":"2025-04-10T10:05:33","guid":{"rendered":"https:\/\/myspainfood.com\/producto\/olive-machacamoya\/"},"modified":"2025-05-12T23:24:04","modified_gmt":"2025-05-12T21:24:04","slug":"olive-machacamoya","status":"publish","type":"product","link":"https:\/\/myspainfood.com\/sk\/producto\/olive-machacamoya\/","title":{"rendered":"Olive Machacamoya"},"content":{"rendered":"<p>Olivy Machacamoya sa vyzna\u010duj\u00fa typickou horkou chu\u0165ou. Pre najvyberanej\u0161ie chu\u0165ov\u00e9 bunky je to ov\u00e1lna oliva, ochuten\u00e1 cesnakom a paprikou, aromatick\u00fdmi bylinkami a octom. Je to ve\u013emi ob\u013e\u00faben\u00e1 oliva v baroch. V\u00fdborne sa hod\u00ed na kombin\u00e1ciu so \u0161panielskym v\u00ednom alebo poh\u00e1rom piva.   <\/p>\n","protected":false},"excerpt":{"rendered":"<p>Olivy Machacamoya sa vyzna\u010duj\u00fa typickou horkou chu\u0165ou. Pre najvyberanej\u0161ie chu\u0165ov\u00e9 bunky je to ov\u00e1lna oliva, ochuten\u00e1 cesnakom a paprikou, aromatick\u00fdmi bylinkami a octom. Je to ve\u013emi ob\u013e\u00faben\u00e1 oliva v baroch. V\u00fdborne sa hod\u00ed na kombin\u00e1ciu so \u0161panielskym v\u00ednom alebo poh\u00e1rom piva.<\/p>\n","protected":false},"featured_media":43643,"template":"","meta":{"_et_pb_use_builder":"","_et_pb_old_content":"","_et_gb_content_width":""},"product_brand":[1057],"product_cat":[1730,1728],"product_tag":[8936],"class_list":{"0":"post-43631","1":"product","2":"type-product","3":"status-publish","4":"has-post-thumbnail","6":"product_brand-la-encajera","7":"product_cat-olivy","8":"product_cat-uhorky","9":"product_tag-machacamoya-sk","11":"first","12":"outofstock","13":"taxable","14":"shipping-taxable","15":"product-type-variable"},"_links":{"self":[{"href":"https:\/\/myspainfood.com\/sk\/wp-json\/wp\/v2\/product\/43631","targetHints":{"allow":["GET"]}}],"collection":[{"href":"https:\/\/myspainfood.com\/sk\/wp-json\/wp\/v2\/product"}],"about":[{"href":"https:\/\/myspainfood.com\/sk\/wp-json\/wp\/v2\/types\/product"}],"wp:featuredmedia":[{"embeddable":true,"href":"https:\/\/myspainfood.com\/sk\/wp-json\/wp\/v2\/media\/43643"}],"wp:attachment":[{"href":"https:\/\/myspainfood.com\/sk\/wp-json\/wp\/v2\/media?parent=43631"}],"wp:term":[{"taxonomy":"product_brand","embeddable":true,"href":"https:\/\/myspainfood.com\/sk\/wp-json\/wp\/v2\/product_brand?post=43631"},{"taxonomy":"product_cat","embeddable":true,"href":"https:\/\/myspainfood.com\/sk\/wp-json\/wp\/v2\/product_cat?post=43631"},{"taxonomy":"product_tag","embeddable":true,"href":"https:\/\/myspainfood.com\/sk\/wp-json\/wp\/v2\/product_tag?post=43631"}],"curies":[{"name":"wp","href":"https:\/\/api.w.org\/{rel}","templated":true}]}}