{"id":43656,"date":"2025-04-10T12:05:33","date_gmt":"2025-04-10T10:05:33","guid":{"rendered":"https:\/\/myspainfood.com\/producto\/olivova-prichut-baklazan\/"},"modified":"2025-04-10T12:05:33","modified_gmt":"2025-04-10T10:05:33","slug":"olivova-prichut-baklazan","status":"publish","type":"product","link":"https:\/\/myspainfood.com\/sk\/producto\/olivova-prichut-baklazan\/","title":{"rendered":"Olivov\u00e1 pr\u00edchu\u0165 bakla\u017e\u00e1n"},"content":{"rendered":"<p>Oliva s pr\u00edchu\u0165ou bakla\u017e\u00e1nu m\u00e1 ve\u013emi jemn\u00fa chu\u0165, \u010do z nej rob\u00ed odv\u00e1\u017eny <a href=\"https:\/\/www.laencajera.es\/aceitunas\" target=\"_blank\" rel=\"noopener noreferrer nofollow\">aperit\u00edv,<\/a> ktor\u00fd je v\u017edy chutn\u00fd.<\/p>\n<p>Rovnako ako ide\u00e1lny doplnok k jedl\u00e1m s ly\u017ei\u010dkou. M\u00f4\u017eete si ich vychutna\u0165 s poh\u00e1rom v\u00edna. <\/p>\n<p>Zlo\u017eenie: Voda, korenie, so\u013e, ocot, pr\u00edrodn\u00e9 korenie (cesnak, rasca, paprika a olej), zv\u00fdraz\u0148ova\u010d chuti (E-631, E-627, E-621), okys\u013eova\u010d (E-330), konzerva\u010dn\u00e9 l\u00e1tky (E-270, E-202, E-211), antioxidant (E-330) a pr\u00edrodn\u00e9 ar\u00f3my. M\u00f4\u017ee obsahova\u0165 siri\u010ditany. <\/p>\n<p>Uchov\u00e1vajte na chladnom a suchom mieste pri teplote od 3 do 10 \u00b0C. Uchov\u00e1vajte mimo dosahu slne\u010dn\u00e9ho svetla a siln\u00fdch pachov. <\/p>\n<p>Olivu s pr\u00edchu\u0165ou bakla\u017e\u00e1nu po otvoren\u00ed skladujte v chladni\u010dke a spotrebujte do 30 dn\u00ed.<\/p>\n<p>Ak si chcete k\u00fapi\u0165 olivy alebo in\u00fd druh <a href=\"https:\/\/latiendadesami.com\/categoria-producto\/encurtidos\/\" rel=\"noopener noreferrer nofollow\" target=\"_blank\">uhoriek<\/a>, nev\u00e1hajte a pozrite si n\u00e1\u0161 online katal\u00f3g, v ktorom n\u00e1jdete \u0161irok\u00fa ponuku <a href=\"https:\/\/latiendadesami.com\/categoria-producto\/encurtidos\/berenjenas\/\" target=\"_blank\" rel=\"noopener noreferrer nofollow\">bakla\u017e\u00e1nov<\/a>.<\/p>\n<p>Zna\u010dka La Encajonera je rodinn\u00fd podnik zalo\u017een\u00fd v roku 1990, ktor\u00fd sa nach\u00e1dza v srdci La Mancha, v meste\u010dku ALMAGRO v provincii Ciudad Real.<\/p>\n<p>V\u00fdrobn\u00fd proces jej produktov sa za\u010d\u00edna v tej istej oblasti pestovania, kde sa vyber\u00e1 najkvalitnej\u0161\u00ed produkt.<\/p>\n<p>Tov\u00e1re\u0148 je vybaven\u00e1 najmodernej\u0161ou technol\u00f3giou, pri\u010dom zachov\u00e1va trad\u00edciu a know-how svojich remeseln\u00edkov.<\/p>\n","protected":false},"excerpt":{"rendered":"<p>Oliva s pr\u00edchu\u0165ou bakla\u017e\u00e1nu m\u00e1 ve\u013emi jemn\u00fa chu\u0165, \u010do z nej rob\u00ed odv\u00e1\u017eny aperit\u00edv, ktor\u00fd je v\u017edy chutn\u00fd. Rovnako ako ide\u00e1lny doplnok k jedl\u00e1m s ly\u017ei\u010dkou. M\u00f4\u017eete si ich vychutna\u0165 s poh\u00e1rom v\u00edna. Zlo\u017eenie: Voda, korenie, so\u013e, ocot, pr\u00edrodn\u00e9 korenie (cesnak, rasca, paprika a olej), zv\u00fdraz\u0148ova\u010d chuti (E-631, E-627, E-621), okys\u013eova\u010d (E-330), konzerva\u010dn\u00e9 l\u00e1tky (E-270, [&hellip;]<\/p>\n","protected":false},"featured_media":43661,"template":"","meta":{"_et_pb_use_builder":"","_et_pb_old_content":"","_et_gb_content_width":""},"product_brand":[1057],"product_cat":[1730,1728],"product_tag":[2178],"class_list":{"0":"post-43656","1":"product","2":"type-product","3":"status-publish","4":"has-post-thumbnail","6":"product_brand-la-encajera","7":"product_cat-olivy","8":"product_cat-uhorky","9":"product_tag-baklazan-sk","11":"first","12":"outofstock","13":"taxable","14":"shipping-taxable","15":"product-type-variable"},"_links":{"self":[{"href":"https:\/\/myspainfood.com\/sk\/wp-json\/wp\/v2\/product\/43656","targetHints":{"allow":["GET"]}}],"collection":[{"href":"https:\/\/myspainfood.com\/sk\/wp-json\/wp\/v2\/product"}],"about":[{"href":"https:\/\/myspainfood.com\/sk\/wp-json\/wp\/v2\/types\/product"}],"wp:featuredmedia":[{"embeddable":true,"href":"https:\/\/myspainfood.com\/sk\/wp-json\/wp\/v2\/media\/43661"}],"wp:attachment":[{"href":"https:\/\/myspainfood.com\/sk\/wp-json\/wp\/v2\/media?parent=43656"}],"wp:term":[{"taxonomy":"product_brand","embeddable":true,"href":"https:\/\/myspainfood.com\/sk\/wp-json\/wp\/v2\/product_brand?post=43656"},{"taxonomy":"product_cat","embeddable":true,"href":"https:\/\/myspainfood.com\/sk\/wp-json\/wp\/v2\/product_cat?post=43656"},{"taxonomy":"product_tag","embeddable":true,"href":"https:\/\/myspainfood.com\/sk\/wp-json\/wp\/v2\/product_tag?post=43656"}],"curies":[{"name":"wp","href":"https:\/\/api.w.org\/{rel}","templated":true}]}}