{"id":44455,"date":"2025-04-10T12:11:27","date_gmt":"2025-04-10T10:11:27","guid":{"rendered":"https:\/\/myspainfood.com\/producto\/roscos-de-vino-y-almenda-vrecko-300-gramov-la-ponderosa\/"},"modified":"2025-04-10T12:11:27","modified_gmt":"2025-04-10T10:11:27","slug":"roscos-de-vino-y-almenda-vrecko-300-gramov-la-ponderosa","status":"publish","type":"product","link":"https:\/\/myspainfood.com\/sk\/producto\/roscos-de-vino-y-almenda-vrecko-300-gramov-la-ponderosa\/","title":{"rendered":"Roscos de vino y almenda vrecko 300 gramov La Ponderosa"},"content":{"rendered":"<p>\u0160i\u0161ky s v\u00ednom a mand\u013eami s\u00fa zmesou v\u00fdrobku, ktor\u00e9ho chu\u0165 a jemn\u00e1 \u0161trukt\u00fara z neho robia tradi\u010dn\u00fd v\u00fdrobok, ktor\u00fd pote\u0161\u00ed aj tie najn\u00e1ro\u010dnej\u0161ie chu\u0165ov\u00e9 bunky.<\/p>\n<p>Zlo\u017eky<\/p>\n<p>P\u0161eni\u010dn\u00e1 m\u00faka, ibersk\u00e1 mas\u0165 (antioxidant: E-320), cukor, v\u00edno (obsahuje siri\u010ditany) (12%), mandle (5%), an\u00edz, \u0161korica, sezamov\u00e9 semienka, an\u00edzov\u00e1 ar\u00f3ma a citr\u00f3nov\u00e1 ar\u00f3ma. M\u00f4\u017ee obsahova\u0165 stopy ara\u0161idov. <\/p>\n<p>Alerg\u00e9ny<\/p>\n<p>Obsahuje lepok, orechy, sezam a siri\u010ditany. M\u00f4\u017ee obsahova\u0165 stopy ara\u0161idov. <\/p>\n","protected":false},"excerpt":{"rendered":"<p>\u0160i\u0161ky s v\u00ednom a mand\u013eami s\u00fa zmesou v\u00fdrobku, ktor\u00e9ho chu\u0165 a jemn\u00e1 \u0161trukt\u00fara z neho robia tradi\u010dn\u00fd v\u00fdrobok, ktor\u00fd pote\u0161\u00ed aj tie najn\u00e1ro\u010dnej\u0161ie chu\u0165ov\u00e9 bunky. Zlo\u017eky P\u0161eni\u010dn\u00e1 m\u00faka, ibersk\u00e1 mas\u0165 (antioxidant: E-320), cukor, v\u00edno (obsahuje siri\u010ditany) (12%), mandle (5%), an\u00edz, \u0161korica, sezamov\u00e9 semienka, an\u00edzov\u00e1 ar\u00f3ma a citr\u00f3nov\u00e1 ar\u00f3ma. M\u00f4\u017ee obsahova\u0165 stopy ara\u0161idov. Alerg\u00e9ny Obsahuje lepok, [&hellip;]<\/p>\n","protected":false},"featured_media":44461,"template":"","meta":{"_et_pb_use_builder":"","_et_pb_old_content":"","_et_gb_content_width":""},"product_brand":[1417],"product_cat":[7709,1979],"product_tag":[],"class_list":{"0":"post-44455","1":"product","2":"type-product","3":"status-publish","4":"has-post-thumbnail","6":"product_brand-la-ponderosa","7":"product_cat-vianocny-special","8":"product_cat-zachovava-sk","10":"first","11":"outofstock","12":"taxable","13":"shipping-taxable","14":"product-type-variable"},"_links":{"self":[{"href":"https:\/\/myspainfood.com\/sk\/wp-json\/wp\/v2\/product\/44455","targetHints":{"allow":["GET"]}}],"collection":[{"href":"https:\/\/myspainfood.com\/sk\/wp-json\/wp\/v2\/product"}],"about":[{"href":"https:\/\/myspainfood.com\/sk\/wp-json\/wp\/v2\/types\/product"}],"wp:featuredmedia":[{"embeddable":true,"href":"https:\/\/myspainfood.com\/sk\/wp-json\/wp\/v2\/media\/44461"}],"wp:attachment":[{"href":"https:\/\/myspainfood.com\/sk\/wp-json\/wp\/v2\/media?parent=44455"}],"wp:term":[{"taxonomy":"product_brand","embeddable":true,"href":"https:\/\/myspainfood.com\/sk\/wp-json\/wp\/v2\/product_brand?post=44455"},{"taxonomy":"product_cat","embeddable":true,"href":"https:\/\/myspainfood.com\/sk\/wp-json\/wp\/v2\/product_cat?post=44455"},{"taxonomy":"product_tag","embeddable":true,"href":"https:\/\/myspainfood.com\/sk\/wp-json\/wp\/v2\/product_tag?post=44455"}],"curies":[{"name":"wp","href":"https:\/\/api.w.org\/{rel}","templated":true}]}}