{"id":44498,"date":"2025-04-10T12:11:39","date_gmt":"2025-04-10T10:11:39","guid":{"rendered":"https:\/\/myspainfood.com\/producto\/novozelandske-musle-vyprazane-v-nakladanej-omacke-7-10-kusov-portonovo\/"},"modified":"2025-04-10T12:11:39","modified_gmt":"2025-04-10T10:11:39","slug":"novozelandske-musle-vyprazane-v-nakladanej-omacke-7-10-kusov-portonovo","status":"publish","type":"product","link":"https:\/\/myspainfood.com\/sk\/producto\/novozelandske-musle-vyprazane-v-nakladanej-omacke-7-10-kusov-portonovo\/","title":{"rendered":"Novoz\u00e9landsk\u00e9 mu\u0161le vypr\u00e1\u017ean\u00e9 v nakladanej om\u00e1\u010dke 7-10 kusov Portonovo"},"content":{"rendered":"<p>Varen\u00e9 a vypr\u00e1\u017ean\u00e9 v slne\u010dnicovom oleji. Byssus sa vyber\u00e1 ru\u010dne a bal\u00ed sa jeden po druhom. Sprev\u00e1dza ho jedine\u010dn\u00e1 marin\u00e1da vyroben\u00e1 z \u010disto pr\u00edrodn\u00fdch surov\u00edn. Zlo\u017eenie: (slne\u010dnicov\u00fd olej, \u010derven\u00fd v\u00ednny ocot, voda, pr\u00edrodn\u00e9 ar\u00f3my, korenie a so\u013e).   <\/p>\n","protected":false},"excerpt":{"rendered":"<p>Varen\u00e9 a vypr\u00e1\u017ean\u00e9 v slne\u010dnicovom oleji. Byssus sa vyber\u00e1 ru\u010dne a bal\u00ed sa jeden po druhom. Sprev\u00e1dza ho jedine\u010dn\u00e1 marin\u00e1da vyroben\u00e1 z \u010disto pr\u00edrodn\u00fdch surov\u00edn. Zlo\u017eenie: (slne\u010dnicov\u00fd olej, \u010derven\u00fd v\u00ednny ocot, voda, pr\u00edrodn\u00e9 ar\u00f3my, korenie a so\u013e).<\/p>\n","protected":false},"featured_media":44504,"template":"","meta":{"_et_pb_use_builder":"","_et_pb_old_content":"","_et_gb_content_width":""},"product_brand":[1428],"product_cat":[3885,1979],"product_tag":[],"class_list":{"0":"post-44498","1":"product","2":"type-product","3":"status-publish","4":"has-post-thumbnail","6":"product_brand-portonovo","7":"product_cat-musle-sk-2","8":"product_cat-zachovava-sk","10":"first","11":"instock","12":"taxable","13":"shipping-taxable","14":"purchasable","15":"product-type-variable"},"_links":{"self":[{"href":"https:\/\/myspainfood.com\/sk\/wp-json\/wp\/v2\/product\/44498","targetHints":{"allow":["GET"]}}],"collection":[{"href":"https:\/\/myspainfood.com\/sk\/wp-json\/wp\/v2\/product"}],"about":[{"href":"https:\/\/myspainfood.com\/sk\/wp-json\/wp\/v2\/types\/product"}],"wp:featuredmedia":[{"embeddable":true,"href":"https:\/\/myspainfood.com\/sk\/wp-json\/wp\/v2\/media\/44504"}],"wp:attachment":[{"href":"https:\/\/myspainfood.com\/sk\/wp-json\/wp\/v2\/media?parent=44498"}],"wp:term":[{"taxonomy":"product_brand","embeddable":true,"href":"https:\/\/myspainfood.com\/sk\/wp-json\/wp\/v2\/product_brand?post=44498"},{"taxonomy":"product_cat","embeddable":true,"href":"https:\/\/myspainfood.com\/sk\/wp-json\/wp\/v2\/product_cat?post=44498"},{"taxonomy":"product_tag","embeddable":true,"href":"https:\/\/myspainfood.com\/sk\/wp-json\/wp\/v2\/product_tag?post=44498"}],"curies":[{"name":"wp","href":"https:\/\/api.w.org\/{rel}","templated":true}]}}