{"id":44515,"date":"2025-04-10T12:11:39","date_gmt":"2025-04-10T10:11:39","guid":{"rendered":"https:\/\/myspainfood.com\/producto\/sanmer-cierne-perlove-olivy-s-kostkou-314-ml\/"},"modified":"2025-07-31T16:54:02","modified_gmt":"2025-07-31T14:54:02","slug":"sanmer-cierne-perlove-olivy-s-kostkou-314-ml","status":"publish","type":"product","link":"https:\/\/myspainfood.com\/sk\/producto\/sanmer-cierne-perlove-olivy-s-kostkou-314-ml\/","title":{"rendered":"Sanmer \u010cierne perlov\u00e9 olivy s k\u00f4stkou 314 ml"},"content":{"rendered":"<p>Intenz\u00edvna \u010dierna farba s v\u00fdrazn\u00fdm leskom, \u0161\u0165avnat\u00e1 du\u017eina a pr\u00edjemn\u00e1 text\u00fara. Skvel\u00e1 pr\u00edloha k \u010derstv\u00fdm \u0161al\u00e1tom a pizzi, vynikaj\u00faca k ak\u00fdmko\u013evek jemn\u00fdm jedl\u00e1m. <\/p>\n","protected":false},"excerpt":{"rendered":"<p>Intenz\u00edvna \u010dierna farba s v\u00fdrazn\u00fdm leskom, \u0161\u0165avnat\u00e1 du\u017eina a pr\u00edjemn\u00e1 text\u00fara. Skvel\u00e1 pr\u00edloha k \u010derstv\u00fdm \u0161al\u00e1tom a pizzi, vynikaj\u00faca k ak\u00fdmko\u013evek jemn\u00fdm jedl\u00e1m.<\/p>\n","protected":false},"featured_media":44520,"template":"","meta":{"_et_pb_use_builder":"","_et_pb_old_content":"","_et_gb_content_width":""},"product_brand":[1069,1303],"product_cat":[1730,1728],"product_tag":[8121,2054],"class_list":{"0":"post-44515","1":"product","2":"type-product","3":"status-publish","4":"has-post-thumbnail","6":"product_brand-sangar","7":"product_brand-sanmer","8":"product_cat-olivy","9":"product_cat-uhorky","10":"product_tag-cierna","11":"product_tag-harmancek","13":"first","14":"outofstock","15":"taxable","16":"shipping-taxable","17":"product-type-variable"},"_links":{"self":[{"href":"https:\/\/myspainfood.com\/sk\/wp-json\/wp\/v2\/product\/44515","targetHints":{"allow":["GET"]}}],"collection":[{"href":"https:\/\/myspainfood.com\/sk\/wp-json\/wp\/v2\/product"}],"about":[{"href":"https:\/\/myspainfood.com\/sk\/wp-json\/wp\/v2\/types\/product"}],"wp:featuredmedia":[{"embeddable":true,"href":"https:\/\/myspainfood.com\/sk\/wp-json\/wp\/v2\/media\/44520"}],"wp:attachment":[{"href":"https:\/\/myspainfood.com\/sk\/wp-json\/wp\/v2\/media?parent=44515"}],"wp:term":[{"taxonomy":"product_brand","embeddable":true,"href":"https:\/\/myspainfood.com\/sk\/wp-json\/wp\/v2\/product_brand?post=44515"},{"taxonomy":"product_cat","embeddable":true,"href":"https:\/\/myspainfood.com\/sk\/wp-json\/wp\/v2\/product_cat?post=44515"},{"taxonomy":"product_tag","embeddable":true,"href":"https:\/\/myspainfood.com\/sk\/wp-json\/wp\/v2\/product_tag?post=44515"}],"curies":[{"name":"wp","href":"https:\/\/api.w.org\/{rel}","templated":true}]}}