{"id":44830,"date":"2025-04-10T12:05:09","date_gmt":"2025-04-10T10:05:09","guid":{"rendered":"https:\/\/myspainfood.com\/producto\/kimbos-gordal-olivy-gordal-a-uhorky-900-gr-chicon\/"},"modified":"2025-04-10T12:05:09","modified_gmt":"2025-04-10T10:05:09","slug":"kimbos-gordal-olivy-gordal-a-uhorky-900-gr-chicon","status":"publish","type":"product","link":"https:\/\/myspainfood.com\/sk\/producto\/kimbos-gordal-olivy-gordal-a-uhorky-900-gr-chicon\/","title":{"rendered":"Kimbos Gordal - olivy gordal a uhorky 900 gr Chicon"},"content":{"rendered":"<h3>Pre\u010do pou\u017e\u00edva\u0165 olivy Kimbos Gordal plnen\u00e9 uhorkami?<\/h3>\n<p>Kimbos Gordal je variant jednej z najob\u013e\u00fabenej\u0161\u00edch plnen\u00fdch ol\u00edv v \u0160panielsku aj v zahrani\u010d\u00ed.<\/p>\n<p>Jednou z jeho zvl\u00e1\u0161tnost\u00ed je jeho ve\u013ekos\u0165, preto\u017ee je zvy\u010dajne v\u00e4\u010d\u0161\u00ed ako ostatn\u00e9 odrody.<\/p>\n<p>V\u010faka tomu je ide\u00e1lnou olivou na serv\u00edrovanie na st\u00f4l plnenou r\u00f4znymi druhmi potrav\u00edn, ako s\u00fa napr\u00edklad an\u010dovi\u010dky, uhorky alebo papriky.<\/p>\n<p>N\u00e1zov &#8222;Aceituna Gordal&#8220; dostal kv\u00f4li svojej ve\u013ekosti.<\/p>\n<p>D\u00e1 sa poveda\u0165, \u017ee je celkom atrakt\u00edvny a p\u00fatav\u00fd.<\/p>\n<p>Hoci m\u00e1 p\u00f4vod v <a href=\"https:\/\/aceitunaschiconlebron.com\/catalogo\/aceituna-gordal-rellena-de-pepinillo\/\" target=\"_blank\" rel=\"noopener noreferrer nofollow\">Andal\u00fazii<\/a>, konzum\u00e1cia ol\u00edv Gordal plnen\u00fdch uhorkami sa roz\u0161\u00edrila do Spojen\u00fdch \u0161t\u00e1tov, kde sa najviac roz\u0161\u00edrila mimo \u0160panielska.<\/p>\n<p>Ak si chcete k\u00fapi\u0165 olivy alebo in\u00fd druh <a href=\"https:\/\/latiendadesami.com\/categoria-producto\/encurtidos\/\" rel=\"noopener noreferrer nofollow\" target=\"_blank\">uhoriek<\/a>, nev\u00e1hajte a pozrite si n\u00e1\u0161 online katal\u00f3g, v ktorom n\u00e1jdete \u0161irok\u00fa ponuku <a href=\"https:\/\/latiendadesami.com\/categoria-producto\/encurtidos\/aceitunas\/\" target=\"_blank\" rel=\"noopener noreferrer nofollow\">ol\u00edv<\/a>.<\/p>\n","protected":false},"excerpt":{"rendered":"<p>Pre\u010do pou\u017e\u00edva\u0165 olivy Kimbos Gordal plnen\u00e9 uhorkami? Kimbos Gordal je variant jednej z najob\u013e\u00fabenej\u0161\u00edch plnen\u00fdch ol\u00edv v \u0160panielsku aj v zahrani\u010d\u00ed. Jednou z jeho zvl\u00e1\u0161tnost\u00ed je jeho ve\u013ekos\u0165, preto\u017ee je zvy\u010dajne v\u00e4\u010d\u0161\u00ed ako ostatn\u00e9 odrody. V\u010faka tomu je ide\u00e1lnou olivou na serv\u00edrovanie na st\u00f4l plnenou r\u00f4znymi druhmi potrav\u00edn, ako s\u00fa napr\u00edklad an\u010dovi\u010dky, uhorky alebo papriky. [&hellip;]<\/p>\n","protected":false},"featured_media":44837,"template":"","meta":{"_et_pb_use_builder":"","_et_pb_old_content":"","_et_gb_content_width":""},"product_brand":[1036],"product_cat":[1730,1728],"product_tag":[9316,2013],"class_list":{"0":"post-44830","1":"product","2":"type-product","3":"status-publish","4":"has-post-thumbnail","6":"product_brand-chicon","7":"product_cat-olivy","8":"product_cat-uhorky","9":"product_tag-gordal-sk","10":"product_tag-kimbo-sk","12":"first","13":"instock","14":"taxable","15":"shipping-taxable","16":"purchasable","17":"product-type-variable"},"_links":{"self":[{"href":"https:\/\/myspainfood.com\/sk\/wp-json\/wp\/v2\/product\/44830","targetHints":{"allow":["GET"]}}],"collection":[{"href":"https:\/\/myspainfood.com\/sk\/wp-json\/wp\/v2\/product"}],"about":[{"href":"https:\/\/myspainfood.com\/sk\/wp-json\/wp\/v2\/types\/product"}],"wp:featuredmedia":[{"embeddable":true,"href":"https:\/\/myspainfood.com\/sk\/wp-json\/wp\/v2\/media\/44837"}],"wp:attachment":[{"href":"https:\/\/myspainfood.com\/sk\/wp-json\/wp\/v2\/media?parent=44830"}],"wp:term":[{"taxonomy":"product_brand","embeddable":true,"href":"https:\/\/myspainfood.com\/sk\/wp-json\/wp\/v2\/product_brand?post=44830"},{"taxonomy":"product_cat","embeddable":true,"href":"https:\/\/myspainfood.com\/sk\/wp-json\/wp\/v2\/product_cat?post=44830"},{"taxonomy":"product_tag","embeddable":true,"href":"https:\/\/myspainfood.com\/sk\/wp-json\/wp\/v2\/product_tag?post=44830"}],"curies":[{"name":"wp","href":"https:\/\/api.w.org\/{rel}","templated":true}]}}