{"id":44857,"date":"2025-04-10T12:12:05","date_gmt":"2025-04-10T10:12:05","guid":{"rendered":"https:\/\/myspainfood.com\/producto\/santos-sodupe-rioja-mlady-titis-rose\/"},"modified":"2026-01-29T12:38:43","modified_gmt":"2026-01-29T11:38:43","slug":"santos-sodupe-rioja-mlady-titis-rose","status":"publish","type":"product","link":"https:\/\/myspainfood.com\/sk\/producto\/santos-sodupe-rioja-mlady-titis-rose\/","title":{"rendered":"Santos Sodupe Rioja mlad\u00fd TITIS ROS\u00c9"},"content":{"rendered":"<p>Ru\u017eov\u00e1<\/p>\n<p>Macer\u00e1cia za studena<\/p>\n<p>N\u00edzkotlakov\u00e9 lisovanie, vo\u013ene te\u010d\u00faca \u0161\u0165ava<\/p>\n<p>\u010cistenie flot\u00e1ciou<\/p>\n<p>Kvasenie s riadenou teplotou<\/p>\n<p>Technick\u00e9 \u0161pecifik\u00e1cie<\/p>\n<p>  Mlad\u00e9 ru\u017eov\u00e9 v\u00edno<\/p>\n<p>  100% \u010derven\u00e9 grenache<\/p>\n<p>  Bodegas Santos Sodupe<\/p>\n<p>  San Asensio, La Rioja<\/p>\n<p>  D.O.C. Rioja<\/p>\n<p>  75cl \/ 12,5% obj.<\/p>\n<p>  Obsahuje siri\u010ditany<\/p>\n<p>ochutn\u00e1vka<\/p>\n<p>Bledoru\u017eov\u00e1 farba, lososov\u00e9 odlesky<\/p>\n<p>Obklopuj\u00face a elegantn\u00e9, biele ovocie a citrusov\u00e9 plody<\/p>\n<p>Dlh\u00e9 a jemn\u00e9, elegantn\u00e9 a pretrv\u00e1vaj\u00face kyseliny<\/p>\n","protected":false},"excerpt":{"rendered":"<p>Ru\u017eov\u00e1 Macer\u00e1cia za studena N\u00edzkotlakov\u00e9 lisovanie, vo\u013ene te\u010d\u00faca \u0161\u0165ava \u010cistenie flot\u00e1ciou Kvasenie s riadenou teplotou Technick\u00e9 \u0161pecifik\u00e1cie Mlad\u00e9 ru\u017eov\u00e9 v\u00edno 100% \u010derven\u00e9 grenache Bodegas Santos Sodupe San Asensio, La Rioja D.O.C. Rioja 75cl \/ 12,5% obj. Obsahuje siri\u010ditany ochutn\u00e1vka Bledoru\u017eov\u00e1 farba, lososov\u00e9 odlesky Obklopuj\u00face a elegantn\u00e9, biele ovocie a citrusov\u00e9 plody Dlh\u00e9 a jemn\u00e9, elegantn\u00e9 [&hellip;]<\/p>\n","protected":false},"featured_media":44868,"template":"","meta":{"_et_pb_use_builder":"","_et_pb_old_content":"","_et_gb_content_width":""},"product_brand":[1459],"product_cat":[4860,4863],"product_tag":[],"class_list":{"0":"post-44857","1":"product","2":"type-product","3":"status-publish","4":"has-post-thumbnail","6":"product_brand-santos-sodupe","7":"product_cat-napoje","8":"product_cat-vino-sk","10":"first","11":"outofstock","12":"taxable","13":"shipping-taxable","14":"product-type-variable"},"_links":{"self":[{"href":"https:\/\/myspainfood.com\/sk\/wp-json\/wp\/v2\/product\/44857","targetHints":{"allow":["GET"]}}],"collection":[{"href":"https:\/\/myspainfood.com\/sk\/wp-json\/wp\/v2\/product"}],"about":[{"href":"https:\/\/myspainfood.com\/sk\/wp-json\/wp\/v2\/types\/product"}],"wp:featuredmedia":[{"embeddable":true,"href":"https:\/\/myspainfood.com\/sk\/wp-json\/wp\/v2\/media\/44868"}],"wp:attachment":[{"href":"https:\/\/myspainfood.com\/sk\/wp-json\/wp\/v2\/media?parent=44857"}],"wp:term":[{"taxonomy":"product_brand","embeddable":true,"href":"https:\/\/myspainfood.com\/sk\/wp-json\/wp\/v2\/product_brand?post=44857"},{"taxonomy":"product_cat","embeddable":true,"href":"https:\/\/myspainfood.com\/sk\/wp-json\/wp\/v2\/product_cat?post=44857"},{"taxonomy":"product_tag","embeddable":true,"href":"https:\/\/myspainfood.com\/sk\/wp-json\/wp\/v2\/product_tag?post=44857"}],"curies":[{"name":"wp","href":"https:\/\/api.w.org\/{rel}","templated":true}]}}