{"id":44935,"date":"2025-04-10T12:12:05","date_gmt":"2025-04-10T10:12:05","guid":{"rendered":"https:\/\/myspainfood.com\/producto\/senorio-de-nava-ribera-del-duero-2022-75-cl\/"},"modified":"2026-01-29T12:33:51","modified_gmt":"2026-01-29T11:33:51","slug":"senorio-de-nava-ribera-del-duero-2022-75-cl","status":"publish","type":"product","link":"https:\/\/myspainfood.com\/sk\/producto\/senorio-de-nava-ribera-del-duero-2022-75-cl\/","title":{"rendered":"Se\u00f1or\u00edo De Nava Ribera Del Duero 2022 75 cl"},"content":{"rendered":"<p>Objavte autentick\u00fa chu\u0165 Ribera del Duero so Se\u0148orom De Nava! Toto prest\u00ed\u017ene v\u00edno s ozna\u010den\u00edm Denominaci\u00f3n de Origen Ribera del Duero zachyt\u00e1va samotn\u00fa podstatu tejto sl\u00e1vnej \u0161panielskej vin\u00e1rskej oblasti. <\/p>\n<p>Se\u0148or\u00edo De Nava Ribera Del Duero je v\u00fdsledkom starostliv\u00e9ho v\u00fdberu hrozna Tempranillo, symbolickej odrody regi\u00f3nu, vypestovan\u00e9ho v privilegovan\u00fdch viniciach zaliatych slnkom v \u00fadol\u00ed rieky Duero. V\u010faka kontrolovanej ferment\u00e1cii a starostliv\u00e9mu procesu zrenia v dubov\u00fdch sudoch sa toto v\u00edno vyzna\u010duje komplexn\u00fdm charakterom a v\u00fdnimo\u010dnou vyv\u00e1\u017eenos\u0165ou. <\/p>\n<p>V chuti sa prejavuj\u00fa intenz\u00edvne t\u00f3ny zrel\u00e9ho ovocia, jemn\u00e9 n\u00e1znaky duba a dobre definovan\u00e1 \u0161trukt\u00fara, ktor\u00e1 vrchol\u00ed v dlhom, uspokojivom z\u00e1vere. Se\u0148or\u00edo De Nava Ribera Del Duero je dokonal\u00fdm doplnkom na \u0161peci\u00e1lne pr\u00edle\u017eitosti, od elegantn\u00fdch ve\u010der\u00ed a\u017e po neform\u00e1lne stretnutia s priate\u013emi. <\/p>\n<p>Nechajte sa zvies\u0165 eleganciou a trad\u00edciou Ribera del Duero s ka\u017ed\u00fdm d\u00fa\u0161kom Se\u0148or\u00edo De Nava. Vychutnajte si enologick\u00fa dokonalos\u0165 jednej z najv\u00fdznamnej\u0161\u00edch vin\u00e1rskych oblast\u00ed \u0160panielska a urobte si s t\u00fdmto vynikaj\u00facim v\u00ednom nezabudnute\u013enou ka\u017ed\u00fa pr\u00edle\u017eitos\u0165!  <\/p>\n","protected":false},"excerpt":{"rendered":"<p>Se\u0148or\u00edo De Nava Ribera Del Duero je v\u00fdsledkom starostliv\u00e9ho v\u00fdberu hrozna Tempranillo, symbolickej odrody regi\u00f3nu, vypestovan\u00e9ho v privilegovan\u00fdch viniciach zaliatych slnkom v \u00fadol\u00ed rieky Duero. V\u010faka kontrolovanej ferment\u00e1cii a starostliv\u00e9mu procesu zrenia v dubov\u00fdch sudoch sa toto v\u00edno vyzna\u010duje komplexn\u00fdm charakterom a v\u00fdnimo\u010dnou vyv\u00e1\u017eenos\u0165ou. <\/p>\n","protected":false},"featured_media":44941,"template":"","meta":{"_et_pb_use_builder":"","_et_pb_old_content":"","_et_gb_content_width":""},"product_brand":[1224],"product_cat":[4860,4863],"product_tag":[],"class_list":{"0":"post-44935","1":"product","2":"type-product","3":"status-publish","4":"has-post-thumbnail","6":"product_brand-senorio-de-nava","7":"product_cat-napoje","8":"product_cat-vino-sk","10":"first","11":"outofstock","12":"taxable","13":"shipping-taxable","14":"product-type-variable"},"_links":{"self":[{"href":"https:\/\/myspainfood.com\/sk\/wp-json\/wp\/v2\/product\/44935","targetHints":{"allow":["GET"]}}],"collection":[{"href":"https:\/\/myspainfood.com\/sk\/wp-json\/wp\/v2\/product"}],"about":[{"href":"https:\/\/myspainfood.com\/sk\/wp-json\/wp\/v2\/types\/product"}],"wp:featuredmedia":[{"embeddable":true,"href":"https:\/\/myspainfood.com\/sk\/wp-json\/wp\/v2\/media\/44941"}],"wp:attachment":[{"href":"https:\/\/myspainfood.com\/sk\/wp-json\/wp\/v2\/media?parent=44935"}],"wp:term":[{"taxonomy":"product_brand","embeddable":true,"href":"https:\/\/myspainfood.com\/sk\/wp-json\/wp\/v2\/product_brand?post=44935"},{"taxonomy":"product_cat","embeddable":true,"href":"https:\/\/myspainfood.com\/sk\/wp-json\/wp\/v2\/product_cat?post=44935"},{"taxonomy":"product_tag","embeddable":true,"href":"https:\/\/myspainfood.com\/sk\/wp-json\/wp\/v2\/product_tag?post=44935"}],"curies":[{"name":"wp","href":"https:\/\/api.w.org\/{rel}","templated":true}]}}