{"id":45225,"date":"2025-04-10T12:10:00","date_gmt":"2025-04-10T10:10:00","guid":{"rendered":"https:\/\/myspainfood.com\/producto\/chicon-babickina-party-900-gr-balenie-6-ks\/"},"modified":"2025-07-10T09:19:35","modified_gmt":"2025-07-10T07:19:35","slug":"chicon-babickina-party-900-gr-balenie-6-ks","status":"publish","type":"product","link":"https:\/\/myspainfood.com\/sk\/producto\/chicon-babickina-party-900-gr-balenie-6-ks\/","title":{"rendered":"Chicon Babi\u010dkina p\u00e1rty 900 gr balenie 6 ks"},"content":{"rendered":"<p>V\u00fdhody babi\u010dkin\u00fdch delen\u00fdch ol\u00edv<\/p>\n<p>Pr\u00ednosy babi\u010dkin\u00fdch prasknut\u00fdch ol\u00edv s\u00fa po\u010detn\u00e9 a okrem ich vynikaj\u00facej chuti s\u00fa ich vlastnosti ve\u013emi prospe\u0161n\u00e9 aj pre zdravie.<\/p>\n<p>Zni\u017euj\u00fa hladinu cholesterolu. V\u010faka kyseline olejovej pom\u00e1haj\u00fa babi\u010dkine delen\u00e9 olivy udr\u017eiava\u0165 cholesterol na uzde. <\/p>\n<p>Pom\u00e1haj\u00fa tr\u00e1veniu. V\u010faka vysok\u00e9mu obsahu vl\u00e1kniny tieto olivy pom\u00e1haj\u00fa odstra\u0148ova\u0165 tox\u00edny a zlep\u0161uj\u00fa celkov\u00e9 tr\u00e1venie. <\/p>\n<p>V\u00fdhody pre poko\u017eku. Vitam\u00edny A a E prospievaj\u00fa poko\u017eke a p\u00f4sobia proti jej starnutiu. <\/p>\n<p>Poskytuj\u00fa energiu. Maj\u00fa vysok\u00fd obsah \u017eeleza, ktor\u00e9 pom\u00e1ha syntetizova\u0165 karnit\u00edn a produkova\u0165 energiu. <\/p>\n<p>K\u00fapte si olivy z babi\u010dkinej p\u00e1rty<\/p>\n<p>Babi\u010dkine olivy sa vyzna\u010duj\u00fa sladkou a z\u00e1rove\u0148 intenz\u00edvnou chu\u0165ou, ako aj charakteristick\u00fdm koren\u00edm, ktor\u00e9 sa vyr\u00e1ba z pr\u00edrodn\u00fdch koren\u00edn.<\/p>\n<p>Plody olivovn\u00edka sa po piatich rokoch konzervovania maceruj\u00fa, a\u017e k\u00fdm nedosiahnu pr\u00edjemn\u00fa konzistenciu na\u0161ich <a href=\"https:\/\/latiendadesami.com\/categoria-producto\/encurtidos\/\" target=\"_blank\" rel=\"noopener noreferrer nofollow\">&#8222;Encurtidos Aceitunas de la Abuela&#8220; (Babi\u010dkine nakladan\u00e9<\/a> olivy).<\/p>\n<p>Tieto cel\u00e9 olivy s pevnou du\u017einou, \u013eahko rozdrven\u00e9 a <a href=\"https:\/\/es.wikipedia.org\/wiki\/Aceitunas_ali%C3%B1adas\" target=\"_blank\" rel=\"noopener noreferrer nofollow\">ochuten\u00e9<\/a> pod\u013ea babi\u010dkinho receptu, s\u00fa v\u00fdsledkom dlhoro\u010dnej rodinnej trad\u00edcie, poch\u00e1dzaj\u00facej z Antequery v Malage.<\/p>\n","protected":false},"excerpt":{"rendered":"<p>V\u00fdhody babi\u010dkin\u00fdch delen\u00fdch ol\u00edv Pr\u00ednosy babi\u010dkin\u00fdch prasknut\u00fdch ol\u00edv s\u00fa po\u010detn\u00e9 a okrem ich vynikaj\u00facej chuti s\u00fa ich vlastnosti ve\u013emi prospe\u0161n\u00e9 aj pre zdravie. Zni\u017euj\u00fa hladinu cholesterolu. V\u010faka kyseline olejovej pom\u00e1haj\u00fa babi\u010dkine delen\u00e9 olivy udr\u017eiava\u0165 cholesterol na uzde. Pom\u00e1haj\u00fa tr\u00e1veniu. V\u010faka vysok\u00e9mu obsahu vl\u00e1kniny tieto olivy pom\u00e1haj\u00fa odstra\u0148ova\u0165 tox\u00edny a zlep\u0161uj\u00fa celkov\u00e9 tr\u00e1venie. V\u00fdhody pre poko\u017eku. [&hellip;]<\/p>\n","protected":false},"featured_media":45231,"template":"","meta":{"_et_pb_use_builder":"","_et_pb_old_content":"","_et_gb_content_width":""},"product_brand":[1036],"product_cat":[3094,2872],"product_tag":[1732,1734],"class_list":{"0":"post-45225","1":"product","2":"type-product","3":"status-publish","4":"has-post-thumbnail","6":"product_brand-chicon","7":"product_cat-uhorky-sk-2","8":"product_cat-velkoobchod","9":"product_tag-babicka","10":"product_tag-polozka","12":"first","13":"instock","14":"featured","15":"taxable","16":"shipping-taxable","17":"purchasable","18":"product-type-variable"},"_links":{"self":[{"href":"https:\/\/myspainfood.com\/sk\/wp-json\/wp\/v2\/product\/45225","targetHints":{"allow":["GET"]}}],"collection":[{"href":"https:\/\/myspainfood.com\/sk\/wp-json\/wp\/v2\/product"}],"about":[{"href":"https:\/\/myspainfood.com\/sk\/wp-json\/wp\/v2\/types\/product"}],"wp:featuredmedia":[{"embeddable":true,"href":"https:\/\/myspainfood.com\/sk\/wp-json\/wp\/v2\/media\/45231"}],"wp:attachment":[{"href":"https:\/\/myspainfood.com\/sk\/wp-json\/wp\/v2\/media?parent=45225"}],"wp:term":[{"taxonomy":"product_brand","embeddable":true,"href":"https:\/\/myspainfood.com\/sk\/wp-json\/wp\/v2\/product_brand?post=45225"},{"taxonomy":"product_cat","embeddable":true,"href":"https:\/\/myspainfood.com\/sk\/wp-json\/wp\/v2\/product_cat?post=45225"},{"taxonomy":"product_tag","embeddable":true,"href":"https:\/\/myspainfood.com\/sk\/wp-json\/wp\/v2\/product_tag?post=45225"}],"curies":[{"name":"wp","href":"https:\/\/api.w.org\/{rel}","templated":true}]}}