{"id":45284,"date":"2025-04-10T12:10:02","date_gmt":"2025-04-10T10:10:02","guid":{"rendered":"https:\/\/myspainfood.com\/producto\/chicon-olivy-lizanky-900-gramov-balenie-6-kusov\/"},"modified":"2025-04-10T12:10:02","modified_gmt":"2025-04-10T10:10:02","slug":"chicon-olivy-lizanky-900-gramov-balenie-6-kusov","status":"publish","type":"product","link":"https:\/\/myspainfood.com\/sk\/producto\/chicon-olivy-lizanky-900-gramov-balenie-6-kusov\/","title":{"rendered":"Chic\u00f3n olivy l\u00edzanky 900 gramov balenie 6 kusov"},"content":{"rendered":"<h3>V\u00fdhody ol\u00edv <a href=\"https:\/\/aceitunaschiconlebron.com\/\" target=\"_blank\" rel=\"noopener noreferrer nofollow\">Chicon<\/a> Chupadedos Ali\u00f1o<\/h3>\n<p>Vedeli ste, \u017ee tieto olivy Chicon Ali\u00f1o Suckers maj\u00fa viacero v\u00fdhod? Maj\u00fa vysok\u00fa schopnos\u0165 predch\u00e1dza\u0165 srdcov\u00fdm ochoreniam a chorob\u00e1m obehov\u00e9ho syst\u00e9mu vo v\u0161eobecnosti. <\/p>\n<p>Je to sp\u00f4soben\u00e9 vysok\u00fdm obsahom nenas\u00fdten\u00fdch tukov. Okrem toho je to potravina, ktor\u00e1 obsahuje ve\u013ea \u017eeleza a vl\u00e1kniny a je ve\u013emi s\u00fdta, \u010do z nej rob\u00ed ide\u00e1lnu desiatu. <\/p>\n<p>Tieto cel\u00e9 olivy sa odpor\u00fa\u010da skladova\u0165 na chladnom a suchom mieste, mimo dosahu slne\u010dn\u00e9ho svetla.<\/p>\n<p>Ak si chcete k\u00fapi\u0165 olivy alebo in\u00fd druh <a href=\"https:\/\/latiendadesami.com\/categoria-producto\/encurtidos\/\" rel=\"noopener noreferrer nofollow\" target=\"_blank\">uhoriek<\/a>, nev\u00e1hajte a pozrite si n\u00e1\u0161 online katal\u00f3g, v ktorom n\u00e1jdete \u0161irok\u00fa ponuku <a href=\"https:\/\/latiendadesami.com\/categoria-producto\/encurtidos\/aceitunas\/\" target=\"_blank\" rel=\"noopener noreferrer nofollow\">ol\u00edv<\/a>.<\/p>\n","protected":false},"excerpt":{"rendered":"<p>V\u00fdhody ol\u00edv Chicon Chupadedos Ali\u00f1o Vedeli ste, \u017ee tieto olivy Chicon Ali\u00f1o Suckers maj\u00fa viacero v\u00fdhod? Maj\u00fa vysok\u00fa schopnos\u0165 predch\u00e1dza\u0165 srdcov\u00fdm ochoreniam a chorob\u00e1m obehov\u00e9ho syst\u00e9mu vo v\u0161eobecnosti. Je to sp\u00f4soben\u00e9 vysok\u00fdm obsahom nenas\u00fdten\u00fdch tukov. Okrem toho je to potravina, ktor\u00e1 obsahuje ve\u013ea \u017eeleza a vl\u00e1kniny a je ve\u013emi s\u00fdta, \u010do z nej rob\u00ed ide\u00e1lnu [&hellip;]<\/p>\n","protected":false},"featured_media":45289,"template":"","meta":{"_et_pb_use_builder":"","_et_pb_old_content":"","_et_gb_content_width":""},"product_brand":[1036],"product_cat":[3094,2872],"product_tag":[4085],"class_list":{"0":"post-45284","1":"product","2":"type-product","3":"status-publish","4":"has-post-thumbnail","6":"product_brand-chicon","7":"product_cat-uhorky-sk-2","8":"product_cat-velkoobchod","9":"product_tag-suckers-sk","11":"first","12":"instock","13":"taxable","14":"shipping-taxable","15":"purchasable","16":"product-type-variable"},"_links":{"self":[{"href":"https:\/\/myspainfood.com\/sk\/wp-json\/wp\/v2\/product\/45284","targetHints":{"allow":["GET"]}}],"collection":[{"href":"https:\/\/myspainfood.com\/sk\/wp-json\/wp\/v2\/product"}],"about":[{"href":"https:\/\/myspainfood.com\/sk\/wp-json\/wp\/v2\/types\/product"}],"wp:featuredmedia":[{"embeddable":true,"href":"https:\/\/myspainfood.com\/sk\/wp-json\/wp\/v2\/media\/45289"}],"wp:attachment":[{"href":"https:\/\/myspainfood.com\/sk\/wp-json\/wp\/v2\/media?parent=45284"}],"wp:term":[{"taxonomy":"product_brand","embeddable":true,"href":"https:\/\/myspainfood.com\/sk\/wp-json\/wp\/v2\/product_brand?post=45284"},{"taxonomy":"product_cat","embeddable":true,"href":"https:\/\/myspainfood.com\/sk\/wp-json\/wp\/v2\/product_cat?post=45284"},{"taxonomy":"product_tag","embeddable":true,"href":"https:\/\/myspainfood.com\/sk\/wp-json\/wp\/v2\/product_tag?post=45284"}],"curies":[{"name":"wp","href":"https:\/\/api.w.org\/{rel}","templated":true}]}}