{"id":45382,"date":"2025-04-10T12:10:12","date_gmt":"2025-04-10T10:10:12","guid":{"rendered":"https:\/\/myspainfood.com\/producto\/80-ks-cusumano-pobrezne-cerstve-bonito-18-kg\/"},"modified":"2026-01-13T13:48:33","modified_gmt":"2026-01-13T12:48:33","slug":"80-ks-cusumano-pobrezne-cerstve-bonito-18-kg","status":"publish","type":"product","link":"https:\/\/myspainfood.com\/sk\/producto\/80-ks-cusumano-pobrezne-cerstve-bonito-18-kg\/","title":{"rendered":"80 ks Cusumano coastal fresh bonito 1&#8217;8 kg"},"content":{"rendered":"<div id=\"product-description-short-5\" class=\"rte-content\">\n<p style=\"text-align: left;\">Pobre\u017en\u00fd \u010derstv\u00fd tuniak Cusumano je biely tuniak uloven\u00fd po jednom kusoch v Kant\u00e1brijskom mori a <a href=\"https:\/\/es.wikipedia.org\/wiki\/Thunnus\" target=\"_blank\" rel=\"noopener noreferrer nofollow\">spracovan\u00fd<\/a> \u010cERSTV\u00dd.<\/p>\n<p>Toto jedlo m\u00e1 autentick\u00fa chu\u0165 a v\u00fdnimo\u010dn\u00fa \u0161trukt\u00faru.<\/p>\n<p>Kone\u010dne m\u00f4\u017eete ma\u0165 na stole tradi\u010dn\u00fa konzerv\u00e1ciu.<\/p>\n<p>Fresco de Costera.<\/p>\n<p>Ke\u010f\u017ee ide o sez\u00f3nny lov, ktor\u00fd trv\u00e1 od j\u00fana do okt\u00f3bra, spolo\u010dnos\u0165 Cusumano zaru\u010duje, \u017ee tento tuniak biely nepre\u0161iel od ulovenia a\u017e po v\u00fdrobu \u017eiadnym procesom zmrazenia.<\/p>\n<p>Tento tuniak si zachov\u00e1va v\u0161etky organoleptick\u00e9 vlastnosti, ako je farba, chu\u0165 a \u0161trukt\u00fara.<\/p>\n<p>Conservas Cusumano m\u00e1 nov\u00e9 a modern\u00e9 zariadenia s rozlohou takmer 6 000 m\u00b2, ktor\u00e9 sa nach\u00e1dzaj\u00fa v meste Mundaka.<\/p>\n<p>Conservas Cusumano je spolo\u010dnos\u0165, ktor\u00e1 si u\u017e viac ako 60 rokov zachov\u00e1va l\u00e1sku k trad\u00edcii a know-how v jednom z najstar\u0161\u00edch a najtradi\u010dnej\u0161\u00edch remesiel na svete: lov a konzervovanie \u010derstv\u00e9ho bieleho tuniaka z pobre\u017eia.<\/p>\n<p>V neporovnate\u013enej biosf\u00e9rickej rezerv\u00e1cii Urdaibai, ktor\u00e1 im umo\u017e\u0148uje ma\u0165 naj\u010derstvej\u0161ie ryby v\u010faka svojej polohe tak bl\u00edzko mora, ktor\u00e9 prenik\u00e1 do na\u0161ej podstaty.<\/p>\n<p>Ak si chcete k\u00fapi\u0165 \u010derstv\u00e9ho tuniaka Cusumano Coastal alebo ak\u00fdko\u013evek in\u00fd druh <a href=\"https:\/\/latiendadesami.com\/categoria-producto\/conservas\/\" rel=\"noopener noreferrer nofollow\" target=\"_blank\">tuniaka v konzerve<\/a>, nev\u00e1hajte a prezrite si cel\u00fd n\u00e1\u0161 online katal\u00f3g, aby ste videli \u0161irok\u00fa ponuku <a href=\"https:\/\/latiendadesami.com\/categoria-producto\/conservas\/atun-y-bonito\/\" target=\"_blank\" rel=\"noopener noreferrer nofollow\">tuniakov<\/a>.<\/p>\n<p>Nap\u00ed\u0161te n\u00e1m o viac inform\u00e1ci\u00ed.<\/p>\n<p>&nbsp;<\/p>\n<\/div>\n","protected":false},"excerpt":{"rendered":"<p>Pobre\u017en\u00fd \u010derstv\u00fd tuniak Cusumano je biely tuniak uloven\u00fd po jednom kusoch v Kant\u00e1brijskom mori a spracovan\u00fd \u010cERSTV\u00dd. Toto jedlo m\u00e1 autentick\u00fa chu\u0165 a v\u00fdnimo\u010dn\u00fa \u0161trukt\u00faru. Kone\u010dne m\u00f4\u017eete ma\u0165 na stole tradi\u010dn\u00fa konzerv\u00e1ciu. Fresco de Costera. Ke\u010f\u017ee ide o sez\u00f3nny lov, ktor\u00fd trv\u00e1 od j\u00fana do okt\u00f3bra, spolo\u010dnos\u0165 Cusumano zaru\u010duje, \u017ee tento tuniak biely nepre\u0161iel od [&hellip;]<\/p>\n","protected":false},"featured_media":33746,"template":"","meta":{"_et_pb_use_builder":"","_et_pb_old_content":"","_et_gb_content_width":""},"product_brand":[1272],"product_cat":[4386,1979],"product_tag":[],"class_list":{"0":"post-45382","1":"product","2":"type-product","3":"status-publish","4":"has-post-thumbnail","6":"product_brand-cusumano","7":"product_cat-tuniak-a-bonito","8":"product_cat-zachovava-sk","10":"first","11":"outofstock","12":"taxable","13":"shipping-taxable","14":"purchasable","15":"product-type-simple"},"_links":{"self":[{"href":"https:\/\/myspainfood.com\/sk\/wp-json\/wp\/v2\/product\/45382","targetHints":{"allow":["GET"]}}],"collection":[{"href":"https:\/\/myspainfood.com\/sk\/wp-json\/wp\/v2\/product"}],"about":[{"href":"https:\/\/myspainfood.com\/sk\/wp-json\/wp\/v2\/types\/product"}],"wp:featuredmedia":[{"embeddable":true,"href":"https:\/\/myspainfood.com\/sk\/wp-json\/wp\/v2\/media\/33746"}],"wp:attachment":[{"href":"https:\/\/myspainfood.com\/sk\/wp-json\/wp\/v2\/media?parent=45382"}],"wp:term":[{"taxonomy":"product_brand","embeddable":true,"href":"https:\/\/myspainfood.com\/sk\/wp-json\/wp\/v2\/product_brand?post=45382"},{"taxonomy":"product_cat","embeddable":true,"href":"https:\/\/myspainfood.com\/sk\/wp-json\/wp\/v2\/product_cat?post=45382"},{"taxonomy":"product_tag","embeddable":true,"href":"https:\/\/myspainfood.com\/sk\/wp-json\/wp\/v2\/product_tag?post=45382"}],"curies":[{"name":"wp","href":"https:\/\/api.w.org\/{rel}","templated":true}]}}