{"id":45539,"date":"2025-04-10T12:10:50","date_gmt":"2025-04-10T10:10:50","guid":{"rendered":"https:\/\/myspainfood.com\/producto\/udena-sardel-a-duseny-articok-35-jednotiek\/"},"modified":"2025-06-24T13:16:42","modified_gmt":"2025-06-24T11:16:42","slug":"udena-sardel-a-duseny-articok-35-jednotiek","status":"publish","type":"product","link":"https:\/\/myspainfood.com\/sk\/producto\/udena-sardel-a-duseny-articok-35-jednotiek\/","title":{"rendered":"\u00daden\u00e1 sardel a dusen\u00fd arti\u010dok 35 jednotiek"},"content":{"rendered":"<p>Olej (85 % slne\u010dnicov\u00fd, 15 % olivov\u00fd), dusen\u00fd arti\u010dok, \u00faden\u00e9 sardely, olivy plnen\u00e9 sardelou a \u010derven\u00e1 paprika.<\/p>\n","protected":false},"excerpt":{"rendered":"<p>Olej (85 % slne\u010dnicov\u00fd, 15 % olivov\u00fd), dusen\u00fd arti\u010dok, \u00faden\u00e9 sardely, olivy plnen\u00e9 sardelou a \u010derven\u00e1 paprika.<\/p>\n","protected":false},"featured_media":45544,"template":"","meta":{"_et_pb_use_builder":"","_et_pb_old_content":"","_et_gb_content_width":""},"product_brand":[1277],"product_cat":[2807,1822,1730,1825,1820,1728],"product_tag":[],"class_list":{"0":"post-45539","1":"product","2":"type-product","3":"status-publish","4":"has-post-thumbnail","6":"product_brand-bokeo","7":"product_cat-ancovicky-sk-2","8":"product_cat-ancovicky","9":"product_cat-olivy","10":"product_cat-pintxos-sk","11":"product_cat-studena","12":"product_cat-uhorky","13":"product_shipping_class-zasielka-za-studena","15":"first","16":"outofstock","17":"taxable","18":"shipping-taxable","19":"purchasable","20":"product-type-simple"},"_links":{"self":[{"href":"https:\/\/myspainfood.com\/sk\/wp-json\/wp\/v2\/product\/45539","targetHints":{"allow":["GET"]}}],"collection":[{"href":"https:\/\/myspainfood.com\/sk\/wp-json\/wp\/v2\/product"}],"about":[{"href":"https:\/\/myspainfood.com\/sk\/wp-json\/wp\/v2\/types\/product"}],"wp:featuredmedia":[{"embeddable":true,"href":"https:\/\/myspainfood.com\/sk\/wp-json\/wp\/v2\/media\/45544"}],"wp:attachment":[{"href":"https:\/\/myspainfood.com\/sk\/wp-json\/wp\/v2\/media?parent=45539"}],"wp:term":[{"taxonomy":"product_brand","embeddable":true,"href":"https:\/\/myspainfood.com\/sk\/wp-json\/wp\/v2\/product_brand?post=45539"},{"taxonomy":"product_cat","embeddable":true,"href":"https:\/\/myspainfood.com\/sk\/wp-json\/wp\/v2\/product_cat?post=45539"},{"taxonomy":"product_tag","embeddable":true,"href":"https:\/\/myspainfood.com\/sk\/wp-json\/wp\/v2\/product_tag?post=45539"}],"curies":[{"name":"wp","href":"https:\/\/api.w.org\/{rel}","templated":true}]}}