{"id":45756,"date":"2025-04-10T12:11:14","date_gmt":"2025-04-10T10:11:14","guid":{"rendered":"https:\/\/myspainfood.com\/producto\/vermutovy-koktail-los-cantabros-025-lata-od-jairo-cuetao-flasovany-bodegas-igarmi\/"},"modified":"2026-01-29T12:55:27","modified_gmt":"2026-01-29T11:55:27","slug":"vermutovy-koktail-los-cantabros-025-lata-od-jairo-cuetao-flasovany-bodegas-igarmi","status":"publish","type":"product","link":"https:\/\/myspainfood.com\/sk\/producto\/vermutovy-koktail-los-cantabros-025-lata-od-jairo-cuetao-flasovany-bodegas-igarmi\/","title":{"rendered":"Vermutov\u00fd koktail los C\u00e1ntabros 0,25 Lata od Jairo Cuetao f\u013ea\u0161ovan\u00fd bodegas Igarmi"},"content":{"rendered":"<p>Verm\u00fa los C\u00e1ntabros je poctou v\u0161etk\u00fdm t\u00fdm mu\u017eom a \u017een\u00e1m, ktor\u00ed vedeli, ako zachova\u0165 a \u0161\u00edri\u0165 na\u0161u kult\u00faru.<\/p>\n<p>Aj na\u0161e korene a trad\u00edcie, sprev\u00e1dzan\u00e9 jarmokmi, festivalmi, hrami a gastron\u00f3miou, od mora a\u017e po hory na\u0161ej milovanej Kant\u00e1brie.<\/p>\n<p>Tento produkt pln\u00ed do flia\u0161 spolo\u010dnos\u0165 Bodegas Igarmi.  <\/p>\n<p>Bodegas Igarmi je s\u00fa\u010dasnos\u0165ou trad\u00edcie, ktor\u00e1 sa od roku 1890 vyzna\u010duje kvalitou a slu\u017ebami z\u00e1kazn\u00edkom.<\/p>\n<p>Rodinn\u00e1 firma, ktorej v\u00e1\u0161e\u0148 a oddanos\u0165 v\u00ednu umo\u017enili st\u00e1\u010da\u0165 a pred\u00e1va\u0165 v\u00edna s bezkonkuren\u010dn\u00fdm pomerom kvality a ceny, ktor\u00e9 s\u00fa na trhu a u spotrebite\u013eov vysoko cenen\u00e9.<\/p>\n<p>Bodegas Igarmi m\u00e1 v meste\u010dku Heras priestory s rozlohou 3 000 m\u00b2 a skladovacou kapacitou pribli\u017ene jeden mili\u00f3n litrov.<\/p>\n<p>Je to z\u00e1rove\u0148 najv\u00e4\u010d\u0161ie vin\u00e1rstvo v Kant\u00e1brii.<\/p>\n<p>Je to skvel\u00fd t\u00edm viac ako 30 \u013eud\u00ed, ktor\u00ed sa sna\u017eia poskytova\u0165 z\u00e1kazn\u00edkom tie najlep\u0161ie produkty a najlep\u0161ie slu\u017eby, ktor\u00fdmi sa vyzna\u010dujeme.<\/p>\n<p>Disponuj\u00fa vozov\u00fdm parkom s 20 vozidlami na rozvoz a distrib\u00faciu v\u00fdrobkov v celej Kant\u00e1brii a susedn\u00fdch obciach.<\/p>\n<p>Ak si chcete k\u00fapi\u0165 Vermouth Los C\u00e1ntabros 5 litrov Bag in Box alebo ak\u00fdko\u013evek in\u00fd druh n\u00e1poja, nev\u00e1hajte a pozrite si n\u00e1\u0161 online katal\u00f3g, v ktorom n\u00e1jdete \u0161irok\u00fa ponuku n\u00e1pojov.<\/p>\n<p>Nap\u00ed\u0161te n\u00e1m o viac inform\u00e1ci\u00ed.<\/p>\n","protected":false},"excerpt":{"rendered":"<p>Verm\u00fa los C\u00e1ntabros je poctou v\u0161etk\u00fdm t\u00fdm mu\u017eom a \u017een\u00e1m, ktor\u00ed vedeli, ako zachova\u0165 a \u0161\u00edri\u0165 na\u0161u kult\u00faru. Aj na\u0161e korene a trad\u00edcie, sprev\u00e1dzan\u00e9 jarmokmi, festivalmi, hrami a gastron\u00f3miou, od mora a\u017e po hory na\u0161ej milovanej Kant\u00e1brie. Tento produkt pln\u00ed do flia\u0161 spolo\u010dnos\u0165 Bodegas Igarmi. Bodegas Igarmi je s\u00fa\u010dasnos\u0165ou trad\u00edcie, ktor\u00e1 sa od roku 1890 [&hellip;]<\/p>\n","protected":false},"featured_media":45763,"template":"","meta":{"_et_pb_use_builder":"","_et_pb_old_content":"","_et_gb_content_width":""},"product_brand":[1244,1245],"product_cat":[4860,5781],"product_tag":[5782],"class_list":{"0":"post-45756","1":"product","2":"type-product","3":"status-publish","4":"has-post-thumbnail","6":"product_brand-igarmi","7":"product_brand-los-cantabros","8":"product_cat-napoje","9":"product_cat-vermut-sk","10":"product_tag-igarmi-sk","12":"first","13":"outofstock","14":"featured","15":"taxable","16":"shipping-taxable","17":"product-type-variable"},"_links":{"self":[{"href":"https:\/\/myspainfood.com\/sk\/wp-json\/wp\/v2\/product\/45756","targetHints":{"allow":["GET"]}}],"collection":[{"href":"https:\/\/myspainfood.com\/sk\/wp-json\/wp\/v2\/product"}],"about":[{"href":"https:\/\/myspainfood.com\/sk\/wp-json\/wp\/v2\/types\/product"}],"wp:featuredmedia":[{"embeddable":true,"href":"https:\/\/myspainfood.com\/sk\/wp-json\/wp\/v2\/media\/45763"}],"wp:attachment":[{"href":"https:\/\/myspainfood.com\/sk\/wp-json\/wp\/v2\/media?parent=45756"}],"wp:term":[{"taxonomy":"product_brand","embeddable":true,"href":"https:\/\/myspainfood.com\/sk\/wp-json\/wp\/v2\/product_brand?post=45756"},{"taxonomy":"product_cat","embeddable":true,"href":"https:\/\/myspainfood.com\/sk\/wp-json\/wp\/v2\/product_cat?post=45756"},{"taxonomy":"product_tag","embeddable":true,"href":"https:\/\/myspainfood.com\/sk\/wp-json\/wp\/v2\/product_tag?post=45756"}],"curies":[{"name":"wp","href":"https:\/\/api.w.org\/{rel}","templated":true}]}}