{"id":45863,"date":"2025-04-10T12:11:27","date_gmt":"2025-04-10T10:11:27","guid":{"rendered":"https:\/\/myspainfood.com\/producto\/sortiment-don-bosco-polvorones-700-gramov-la-ponderosa\/"},"modified":"2025-04-10T12:11:27","modified_gmt":"2025-04-10T10:11:27","slug":"sortiment-don-bosco-polvorones-700-gramov-la-ponderosa","status":"publish","type":"product","link":"https:\/\/myspainfood.com\/sk\/producto\/sortiment-don-bosco-polvorones-700-gramov-la-ponderosa\/","title":{"rendered":"Sortiment Don Bosco polvorones 700 gramov La Ponderosa"},"content":{"rendered":"<p>Popis<\/p>\n<p> V tomto mini vrec\u00fa\u0161ku so sortimentom 700 grs n\u00e1jdete tie najtradi\u010dnej\u0161ie viano\u010dn\u00e9 dobroty.  <\/p>\n","protected":false},"excerpt":{"rendered":"<p>Popis V tomto mini vrec\u00fa\u0161ku so sortimentom 700 grs n\u00e1jdete tie najtradi\u010dnej\u0161ie viano\u010dn\u00e9 dobroty.<\/p>\n","protected":false},"featured_media":45866,"template":"","meta":{"_et_pb_use_builder":"","_et_pb_old_content":"","_et_gb_content_width":""},"product_brand":[1417],"product_cat":[7709,1979],"product_tag":[],"class_list":{"0":"post-45863","1":"product","2":"type-product","3":"status-publish","4":"has-post-thumbnail","6":"product_brand-la-ponderosa","7":"product_cat-vianocny-special","8":"product_cat-zachovava-sk","10":"first","11":"outofstock","12":"taxable","13":"shipping-taxable","14":"product-type-variable"},"_links":{"self":[{"href":"https:\/\/myspainfood.com\/sk\/wp-json\/wp\/v2\/product\/45863","targetHints":{"allow":["GET"]}}],"collection":[{"href":"https:\/\/myspainfood.com\/sk\/wp-json\/wp\/v2\/product"}],"about":[{"href":"https:\/\/myspainfood.com\/sk\/wp-json\/wp\/v2\/types\/product"}],"wp:featuredmedia":[{"embeddable":true,"href":"https:\/\/myspainfood.com\/sk\/wp-json\/wp\/v2\/media\/45866"}],"wp:attachment":[{"href":"https:\/\/myspainfood.com\/sk\/wp-json\/wp\/v2\/media?parent=45863"}],"wp:term":[{"taxonomy":"product_brand","embeddable":true,"href":"https:\/\/myspainfood.com\/sk\/wp-json\/wp\/v2\/product_brand?post=45863"},{"taxonomy":"product_cat","embeddable":true,"href":"https:\/\/myspainfood.com\/sk\/wp-json\/wp\/v2\/product_cat?post=45863"},{"taxonomy":"product_tag","embeddable":true,"href":"https:\/\/myspainfood.com\/sk\/wp-json\/wp\/v2\/product_tag?post=45863"}],"curies":[{"name":"wp","href":"https:\/\/api.w.org\/{rel}","templated":true}]}}