{"id":45895,"date":"2025-04-10T12:11:27","date_gmt":"2025-04-10T10:11:27","guid":{"rendered":"https:\/\/myspainfood.com\/producto\/sortimentne-vrecko-400-gramov-la-ponderosa\/"},"modified":"2025-04-10T12:11:27","modified_gmt":"2025-04-10T10:11:27","slug":"sortimentne-vrecko-400-gramov-la-ponderosa","status":"publish","type":"product","link":"https:\/\/myspainfood.com\/sk\/producto\/sortimentne-vrecko-400-gramov-la-ponderosa\/","title":{"rendered":"Sortimentn\u00e9 vrecko 400 gramov La Ponderosa"},"content":{"rendered":"<p>Popis<\/p>\n<p>V tomto sortimente minis\u00e1\u010dkov 400 grs n\u00e1jdete najtradi\u010dnej\u0161ie viano\u010dn\u00e9 v\u00fdrobky. V jednom v\u00fdrobku n\u00e1jdete v\u00fdber: <\/p>\n<p>- V\u00edno a mand\u013eov\u00e9 \u0161i\u0161ky. Mini verzia na\u0161ej vynikaj\u00facej v\u00ednnej \u0161i\u0161ky. Okr\u00fahly tvar s otvorom v strede, vyroben\u00e9 zo sladk\u00e9ho v\u00edna, mandl\u00ed, sezamov\u00fdch semienok a pr\u00e1\u0161kov\u00e9ho cukru.  <\/p>\n<p>- Polvoroncitos de almendra. Ak\u00e9 by to boli Vianoce bez tradi\u010dn\u00fdch polvoronones? Hoci s\u00fa na\u0161e polvoroncitos men\u0161ie ako tie p\u00f4vodn\u00e9, zachov\u00e1vaj\u00fa si charakteristick\u00fa mand\u013eov\u00fa chu\u0165.  <\/p>\n<p>- \u0160koricov\u00fd chleb\u00edk. Kr\u00e1\u013e Vianoc spolu s polvor\u00f3nom. Mini verzia n\u00e1\u0161ho mantecado sa vyr\u00e1ba z rovnak\u00fdch ingredienci\u00ed: masla, m\u00faky, mlet\u00fdch mandl\u00ed, sezamov\u00fdch semienok a \u0161korice.  <\/p>\n<p>Zlo\u017eky<\/p>\n<p>Mini \u0161koricov\u00e9 maslo: p\u0161eni\u010dn\u00e1 m\u00faka, cukor, ibersk\u00e1 mas\u0165 (antioxidant: E-320), \u0161korica (1%) a sezamov\u00e9 semienka. M\u00f4\u017ee obsahova\u0165 stopy orechov, ara\u0161idov a siri\u010ditanov. <\/p>\n<p>Mini mand\u013eov\u00fd polvor\u00f3n: P\u0161eni\u010dn\u00e1 m\u00faka, cukor, ibersk\u00e1 mas\u0165 (antioxidant: E-320), mandle (8 %), \u0161korica, klin\u010deky a citr\u00f3nov\u00e1 ar\u00f3ma. M\u00f4\u017ee obsahova\u0165 stopy ara\u0161idov, sezamu a siri\u010ditanov. <\/p>\n<p>Mini \u0161i\u0161ka s v\u00ednom a mand\u013eami: P\u0161eni\u010dn\u00e1 m\u00faka, ibersk\u00e1 mas\u0165 (antioxidant: E-320), cukor, v\u00edno (obsahuje siri\u010ditany) (12 %), mandle (5 %), an\u00edz, \u0161korica, sezamov\u00e9 semienka, an\u00edzov\u00e1 ar\u00f3ma a citr\u00f3nov\u00e1 ar\u00f3ma. M\u00f4\u017ee obsahova\u0165 stopy ara\u0161idov. <\/p>\n<p>Alerg\u00e9ny<\/p>\n<p>Obsahuje lepok, orechy, sezam a siri\u010ditany. M\u00f4\u017ee obsahova\u0165 stopy ara\u0161idov. <\/p>\n","protected":false},"excerpt":{"rendered":"<p>Popis V tomto sortimente minis\u00e1\u010dkov 400 grs n\u00e1jdete najtradi\u010dnej\u0161ie viano\u010dn\u00e9 v\u00fdrobky. V jednom v\u00fdrobku n\u00e1jdete v\u00fdber: - V\u00edno a mand\u013eov\u00e9 \u0161i\u0161ky. Mini verzia na\u0161ej vynikaj\u00facej v\u00ednnej \u0161i\u0161ky. Okr\u00fahly tvar s otvorom v strede, vyroben\u00e9 zo sladk\u00e9ho v\u00edna, mandl\u00ed, sezamov\u00fdch semienok a pr\u00e1\u0161kov\u00e9ho cukru. - Polvoroncitos de almendra. Ak\u00e9 by to boli Vianoce bez tradi\u010dn\u00fdch polvoronones? [&hellip;]<\/p>\n","protected":false},"featured_media":45901,"template":"","meta":{"_et_pb_use_builder":"","_et_pb_old_content":"","_et_gb_content_width":""},"product_brand":[1417],"product_cat":[7709,1979],"product_tag":[],"class_list":{"0":"post-45895","1":"product","2":"type-product","3":"status-publish","4":"has-post-thumbnail","6":"product_brand-la-ponderosa","7":"product_cat-vianocny-special","8":"product_cat-zachovava-sk","10":"first","11":"outofstock","12":"taxable","13":"shipping-taxable","14":"product-type-variable"},"_links":{"self":[{"href":"https:\/\/myspainfood.com\/sk\/wp-json\/wp\/v2\/product\/45895","targetHints":{"allow":["GET"]}}],"collection":[{"href":"https:\/\/myspainfood.com\/sk\/wp-json\/wp\/v2\/product"}],"about":[{"href":"https:\/\/myspainfood.com\/sk\/wp-json\/wp\/v2\/types\/product"}],"wp:featuredmedia":[{"embeddable":true,"href":"https:\/\/myspainfood.com\/sk\/wp-json\/wp\/v2\/media\/45901"}],"wp:attachment":[{"href":"https:\/\/myspainfood.com\/sk\/wp-json\/wp\/v2\/media?parent=45895"}],"wp:term":[{"taxonomy":"product_brand","embeddable":true,"href":"https:\/\/myspainfood.com\/sk\/wp-json\/wp\/v2\/product_brand?post=45895"},{"taxonomy":"product_cat","embeddable":true,"href":"https:\/\/myspainfood.com\/sk\/wp-json\/wp\/v2\/product_cat?post=45895"},{"taxonomy":"product_tag","embeddable":true,"href":"https:\/\/myspainfood.com\/sk\/wp-json\/wp\/v2\/product_tag?post=45895"}],"curies":[{"name":"wp","href":"https:\/\/api.w.org\/{rel}","templated":true}]}}