{"id":45903,"date":"2025-04-10T12:11:27","date_gmt":"2025-04-10T10:11:27","guid":{"rendered":"https:\/\/myspainfood.com\/producto\/domaci-chlieb-500-gramov-vrecko-la-ponderosa\/"},"modified":"2025-04-10T12:11:27","modified_gmt":"2025-04-10T10:11:27","slug":"domaci-chlieb-500-gramov-vrecko-la-ponderosa","status":"publish","type":"product","link":"https:\/\/myspainfood.com\/sk\/producto\/domaci-chlieb-500-gramov-vrecko-la-ponderosa\/","title":{"rendered":"Dom\u00e1ci chlieb 500 gramov vrecko La Ponderosa"},"content":{"rendered":"<p>\u010cokol\u00e1da, citr\u00f3n, \u0161korica&#8230; Na trhu je ve\u013ea pr\u00edchut\u00ed mantecados, ale ak s\u00fa nejak\u00e9, ktor\u00e9 nesm\u00fa ch\u00fdba\u0165 na viano\u010dnom stole, tak s\u00fa to dom\u00e1ce mantecados. Zmes kvality, ke\u010f\u017ee na\u0161e dom\u00e1ce mantecados sa vyr\u00e1baj\u00fa z najlep\u0161\u00edch surov\u00edn, s remeselnou zru\u010dnos\u0165ou, trad\u00edciou v\u00fdrobku, ktor\u00fd sa v na\u0161ej krajine pred\u00e1va u\u017e roky, z neho rob\u00ed jeden z najpred\u00e1vanej\u0161\u00edch v\u00fdrobkov medzi na\u0161imi z\u00e1kazn\u00edkmi. <\/p>\n<p>Zlo\u017eenie:<\/p>\n<p>P\u0161eni\u010dn\u00e1 m\u00faka, cukor, ibersk\u00e1 mas\u0165 (antioxidant: E-320), \u0161korica a sezamov\u00e9 semienka. M\u00f4\u017ee obsahova\u0165 stopy orechov, ara\u0161idov a siri\u010ditanov. <\/p>\n<p>Alerg\u00e9ny<\/p>\n<p>Obsahuje lepok a sezam. M\u00f4\u017ee obsahova\u0165 stopy orechov, ara\u0161idov a siri\u010ditanov. <\/p>\n","protected":false},"excerpt":{"rendered":"<p>\u010cokol\u00e1da, citr\u00f3n, \u0161korica&#8230; Na trhu je ve\u013ea pr\u00edchut\u00ed mantecados, ale ak s\u00fa nejak\u00e9, ktor\u00e9 nesm\u00fa ch\u00fdba\u0165 na viano\u010dnom stole, tak s\u00fa to dom\u00e1ce mantecados. Zmes kvality, ke\u010f\u017ee na\u0161e dom\u00e1ce mantecados sa vyr\u00e1baj\u00fa z najlep\u0161\u00edch surov\u00edn, s remeselnou zru\u010dnos\u0165ou, trad\u00edciou v\u00fdrobku, ktor\u00fd sa v na\u0161ej krajine pred\u00e1va u\u017e roky, z neho rob\u00ed jeden z najpred\u00e1vanej\u0161\u00edch v\u00fdrobkov [&hellip;]<\/p>\n","protected":false},"featured_media":45908,"template":"","meta":{"_et_pb_use_builder":"","_et_pb_old_content":"","_et_gb_content_width":""},"product_brand":[1417],"product_cat":[7709,1979],"product_tag":[],"class_list":{"0":"post-45903","1":"product","2":"type-product","3":"status-publish","4":"has-post-thumbnail","6":"product_brand-la-ponderosa","7":"product_cat-vianocny-special","8":"product_cat-zachovava-sk","10":"first","11":"outofstock","12":"taxable","13":"shipping-taxable","14":"product-type-variable"},"_links":{"self":[{"href":"https:\/\/myspainfood.com\/sk\/wp-json\/wp\/v2\/product\/45903","targetHints":{"allow":["GET"]}}],"collection":[{"href":"https:\/\/myspainfood.com\/sk\/wp-json\/wp\/v2\/product"}],"about":[{"href":"https:\/\/myspainfood.com\/sk\/wp-json\/wp\/v2\/types\/product"}],"wp:featuredmedia":[{"embeddable":true,"href":"https:\/\/myspainfood.com\/sk\/wp-json\/wp\/v2\/media\/45908"}],"wp:attachment":[{"href":"https:\/\/myspainfood.com\/sk\/wp-json\/wp\/v2\/media?parent=45903"}],"wp:term":[{"taxonomy":"product_brand","embeddable":true,"href":"https:\/\/myspainfood.com\/sk\/wp-json\/wp\/v2\/product_brand?post=45903"},{"taxonomy":"product_cat","embeddable":true,"href":"https:\/\/myspainfood.com\/sk\/wp-json\/wp\/v2\/product_cat?post=45903"},{"taxonomy":"product_tag","embeddable":true,"href":"https:\/\/myspainfood.com\/sk\/wp-json\/wp\/v2\/product_tag?post=45903"}],"curies":[{"name":"wp","href":"https:\/\/api.w.org\/{rel}","templated":true}]}}