{"id":46134,"date":"2025-04-10T12:11:42","date_gmt":"2025-04-10T10:11:42","guid":{"rendered":"https:\/\/myspainfood.com\/producto\/nabeel-nafisah-sweets-sladka-damasska-baklava-syria-150-g\/"},"modified":"2025-04-10T12:11:42","modified_gmt":"2025-04-10T10:11:42","slug":"nabeel-nafisah-sweets-sladka-damasska-baklava-syria-150-g","status":"publish","type":"product","link":"https:\/\/myspainfood.com\/sk\/producto\/nabeel-nafisah-sweets-sladka-damasska-baklava-syria-150-g\/","title":{"rendered":"Nabeel Nafisah Sweets Sladk\u00e1 dama\u0161sk\u00e1 baklava S\u00fdria 150 g"},"content":{"rendered":"","protected":false},"excerpt":{"rendered":"<p>Baklava, vrstven\u00e9 filo cesto plnen\u00e9 nasekan\u00fdmi orechmi a poliate gh\u00ed a cukrov\u00fdm sirupom. Je to chrumkav\u00e1 sladkos\u0165, najob\u013e\u00fabenej\u0161ia medzi arabsk\u00fdm a stredomorsk\u00fdm obyvate\u013estvom. Je to kombin\u00e1cia r\u00f4znych druhov Baklavy usporiadan\u00fdch a usporiadan\u00fdch v \u0161peci\u00e1lnom orient\u00e1lnom dizajne.  <\/p>\n","protected":false},"featured_media":46145,"template":"","meta":{"_et_pb_use_builder":"","_et_pb_old_content":"","_et_gb_content_width":""},"product_brand":[1453],"product_cat":[7709,1979],"product_tag":[],"class_list":{"0":"post-46134","1":"product","2":"type-product","3":"status-publish","4":"has-post-thumbnail","6":"product_brand-nabeel-nafisah","7":"product_cat-vianocny-special","8":"product_cat-zachovava-sk","10":"first","11":"outofstock","12":"taxable","13":"shipping-taxable","14":"purchasable","15":"product-type-simple"},"_links":{"self":[{"href":"https:\/\/myspainfood.com\/sk\/wp-json\/wp\/v2\/product\/46134","targetHints":{"allow":["GET"]}}],"collection":[{"href":"https:\/\/myspainfood.com\/sk\/wp-json\/wp\/v2\/product"}],"about":[{"href":"https:\/\/myspainfood.com\/sk\/wp-json\/wp\/v2\/types\/product"}],"wp:featuredmedia":[{"embeddable":true,"href":"https:\/\/myspainfood.com\/sk\/wp-json\/wp\/v2\/media\/46145"}],"wp:attachment":[{"href":"https:\/\/myspainfood.com\/sk\/wp-json\/wp\/v2\/media?parent=46134"}],"wp:term":[{"taxonomy":"product_brand","embeddable":true,"href":"https:\/\/myspainfood.com\/sk\/wp-json\/wp\/v2\/product_brand?post=46134"},{"taxonomy":"product_cat","embeddable":true,"href":"https:\/\/myspainfood.com\/sk\/wp-json\/wp\/v2\/product_cat?post=46134"},{"taxonomy":"product_tag","embeddable":true,"href":"https:\/\/myspainfood.com\/sk\/wp-json\/wp\/v2\/product_tag?post=46134"}],"curies":[{"name":"wp","href":"https:\/\/api.w.org\/{rel}","templated":true}]}}