{"id":46417,"date":"2025-04-10T12:07:16","date_gmt":"2025-04-10T10:07:16","guid":{"rendered":"https:\/\/myspainfood.com\/producto\/najskor-miesane-vajicka-s-hubami\/"},"modified":"2025-04-10T12:07:16","modified_gmt":"2025-04-10T10:07:16","slug":"najskor-miesane-vajicka-s-hubami","status":"publish","type":"product","link":"https:\/\/myspainfood.com\/sk\/producto\/najskor-miesane-vajicka-s-hubami\/","title":{"rendered":"Najsk\u00f4r mie\u0161an\u00e9 vaj\u00ed\u010dka s hubami"},"content":{"rendered":"<p>Hr\u00edbov\u00e9 mie\u0161an\u00e9 vaj\u00ed\u010dka s\u00fa <a href=\"https:\/\/twitter.com\/mca_spain\" target=\"_blank\" rel=\"noopener noreferrer nofollow\">produktom spolo\u010dnosti MCA \u0160panielsko<\/a>.<\/p>\n<p>Jeho hlavnou zlo\u017ekou s\u00fa pr\u00edrodn\u00e9 huby najvy\u0161\u0161ej kvality.<\/p>\n<p>Po otvoren\u00ed uchov\u00e1vajte v chladni\u010dke a spotrebujte najlep\u0161ie do 5 dn\u00ed.<\/p>\n<p>La Viuda de Mateo je jednou z obchodn\u00fdch zna\u010diek, pod ktor\u00fdmi skupina MCA Spain vstupuje na trh.<\/p>\n<p>Za vznikom spolo\u010dnosti MCA Spain stoja sk\u00fasenosti Carlosa Ripu, jej s\u00fa\u010dasn\u00e9ho gener\u00e1lneho riadite\u013ea, ktor\u00fd desa\u0165 rokov pracoval v rodinnom podniku spojenom s maloobchodn\u00fdm predajom potrav\u00edn.<\/p>\n<p>V polovici 80. rokov minul\u00e9ho storo\u010dia v\u0161ak Ripa spustil svoj vlastn\u00fd projekt v rodnom meste (Mendavia, Navarra): spolo\u010dnos\u0165 MCA Spain, ktor\u00e1 sa zaober\u00e1 konzervovan\u00edm.<\/p>\n<p>T\u00e1to spolo\u010dnos\u0165 sa umiestnila v prvej div\u00edzii \u0161panielskeho agropotravin\u00e1rskeho sektora, a to v oblasti zeleninov\u00fdch a ryb\u00edch konzerv.<\/p>\n<p>Ve\u013ekolep\u00fd v\u00fdvoj, ktor\u00fd by nebol mo\u017en\u00fd bez prvotriedneho t\u00edmu a nad\u0161enia pre slu\u017eby z\u00e1kazn\u00edkom.<\/p>\n<p>Ak si chcete k\u00fapi\u0165 Revuelto de setas al natural primera alebo ak\u00fdko\u013evek in\u00fd druh <a href=\"https:\/\/latiendadesami.com\/categoria-producto\/conservas\/\" rel=\"noopener noreferrer nofollow\" target=\"_blank\">konzervy<\/a>, nev\u00e1hajte si pozrie\u0165 n\u00e1\u0161 online katal\u00f3g.<\/p>\n<p>M\u00e1me najvy\u0161\u0161iu kvalitu za najlep\u0161iu cenu.<\/p>\n<p>Nap\u00ed\u0161te n\u00e1m pre viac inform\u00e1ci\u00ed alebo ak m\u00e1te ak\u00e9ko\u013evek ot\u00e1zky t\u00fdkaj\u00face sa tohto alebo in\u00e9ho v\u00fdrobku z n\u00e1\u0161ho katal\u00f3gu.<\/p>\n","protected":false},"excerpt":{"rendered":"<p>Mie\u0161an\u00e9 huby v pr\u00edrodnej om\u00e1\u010dke Primera<\/p>\n","protected":false},"featured_media":46427,"template":"","meta":{"_et_pb_use_builder":"","_et_pb_old_content":"","_et_gb_content_width":""},"product_brand":[1129],"product_cat":[1979,3719],"product_tag":[],"class_list":{"0":"post-46417","1":"product","2":"type-product","3":"status-publish","4":"has-post-thumbnail","6":"product_brand-mateo","7":"product_cat-zachovava-sk","8":"product_cat-zelenina","10":"first","11":"instock","12":"taxable","13":"shipping-taxable","14":"purchasable","15":"product-type-variable"},"_links":{"self":[{"href":"https:\/\/myspainfood.com\/sk\/wp-json\/wp\/v2\/product\/46417","targetHints":{"allow":["GET"]}}],"collection":[{"href":"https:\/\/myspainfood.com\/sk\/wp-json\/wp\/v2\/product"}],"about":[{"href":"https:\/\/myspainfood.com\/sk\/wp-json\/wp\/v2\/types\/product"}],"wp:featuredmedia":[{"embeddable":true,"href":"https:\/\/myspainfood.com\/sk\/wp-json\/wp\/v2\/media\/46427"}],"wp:attachment":[{"href":"https:\/\/myspainfood.com\/sk\/wp-json\/wp\/v2\/media?parent=46417"}],"wp:term":[{"taxonomy":"product_brand","embeddable":true,"href":"https:\/\/myspainfood.com\/sk\/wp-json\/wp\/v2\/product_brand?post=46417"},{"taxonomy":"product_cat","embeddable":true,"href":"https:\/\/myspainfood.com\/sk\/wp-json\/wp\/v2\/product_cat?post=46417"},{"taxonomy":"product_tag","embeddable":true,"href":"https:\/\/myspainfood.com\/sk\/wp-json\/wp\/v2\/product_tag?post=46417"}],"curies":[{"name":"wp","href":"https:\/\/api.w.org\/{rel}","templated":true}]}}