{"id":46507,"date":"2025-04-10T12:07:16","date_gmt":"2025-04-10T10:07:16","guid":{"rendered":"https:\/\/myspainfood.com\/producto\/kvetinovy-med-1-kg-la-celda-real\/"},"modified":"2026-04-02T16:49:11","modified_gmt":"2026-04-02T14:49:11","slug":"kvetinovy-med-1-kg-la-celda-real","status":"publish","type":"product","link":"https:\/\/myspainfood.com\/sk\/producto\/kvetinovy-med-1-kg-la-celda-real\/","title":{"rendered":"Kvetinov\u00fd med 1 kg La Celda Real"},"content":{"rendered":"<p style=\"text-align: left\">Miel de Flores 1 kg je produkt vyr\u00e1ban\u00fd v\u010faka rozsiahlym zariadeniam vybaven\u00fdm automatizovan\u00fdmi <a href=\"https:\/\/es.wikipedia.org\/wiki\/Miel\" target=\"_blank\" rel=\"noopener noreferrer nofollow\">v\u00fdrobn\u00fdmi<\/a> linkami a integrovan\u00fdm syst\u00e9mom kvality.<\/p>\n<p style=\"text-align: left\">Po zbere sk\u00fasen\u00fdmi v\u010del\u00e1rmi sa v\u00fdrobok bal\u00ed sp\u00f4sobom, ktor\u00fd zabezpe\u010duje maxim\u00e1lne zachovanie jeho pr\u00edrodn\u00fdch vlastnost\u00ed.<\/p>\n<p style=\"text-align: left\">Tento v\u00fdrobok sa vyv\u00edja v\u010faka sk\u00fasenostiam, vedomostiam a nad\u0161eniu v\u0161etk\u00fdch, ktor\u00ed ho tvoria, s vyv\u00e1\u017een\u00fdm z\u00e1v\u00e4zkom k najlep\u0161ej trad\u00edcii, zachov\u00e1van\u00edm dobrej pr\u00e1ce z minul\u00fdch rokov a v\u00fdrobn\u00fdmi procesmi, ktor\u00e9 zabezpe\u010duj\u00fa <strong>kvalitu kone\u010dn\u00e9ho v\u00fdrobku.<\/strong><\/p>\n<p style=\"text-align: left\">Med je kompletn\u00e1 potrava, ktor\u00fa v\u010dely vyr\u00e1baj\u00fa z nekt\u00e1ru, ktor\u00fd z\u00edskavaj\u00fa z kvetov.<\/p>\n<p style=\"text-align: left\">Je to zlatist\u00e1, visk\u00f3zna, sladk\u00e1 a chutn\u00e1 tekutina, ktor\u00fa si v\u010dely nech\u00e1vaj\u00fa na k\u0155menie po\u010das letnej sez\u00f3ny.<\/p>\n<p style=\"text-align: left\">M\u00e1 mnoho v\u00fdhod, ako napr\u00edklad:<\/p>\n<ul style=\"text-align: left\">\n<li>Je to n\u00e1hrada cukru. Pr\u00edrodn\u00fd a chutn\u00fd. <\/li>\n<li>Posil\u0148uje va\u0161u obranyschopnos\u0165. Chr\u00e1ni v\u00e1s organicky. <\/li>\n<li>Zabra\u0148uje infekci\u00e1m. Star\u00e1 sa o va\u0161e zdravie. <\/li>\n<li>Dod\u00e1va v\u00e1m to energiu navy\u0161e na dennej b\u00e1ze.<\/li>\n<li>  Pom\u00e1ha podporova\u0165 tr\u00e1venie<\/li>\n<\/ul>\n<p style=\"text-align: left\">Ak si chcete k\u00fapi\u0165 Miel de Flores 1 kg alebo ak\u00fdko\u013evek in\u00fd druh <a href=\"https:\/\/latiendadesami.com\/categoria-producto\/conservas\/\" rel=\"noopener noreferrer nofollow\" target=\"_blank\">konzervy<\/a>, nev\u00e1hajte a pozrite si n\u00e1\u0161 online katal\u00f3g, aby ste videli \u0161irok\u00fa ponuku.<\/p>\n<p style=\"text-align: left\">Nap\u00ed\u0161te n\u00e1m o viac inform\u00e1ci\u00ed.<\/p>\n","protected":false},"excerpt":{"rendered":"<p>Kvetinov\u00fd med 1 kg<\/p>\n","protected":false},"featured_media":46520,"template":"","meta":{"_et_pb_use_builder":"","_et_pb_old_content":"","_et_gb_content_width":""},"product_brand":[1210],"product_cat":[2870,1979],"product_tag":[],"class_list":{"0":"post-46507","1":"product","2":"type-product","3":"status-publish","4":"has-post-thumbnail","6":"product_brand-la-celda-real","7":"product_cat-med-sk","8":"product_cat-zachovava-sk","10":"first","11":"instock","12":"taxable","13":"shipping-taxable","14":"purchasable","15":"product-type-variable"},"_links":{"self":[{"href":"https:\/\/myspainfood.com\/sk\/wp-json\/wp\/v2\/product\/46507","targetHints":{"allow":["GET"]}}],"collection":[{"href":"https:\/\/myspainfood.com\/sk\/wp-json\/wp\/v2\/product"}],"about":[{"href":"https:\/\/myspainfood.com\/sk\/wp-json\/wp\/v2\/types\/product"}],"wp:featuredmedia":[{"embeddable":true,"href":"https:\/\/myspainfood.com\/sk\/wp-json\/wp\/v2\/media\/46520"}],"wp:attachment":[{"href":"https:\/\/myspainfood.com\/sk\/wp-json\/wp\/v2\/media?parent=46507"}],"wp:term":[{"taxonomy":"product_brand","embeddable":true,"href":"https:\/\/myspainfood.com\/sk\/wp-json\/wp\/v2\/product_brand?post=46507"},{"taxonomy":"product_cat","embeddable":true,"href":"https:\/\/myspainfood.com\/sk\/wp-json\/wp\/v2\/product_cat?post=46507"},{"taxonomy":"product_tag","embeddable":true,"href":"https:\/\/myspainfood.com\/sk\/wp-json\/wp\/v2\/product_tag?post=46507"}],"curies":[{"name":"wp","href":"https:\/\/api.w.org\/{rel}","templated":true}]}}