{"id":46561,"date":"2025-04-10T12:07:40","date_gmt":"2025-04-10T10:07:40","guid":{"rendered":"https:\/\/myspainfood.com\/producto\/miesany-syr-las-gavillas-cca-800-g\/"},"modified":"2025-06-24T14:11:03","modified_gmt":"2025-06-24T12:11:03","slug":"miesany-syr-las-gavillas-cca-800-g","status":"publish","type":"product","link":"https:\/\/myspainfood.com\/sk\/producto\/miesany-syr-las-gavillas-cca-800-g\/","title":{"rendered":"Mie\u0161an\u00fd syr Las Gavillas cca 800 g"},"content":{"rendered":"<p>Syr zo surov\u00e9ho kravsk\u00e9ho, kozieho a ov\u010dieho mlieka<\/p>\n<p> Pribli\u017en\u00e1 hmotnos\u0165 800 gr.<\/p>\n","protected":false},"excerpt":{"rendered":"<p>Syr zo surov\u00e9ho kravsk\u00e9ho, kozieho a ov\u010dieho mlieka Pribli\u017en\u00e1 hmotnos\u0165 800 gr.<\/p>\n","protected":false},"featured_media":46562,"template":"","meta":{"_et_pb_use_builder":"","_et_pb_old_content":"","_et_gb_content_width":""},"product_brand":[1247],"product_cat":[1820,2264],"product_tag":[],"class_list":{"0":"post-46561","1":"product","2":"type-product","3":"status-publish","4":"has-post-thumbnail","6":"product_brand-gavillas","7":"product_cat-studena","8":"product_cat-syr-a-klobasa","9":"product_shipping_class-zasielka-za-studena","11":"first","12":"outofstock","13":"featured","14":"taxable","15":"shipping-taxable","16":"purchasable","17":"product-type-simple"},"_links":{"self":[{"href":"https:\/\/myspainfood.com\/sk\/wp-json\/wp\/v2\/product\/46561","targetHints":{"allow":["GET"]}}],"collection":[{"href":"https:\/\/myspainfood.com\/sk\/wp-json\/wp\/v2\/product"}],"about":[{"href":"https:\/\/myspainfood.com\/sk\/wp-json\/wp\/v2\/types\/product"}],"wp:featuredmedia":[{"embeddable":true,"href":"https:\/\/myspainfood.com\/sk\/wp-json\/wp\/v2\/media\/46562"}],"wp:attachment":[{"href":"https:\/\/myspainfood.com\/sk\/wp-json\/wp\/v2\/media?parent=46561"}],"wp:term":[{"taxonomy":"product_brand","embeddable":true,"href":"https:\/\/myspainfood.com\/sk\/wp-json\/wp\/v2\/product_brand?post=46561"},{"taxonomy":"product_cat","embeddable":true,"href":"https:\/\/myspainfood.com\/sk\/wp-json\/wp\/v2\/product_cat?post=46561"},{"taxonomy":"product_tag","embeddable":true,"href":"https:\/\/myspainfood.com\/sk\/wp-json\/wp\/v2\/product_tag?post=46561"}],"curies":[{"name":"wp","href":"https:\/\/api.w.org\/{rel}","templated":true}]}}