{"id":47969,"date":"2025-04-10T12:06:14","date_gmt":"2025-04-10T10:06:14","guid":{"rendered":"https:\/\/myspainfood.com\/producto\/ancovicky-chop-chop-2-kg\/"},"modified":"2025-06-24T16:17:06","modified_gmt":"2025-06-24T14:17:06","slug":"ancovicky-chop-chop-2-kg","status":"publish","type":"product","link":"https:\/\/myspainfood.com\/sk\/producto\/ancovicky-chop-chop-2-kg\/","title":{"rendered":"An\u010dovi\u010dky Chop &amp; Chop 2 kg"},"content":{"rendered":"<p>Boquer\u00f3n Picar&amp;Picar 2 kg GOLD SERIES s\u00fa sardely s cesnakom a petr\u017elenovou v\u0148a\u0165ou GOLD SERIES.<\/p>\n<p>Je to vynikaj\u00faca a ve\u013emi ve\u013ek\u00e1 ryba, ktor\u00e1 sa pod\u00e1va v 200-gramovom balen\u00ed.<\/p>\n<p>Tento <a href=\"https:\/\/picaripicar.com\/presentacion\/\" target=\"_blank\" rel=\"noopener noreferrer nofollow\">v\u00fdrobok<\/a> je konzervovan\u00fd v slne\u010dnicovom oleji, octe a cesnaku.<\/p>\n<p>Z\u00e1sobn\u00edk by sa mal udr\u017eiava\u0165 pri teplote od 0 do 4 \u00b0C.<\/p>\n<p>Na pr\u00edpravu sa pou\u017e\u00edvaj\u00fa o\u010disten\u00e9 chrbty sardely, ktor\u00e9 maj\u00fa spo\u010diatku hnedast\u00e9 m\u00e4so.<\/p>\n<p>Zv\u00fdraznia sa strieborn\u00e9 odlesky ich vonkaj\u0161ej ko\u017ee a ponoria sa do misky (sklenenej, nikdy nie kovovej, preto\u017ee by ju napadla kyselina octov\u00e1 v octe) so so\u013eou, vodou a octom na 3 hodiny do vody a pribli\u017ene 6 hod\u00edn do octu na chladnom mieste.<\/p>\n<p>Chrbty sardel\u00ed, ktor\u00e9 boli predt\u00fdm hned\u00e9, po p\u00f4soben\u00ed octu zbelej\u00fa.<\/p>\n<p>Po sceden\u00ed tekutiny ju ozdobte ve\u013ek\u00fdm mno\u017estvom nasekan\u00e9ho cesnaku, olivov\u00e9ho oleja a petr\u017elenovej v\u0148ate.<\/p>\n<p>Toto jedlo sa zvy\u010dajne konzumuje studen\u00e9 s pivom (v\u00edno sa neodpor\u00fa\u010da, preto\u017ee pr\u00edjem octu sa s v\u00ednom zle zn\u00e1\u0161a).<\/p>\n<p>V \u0160panielsku je to ve\u013emi typick\u00fd aperit\u00edv, najm\u00e4 v teplej\u0161\u00edch mesiacoch.<\/p>\n<p>V \u0160panielsku je typick\u00e9 vidie\u0165 ich na podnosoch na pultoch mnoh\u00fdch barov a re\u0161taur\u00e1ci\u00ed.<\/p>\n<p>Porcia sa \u010dasto zdob\u00ed uhorkami: kaparami alebo olivami a pod\u00e1va sa so zemiakov\u00fdmi lupienkami na ve\u013ekom tanieri.<\/p>\n<p>V \u0160panielsku sa tento v\u00fdrobok pred\u00e1va vo ve\u013ek\u00fdch supermarketoch v plastov\u00fdch tub\u00e1ch r\u00f4znych ve\u013ekost\u00ed, do ktor\u00fdch sa prid\u00e1va len cesnak a petr\u017elenov\u00e1 v\u0148a\u0165.<\/p>\n<h2>Boquer\u00f3n Picar&amp;Picar 2 kg GOLD SERIES<\/h2>\n<p>Ak si chcete k\u00fapi\u0165 Boquer\u00f3n Picar&amp;Picar 2 kg SERIE ORO alebo ak\u00fdko\u013evek in\u00fd druh <a href=\"https:\/\/latiendadesami.com\/categoria-producto\/frio\/\" rel=\"noopener noreferrer nofollow\" target=\"_blank\">studenej stravy<\/a>, nev\u00e1hajte a pozrite si n\u00e1\u0161 online katal\u00f3g.<\/p>\n<p>M\u00e1me najvy\u0161\u0161iu kvalitu za najlep\u0161iu cenu.<\/p>\n<p>Nap\u00ed\u0161te n\u00e1m, ak chcete z\u00edska\u0165 viac inform\u00e1ci\u00ed alebo m\u00e1te ak\u00e9ko\u013evek ot\u00e1zky t\u00fdkaj\u00face sa tohto alebo in\u00e9ho produktu.<\/p>\n","protected":false},"excerpt":{"rendered":"<p>Boquer\u00f3n Picar&amp;Picar 2 kg GOLD SERIES s\u00fa sardely s cesnakom a petr\u017elenovou v\u0148a\u0165ou GOLD SERIES. Je to vynikaj\u00faca a ve\u013emi ve\u013ek\u00e1 ryba, ktor\u00e1 sa pod\u00e1va v 200-gramovom balen\u00ed. Tento v\u00fdrobok je konzervovan\u00fd v slne\u010dnicovom oleji, octe a cesnaku. Z\u00e1sobn\u00edk by sa mal udr\u017eiava\u0165 pri teplote od 0 do 4 \u00b0C. Na pr\u00edpravu sa pou\u017e\u00edvaj\u00fa o\u010disten\u00e9 [&hellip;]<\/p>\n","protected":false},"featured_media":47975,"template":"","meta":{"_et_pb_use_builder":"","_et_pb_old_content":"","_et_gb_content_width":""},"product_brand":[1127],"product_cat":[1905,1820],"product_tag":[],"class_list":{"0":"post-47969","1":"product","2":"type-product","3":"status-publish","4":"has-post-thumbnail","6":"product_brand-picarpicar","7":"product_cat-ancovicky-sk","8":"product_cat-studena","9":"product_shipping_class-zasielka-za-studena","11":"first","12":"instock","13":"taxable","14":"shipping-taxable","15":"purchasable","16":"product-type-variable"},"_links":{"self":[{"href":"https:\/\/myspainfood.com\/sk\/wp-json\/wp\/v2\/product\/47969","targetHints":{"allow":["GET"]}}],"collection":[{"href":"https:\/\/myspainfood.com\/sk\/wp-json\/wp\/v2\/product"}],"about":[{"href":"https:\/\/myspainfood.com\/sk\/wp-json\/wp\/v2\/types\/product"}],"wp:featuredmedia":[{"embeddable":true,"href":"https:\/\/myspainfood.com\/sk\/wp-json\/wp\/v2\/media\/47975"}],"wp:attachment":[{"href":"https:\/\/myspainfood.com\/sk\/wp-json\/wp\/v2\/media?parent=47969"}],"wp:term":[{"taxonomy":"product_brand","embeddable":true,"href":"https:\/\/myspainfood.com\/sk\/wp-json\/wp\/v2\/product_brand?post=47969"},{"taxonomy":"product_cat","embeddable":true,"href":"https:\/\/myspainfood.com\/sk\/wp-json\/wp\/v2\/product_cat?post=47969"},{"taxonomy":"product_tag","embeddable":true,"href":"https:\/\/myspainfood.com\/sk\/wp-json\/wp\/v2\/product_tag?post=47969"}],"curies":[{"name":"wp","href":"https:\/\/api.w.org\/{rel}","templated":true}]}}