{"id":48079,"date":"2025-04-10T12:09:50","date_gmt":"2025-04-10T10:09:50","guid":{"rendered":"https:\/\/myspainfood.com\/producto\/paprikovy-salat-s-tuniakom-alsur-120-jednotiek\/"},"modified":"2025-04-10T12:09:50","modified_gmt":"2025-04-10T10:09:50","slug":"paprikovy-salat-s-tuniakom-alsur-120-jednotiek","status":"publish","type":"product","link":"https:\/\/myspainfood.com\/sk\/producto\/paprikovy-salat-s-tuniakom-alsur-120-jednotiek\/","title":{"rendered":"Paprikov\u00fd \u0161al\u00e1t s tuniakom Alsur 120 jednotiek"},"content":{"rendered":"<p>\u00daspech paprikov\u00e9ho \u0161al\u00e1tu <a href=\"https:\/\/www.alsurvegetales.com\/producto\/id\/26\/ensalada-de-pimiento-asado-con-atun\" target=\"_blank\" rel=\"noopener noreferrer nofollow\">Alsur<\/a> s tuniakom spo\u010d\u00edva v jeho premenlivej farbe od bledo\u010dervenej po tmavo\u010derven\u00fa, v jeho chuti a jemnej \u0161trukt\u00fare.<\/p>\n<p>Tieto pe\u010den\u00e9 papriky spolu s cibu\u013eou tvoria chutn\u00fd pokrm, ktor\u00fd sa ve\u013emi \u013eahko pripravuje.<\/p>\n<p>Sklenen\u00e1 n\u00e1doba v\u00e1\u017ei 340 gramov.<\/p>\n<p>Skladujte na chladnom a suchom mieste. Po otvoren\u00ed skladujte v chladni\u010dke a spotrebujte do 7 dn\u00ed. <\/p>\n<p>Zlo\u017eenie: (5 %), ocot, so\u013e a kyselina citr\u00f3nov\u00e1: paprika piquillo, cibu\u013ea, voda, cukor, tuniak (5 %).<\/p>\n<p>Alsur je rodinn\u00fd podnik, ktor\u00e9ho hlavn\u00fdm hrdinom je podstata jedla.<\/p>\n<h4>Hlavn\u00e9 v\u00fdhody konzervovan\u00fdch potrav\u00edn<\/h4>\n<ol>\n<li>Zachov\u00e1vaj\u00fa v\u0161etky v\u00fd\u017eivov\u00e9 vlastnosti samotnej potraviny. Potraviny si zachov\u00e1vaj\u00fa svoju \u010derstvos\u0165. <\/li>\n<li>Pou\u017eit\u00e9 potraviny s\u00fa zdrav\u00e9, a preto vhodn\u00e9 pre optim\u00e1lnu stravu v\u010faka vysok\u00e9mu obsahu vitam\u00ednov a bielkov\u00edn.<\/li>\n<li>Tieto v\u00fdrobky maj\u00fa dlh\u0161iu \u017eivotnos\u0165 (zvy\u010dajne 2-5 rokov).<\/li>\n<li>Konzervy sa ve\u013emi \u013eahko skladuj\u00fa, preto\u017ee ich balenie sa \u013eahko aplikuje.<\/li>\n<\/ol>\n<p>Ak si chcete k\u00fapi\u0165 paprikov\u00fd \u0161al\u00e1t s tuniakom alebo ak\u00fdko\u013evek in\u00fd druh <a href=\"https:\/\/latiendadesami.com\/categoria-producto\/conservas\/\" rel=\"noopener noreferrer nofollow\" target=\"_blank\">konzervy<\/a>, nev\u00e1hajte a pozrite si n\u00e1\u0161 online katal\u00f3g, v ktorom n\u00e1jdete \u0161irok\u00fa ponuku <a href=\"https:\/\/latiendadesami.com\/categoria-producto\/conservas\/atun-y-bonito\/\" target=\"_blank\" rel=\"noopener noreferrer nofollow\">tuniakov<\/a>.<\/p>\n<p>Nap\u00ed\u0161te n\u00e1m o viac inform\u00e1ci\u00ed.<\/p>\n","protected":false},"excerpt":{"rendered":"<p>\u00daspech paprikov\u00e9ho \u0161al\u00e1tu Alsur s tuniakom spo\u010d\u00edva v jeho premenlivej farbe od bledo\u010dervenej po tmavo\u010derven\u00fa, v jeho chuti a jemnej \u0161trukt\u00fare. Tieto pe\u010den\u00e9 papriky spolu s cibu\u013eou tvoria chutn\u00fd pokrm, ktor\u00fd sa ve\u013emi \u013eahko pripravuje. Sklenen\u00e1 n\u00e1doba v\u00e1\u017ei 340 gramov. Skladujte na chladnom a suchom mieste. Po otvoren\u00ed skladujte v chladni\u010dke a spotrebujte do 7 [&hellip;]<\/p>\n","protected":false},"featured_media":48080,"template":"","meta":{"_et_pb_use_builder":"","_et_pb_old_content":"","_et_gb_content_width":""},"product_brand":[1196],"product_cat":[2331,4386,2872,1979],"product_tag":[],"class_list":{"0":"post-48079","1":"product","2":"type-product","3":"status-publish","4":"has-post-thumbnail","6":"product_brand-alsur","7":"product_cat-papriky","8":"product_cat-tuniak-a-bonito","9":"product_cat-velkoobchod","10":"product_cat-zachovava-sk","12":"first","13":"outofstock","14":"taxable","15":"shipping-taxable","16":"purchasable","17":"product-type-simple"},"_links":{"self":[{"href":"https:\/\/myspainfood.com\/sk\/wp-json\/wp\/v2\/product\/48079","targetHints":{"allow":["GET"]}}],"collection":[{"href":"https:\/\/myspainfood.com\/sk\/wp-json\/wp\/v2\/product"}],"about":[{"href":"https:\/\/myspainfood.com\/sk\/wp-json\/wp\/v2\/types\/product"}],"wp:featuredmedia":[{"embeddable":true,"href":"https:\/\/myspainfood.com\/sk\/wp-json\/wp\/v2\/media\/48080"}],"wp:attachment":[{"href":"https:\/\/myspainfood.com\/sk\/wp-json\/wp\/v2\/media?parent=48079"}],"wp:term":[{"taxonomy":"product_brand","embeddable":true,"href":"https:\/\/myspainfood.com\/sk\/wp-json\/wp\/v2\/product_brand?post=48079"},{"taxonomy":"product_cat","embeddable":true,"href":"https:\/\/myspainfood.com\/sk\/wp-json\/wp\/v2\/product_cat?post=48079"},{"taxonomy":"product_tag","embeddable":true,"href":"https:\/\/myspainfood.com\/sk\/wp-json\/wp\/v2\/product_tag?post=48079"}],"curies":[{"name":"wp","href":"https:\/\/api.w.org\/{rel}","templated":true}]}}