{"id":48191,"date":"2025-04-10T12:06:46","date_gmt":"2025-04-10T10:06:46","guid":{"rendered":"https:\/\/myspainfood.com\/producto\/spargla-d-o-navarra-5-plodov-cambra\/"},"modified":"2025-04-10T12:06:46","modified_gmt":"2025-04-10T10:06:46","slug":"spargla-d-o-navarra-5-plodov-cambra","status":"publish","type":"product","link":"https:\/\/myspainfood.com\/sk\/producto\/spargla-d-o-navarra-5-plodov-cambra\/","title":{"rendered":"\u0160parg\u013ea D. O. Navarra 5 plodov Cambra"},"content":{"rendered":"<p>\u0160parg\u013ea <strong>D.O. Navarra<\/strong> v sklenenom balen\u00ed 5 plodov extra.<\/p>\n<p> Autentick\u00e1 \u0161parg\u013ea z Navarry s ve\u013emi ve\u013ekou ve\u013ekos\u0165ou. <strong>Extra kvalita<\/strong>.<\/p>\n","protected":false},"excerpt":{"rendered":"<p>\u0160parg\u013ea D.O. Navarra v sklenenom balen\u00ed 5 plodov extra. Autentick\u00e1 \u0161parg\u013ea z Navarry s ve\u013emi ve\u013ekou ve\u013ekos\u0165ou. Extra kvalita.<\/p>\n","protected":false},"featured_media":48197,"template":"","meta":{"_et_pb_use_builder":"","_et_pb_old_content":"","_et_gb_content_width":""},"product_brand":[1129],"product_cat":[6321,1979],"product_tag":[9851],"class_list":{"0":"post-48191","1":"product","2":"type-product","3":"status-publish","4":"has-post-thumbnail","6":"product_brand-mateo","7":"product_cat-spargla","8":"product_cat-zachovava-sk","9":"product_tag-navarra-sk","11":"first","12":"outofstock","13":"taxable","14":"shipping-taxable","15":"product-type-variable"},"_links":{"self":[{"href":"https:\/\/myspainfood.com\/sk\/wp-json\/wp\/v2\/product\/48191","targetHints":{"allow":["GET"]}}],"collection":[{"href":"https:\/\/myspainfood.com\/sk\/wp-json\/wp\/v2\/product"}],"about":[{"href":"https:\/\/myspainfood.com\/sk\/wp-json\/wp\/v2\/types\/product"}],"wp:featuredmedia":[{"embeddable":true,"href":"https:\/\/myspainfood.com\/sk\/wp-json\/wp\/v2\/media\/48197"}],"wp:attachment":[{"href":"https:\/\/myspainfood.com\/sk\/wp-json\/wp\/v2\/media?parent=48191"}],"wp:term":[{"taxonomy":"product_brand","embeddable":true,"href":"https:\/\/myspainfood.com\/sk\/wp-json\/wp\/v2\/product_brand?post=48191"},{"taxonomy":"product_cat","embeddable":true,"href":"https:\/\/myspainfood.com\/sk\/wp-json\/wp\/v2\/product_cat?post=48191"},{"taxonomy":"product_tag","embeddable":true,"href":"https:\/\/myspainfood.com\/sk\/wp-json\/wp\/v2\/product_tag?post=48191"}],"curies":[{"name":"wp","href":"https:\/\/api.w.org\/{rel}","templated":true}]}}