{"id":48457,"date":"2025-04-10T12:09:50","date_gmt":"2025-04-10T10:09:50","guid":{"rendered":"https:\/\/myspainfood.com\/producto\/kusky-baklazanu-la-encajera-almagro-700-gramov-120-kusov\/"},"modified":"2025-04-10T12:09:50","modified_gmt":"2025-04-10T10:09:50","slug":"kusky-baklazanu-la-encajera-almagro-700-gramov-120-kusov","status":"publish","type":"product","link":"https:\/\/myspainfood.com\/sk\/producto\/kusky-baklazanu-la-encajera-almagro-700-gramov-120-kusov\/","title":{"rendered":"K\u00fasky bakla\u017e\u00e1nu la Encajera almagro 700 gramov 120 kusov"},"content":{"rendered":"<p>Nakr\u00e1jan\u00fd bakla\u017e\u00e1n je hlavnou zlo\u017ekou \u0161al\u00e1tov <a href=\"https:\/\/www.laencajera.es\/berenjenas-de-almagro\" target=\"_blank\" rel=\"noopener noreferrer nofollow\">Almagro<\/a>. C\u00ed\u0165te tradi\u010dn\u00fa chu\u0165 v ka\u017edom s\u00faste. <\/p>\n<p>Zvy\u010dajne sa pod\u00e1va ako predjedlo alebo sa kombinuje s jedlami na ly\u017ei\u010dk\u00e1ch. Nakr\u00e1jan\u00e9 bakla\u017e\u00e1ny poch\u00e1dzaj\u00fa z Kast\u00edlie la Mancha v \u0160panielsku. <\/p>\n<p>Zlo\u017eenie: Voda, so\u013e, ocot z alkoholu, kyselina citr\u00f3nov\u00e1 (E-330), chlorid v\u00e1penat\u00fd (E-509), metabisulfit sodn\u00fd, rasca, paprika, pr\u00edrodn\u00fd fenikel, kyselina mlie\u010dna (E-270).<\/p>\n<p>Podmienky ochrany:<\/p>\n<p>Uchov\u00e1vajte na chladnom a suchom mieste pri teplote od 3 do 10 \u00b0C. Chr\u00e1\u0148te pred slne\u010dn\u00fdm \u017eiaren\u00edm a siln\u00fdmi pachmi. <\/p>\n<p>Po otvoren\u00ed uchov\u00e1vajte v chlade a spotrebujte do 30 dn\u00ed.<\/p>\n<p>Ak si chcete k\u00fapi\u0165 olivy alebo in\u00fd druh <a href=\"https:\/\/latiendadesami.com\/categoria-producto\/encurtidos\/\" rel=\"noopener noreferrer nofollow\" target=\"_blank\">uhoriek<\/a>, nev\u00e1hajte a pozrite si n\u00e1\u0161 online katal\u00f3g, v ktorom n\u00e1jdete \u0161irok\u00fa ponuku <a href=\"https:\/\/latiendadesami.com\/categoria-producto\/encurtidos\/berenjenas\/\" target=\"_blank\" rel=\"noopener noreferrer nofollow\">bakla\u017e\u00e1nov<\/a>.<\/p>\n<p>Zna\u010dka La Encajonera je rodinn\u00fd podnik zalo\u017een\u00fd v roku 1990, ktor\u00fd sa nach\u00e1dza v srdci La Mancha, v meste\u010dku ALMAGRO v provincii Ciudad Real.<\/p>\n<p>V\u00fdrobn\u00fd proces jej produktov sa za\u010d\u00edna v tej istej oblasti pestovania, kde sa vyber\u00e1 najkvalitnej\u0161\u00ed produkt.<\/p>\n<p>Tov\u00e1re\u0148 je vybaven\u00e1 najmodernej\u0161ou technol\u00f3giou, pri\u010dom zachov\u00e1va trad\u00edciu a know-how svojich remeseln\u00edkov.<\/p>\n","protected":false},"excerpt":{"rendered":"<p>Hlavn\u00e1 zlo\u017eka \u0161al\u00e1tov Almagro. C\u00ed\u0165te tradi\u010dn\u00fa chu\u0165 v ka\u017edom s\u00faste. Zvy\u010dajne sa pod\u00e1va ako predjedlo alebo v kombin\u00e1cii s jedlami s ly\u017ei\u010dkou.  <\/p>\n","protected":false},"featured_media":22999,"template":"","meta":{"_et_pb_use_builder":"","_et_pb_old_content":"","_et_gb_content_width":""},"product_brand":[1057],"product_cat":[2140,1728,2872],"product_tag":[4141],"class_list":{"0":"post-48457","1":"product","2":"type-product","3":"status-publish","4":"has-post-thumbnail","6":"product_brand-la-encajera","7":"product_cat-baklazany-sk","8":"product_cat-uhorky","9":"product_cat-velkoobchod","10":"product_tag-nakrajane","12":"first","13":"outofstock","14":"taxable","15":"shipping-taxable","16":"purchasable","17":"product-type-simple"},"_links":{"self":[{"href":"https:\/\/myspainfood.com\/sk\/wp-json\/wp\/v2\/product\/48457","targetHints":{"allow":["GET"]}}],"collection":[{"href":"https:\/\/myspainfood.com\/sk\/wp-json\/wp\/v2\/product"}],"about":[{"href":"https:\/\/myspainfood.com\/sk\/wp-json\/wp\/v2\/types\/product"}],"wp:featuredmedia":[{"embeddable":true,"href":"https:\/\/myspainfood.com\/sk\/wp-json\/wp\/v2\/media\/22999"}],"wp:attachment":[{"href":"https:\/\/myspainfood.com\/sk\/wp-json\/wp\/v2\/media?parent=48457"}],"wp:term":[{"taxonomy":"product_brand","embeddable":true,"href":"https:\/\/myspainfood.com\/sk\/wp-json\/wp\/v2\/product_brand?post=48457"},{"taxonomy":"product_cat","embeddable":true,"href":"https:\/\/myspainfood.com\/sk\/wp-json\/wp\/v2\/product_cat?post=48457"},{"taxonomy":"product_tag","embeddable":true,"href":"https:\/\/myspainfood.com\/sk\/wp-json\/wp\/v2\/product_tag?post=48457"}],"curies":[{"name":"wp","href":"https:\/\/api.w.org\/{rel}","templated":true}]}}