{"id":48497,"date":"2025-04-10T12:09:51","date_gmt":"2025-04-10T10:09:51","guid":{"rendered":"https:\/\/myspainfood.com\/producto\/60-ks-cruceiro-de-ferreiros-albarino\/"},"modified":"2025-04-10T12:09:51","modified_gmt":"2025-04-10T10:09:51","slug":"60-ks-cruceiro-de-ferreiros-albarino","status":"publish","type":"product","link":"https:\/\/myspainfood.com\/sk\/producto\/60-ks-cruceiro-de-ferreiros-albarino\/","title":{"rendered":"60 ks. Cruceiro de Ferreiros Albari\u00f1o"},"content":{"rendered":"<p>Toto klasick\u00e9 gal\u00edcijsk\u00e9 v\u00edno je \u010dist\u00e9 a svetl\u00e9 s takmer zelenou farbou. Na kvetinovom pozad\u00ed s n\u00e1znakom minerality sa rozlieha v\u00f4\u0148a grapefruitu. M\u00e1 telo, dobr\u00fa \u0161trukt\u00faru a siln\u00fd z\u00e1ver, skvel\u00e9 v\u00edno k \u013eahk\u00fdm ryb\u00edm pokrmom alebo \u010derstv\u00fdm syrom.  <\/p>\n<div>v\u00edno vyroben\u00e9 z hrozna Albari\u00f1o, Godello a Loureiro, z\u00edskalo strieborn\u00fa medailu na International Wine Awards 2017 v kateg\u00f3rii bielych v\u00edn.<\/div>\n<p>N\u00e1zov\/oblas\u0165: Ixp Do Mi\u00f1o<\/p>\n","protected":false},"excerpt":{"rendered":"<p>Toto klasick\u00e9 gal\u00edcijsk\u00e9 v\u00edno je \u010dist\u00e9 a svetl\u00e9 s takmer zelenou farbou. Na kvetinovom pozad\u00ed s n\u00e1znakom minerality sa rozlieha v\u00f4\u0148a grapefruitu. M\u00e1 telo, dobr\u00fa \u0161trukt\u00faru a siln\u00fd z\u00e1ver, skvel\u00e9 v\u00edno k \u013eahk\u00fdm ryb\u00edm pokrmom alebo \u010derstv\u00fdm syrom. v\u00edno vyroben\u00e9 z hrozna Albari\u00f1o, Godello a Loureiro, z\u00edskalo strieborn\u00fa medailu na International Wine Awards 2017 v [&hellip;]<\/p>\n","protected":false},"featured_media":31370,"template":"","meta":{"_et_pb_use_builder":"","_et_pb_old_content":"","_et_gb_content_width":""},"product_brand":[1302],"product_cat":[4860,2872,4863],"product_tag":[7008],"class_list":{"0":"post-48497","1":"product","2":"type-product","3":"status-publish","4":"has-post-thumbnail","6":"product_brand-galiciano","7":"product_cat-napoje","8":"product_cat-velkoobchod","9":"product_cat-vino-sk","10":"product_tag-albarino-sk","12":"first","13":"outofstock","14":"taxable","15":"shipping-taxable","16":"purchasable","17":"product-type-simple"},"_links":{"self":[{"href":"https:\/\/myspainfood.com\/sk\/wp-json\/wp\/v2\/product\/48497","targetHints":{"allow":["GET"]}}],"collection":[{"href":"https:\/\/myspainfood.com\/sk\/wp-json\/wp\/v2\/product"}],"about":[{"href":"https:\/\/myspainfood.com\/sk\/wp-json\/wp\/v2\/types\/product"}],"wp:featuredmedia":[{"embeddable":true,"href":"https:\/\/myspainfood.com\/sk\/wp-json\/wp\/v2\/media\/31370"}],"wp:attachment":[{"href":"https:\/\/myspainfood.com\/sk\/wp-json\/wp\/v2\/media?parent=48497"}],"wp:term":[{"taxonomy":"product_brand","embeddable":true,"href":"https:\/\/myspainfood.com\/sk\/wp-json\/wp\/v2\/product_brand?post=48497"},{"taxonomy":"product_cat","embeddable":true,"href":"https:\/\/myspainfood.com\/sk\/wp-json\/wp\/v2\/product_cat?post=48497"},{"taxonomy":"product_tag","embeddable":true,"href":"https:\/\/myspainfood.com\/sk\/wp-json\/wp\/v2\/product_tag?post=48497"}],"curies":[{"name":"wp","href":"https:\/\/api.w.org\/{rel}","templated":true}]}}