{"id":48528,"date":"2025-04-10T12:10:00","date_gmt":"2025-04-10T10:10:00","guid":{"rendered":"https:\/\/myspainfood.com\/producto\/alino-de-mi-pueblo-chicon-olivy-900-gramov-balenie-6-kusov\/"},"modified":"2025-04-10T12:10:00","modified_gmt":"2025-04-10T10:10:00","slug":"alino-de-mi-pueblo-chicon-olivy-900-gramov-balenie-6-kusov","status":"publish","type":"product","link":"https:\/\/myspainfood.com\/sk\/producto\/alino-de-mi-pueblo-chicon-olivy-900-gramov-balenie-6-kusov\/","title":{"rendered":"Ali\u00f1o de mi pueblo Chic\u00f3n olivy 900 gramov balenie 6 kusov"},"content":{"rendered":"<p><strong>Olivy<\/strong> &#8222;Ali\u00f1o de mi Pueblo&#8220; manzanilla <strong>dressed<\/strong> s\u00fa <a href=\"https:\/\/aceitunaschiconlebron.com\/catalogo-productos\/comprar-aceitunas\/deshuesadas\/\" target=\"_blank\" rel=\"noopener noreferrer nofollow\">olivy bez k\u00f4stok<\/a> ochuten\u00e9 najlep\u0161\u00edmi ingredienciami pod\u013ea tradi\u010dn\u00e9ho receptu.<\/p>\n<p>Pou\u017eitie pr\u00edrodn\u00e9ho korenia a kontrola teploty s\u00fa tajomstvom, v\u010faka ktor\u00e9mu sa dosahuje osobitn\u00e1 chu\u0165 t\u00fdchto ol\u00edv.<\/p>\n<p>Olivy Ali\u00f1o de mi pueblo s\u00fa m\u00e4kk\u00e9 a \u0161\u0165avnat\u00e1 du\u017eina im dod\u00e1va nezamenite\u013en\u00fa chu\u0165.<\/p>\n<p>Dom\u00e1ce <a href=\"https:\/\/latiendadesami.com\/categoria-producto\/encurtidos\/\" target=\"_blank\" rel=\"noopener noreferrer nofollow\">nakladan\u00e9<\/a> olivy, ktor\u00e9 sa nam\u00e1\u010daj\u00fa do slan\u00e9ho n\u00e1levu a upravuj\u00fa, aby sa zn\u00ed\u017eila ich kyslos\u0165, s\u00fa be\u017en\u00fdm javom na mnoh\u00fdch teras\u00e1ch a v re\u0161taur\u00e1ci\u00e1ch.<\/p>\n<h3>V\u00fdhody ol\u00edv Ali\u00f1o de mi Pueblo<\/h3>\n<p>Vedeli ste, \u017ee tieto <strong>olivy<\/strong> maj\u00fa viacero v\u00fdhod? S\u00fa ve\u013emi \u00fa\u010dinn\u00e9 pri prevencii srdcov\u00fdch a obehov\u00fdch ochoren\u00ed vo v\u0161eobecnosti. <\/p>\n<p>Je to sp\u00f4soben\u00e9 vysok\u00fdm obsahom nenas\u00fdten\u00fdch tukov. Okrem toho je to potravina, ktor\u00e1 obsahuje ve\u013ea \u017eeleza a vl\u00e1kniny a je ve\u013emi s\u00fdta, \u010do z nej rob\u00ed ide\u00e1lnu desiatu. <\/p>\n<p>Ak si chcete k\u00fapi\u0165 olivy alebo in\u00fd druh <a href=\"https:\/\/latiendadesami.com\/categoria-producto\/encurtidos\/\" rel=\"noopener noreferrer nofollow\" target=\"_blank\">uhoriek<\/a>, nev\u00e1hajte a pozrite si n\u00e1\u0161 online katal\u00f3g, v ktorom n\u00e1jdete \u0161irok\u00fa ponuku <a href=\"https:\/\/latiendadesami.com\/categoria-producto\/encurtidos\/aceitunas\/\" target=\"_blank\" rel=\"noopener noreferrer nofollow\">ol\u00edv<\/a>.<\/p>\n","protected":false},"excerpt":{"rendered":"<p>Olivy &#8222;Ali\u00f1o de mi Pueblo&#8220; manzanilla dressed s\u00fa olivy bez k\u00f4stok ochuten\u00e9 najlep\u0161\u00edmi ingredienciami pod\u013ea tradi\u010dn\u00e9ho receptu. Pou\u017eitie pr\u00edrodn\u00e9ho korenia a kontrola teploty s\u00fa tajomstvom, v\u010faka ktor\u00e9mu sa dosahuje osobitn\u00e1 chu\u0165 t\u00fdchto ol\u00edv. Olivy Ali\u00f1o de mi pueblo s\u00fa m\u00e4kk\u00e9 a \u0161\u0165avnat\u00e1 du\u017eina im dod\u00e1va nezamenite\u013en\u00fa chu\u0165. Dom\u00e1ce nakladan\u00e9 olivy, ktor\u00e9 sa nam\u00e1\u010daj\u00fa do slan\u00e9ho [&hellip;]<\/p>\n","protected":false},"featured_media":48534,"template":"","meta":{"_et_pb_use_builder":"","_et_pb_old_content":"","_et_gb_content_width":""},"product_brand":[1036],"product_cat":[3094,2872],"product_tag":[9863],"class_list":{"0":"post-48528","1":"product","2":"type-product","3":"status-publish","4":"has-post-thumbnail","6":"product_brand-chicon","7":"product_cat-uhorky-sk-2","8":"product_cat-velkoobchod","9":"product_tag-dedina","11":"first","12":"instock","13":"taxable","14":"shipping-taxable","15":"purchasable","16":"product-type-variable"},"_links":{"self":[{"href":"https:\/\/myspainfood.com\/sk\/wp-json\/wp\/v2\/product\/48528","targetHints":{"allow":["GET"]}}],"collection":[{"href":"https:\/\/myspainfood.com\/sk\/wp-json\/wp\/v2\/product"}],"about":[{"href":"https:\/\/myspainfood.com\/sk\/wp-json\/wp\/v2\/types\/product"}],"wp:featuredmedia":[{"embeddable":true,"href":"https:\/\/myspainfood.com\/sk\/wp-json\/wp\/v2\/media\/48534"}],"wp:attachment":[{"href":"https:\/\/myspainfood.com\/sk\/wp-json\/wp\/v2\/media?parent=48528"}],"wp:term":[{"taxonomy":"product_brand","embeddable":true,"href":"https:\/\/myspainfood.com\/sk\/wp-json\/wp\/v2\/product_brand?post=48528"},{"taxonomy":"product_cat","embeddable":true,"href":"https:\/\/myspainfood.com\/sk\/wp-json\/wp\/v2\/product_cat?post=48528"},{"taxonomy":"product_tag","embeddable":true,"href":"https:\/\/myspainfood.com\/sk\/wp-json\/wp\/v2\/product_tag?post=48528"}],"curies":[{"name":"wp","href":"https:\/\/api.w.org\/{rel}","templated":true}]}}