{"id":49250,"date":"2025-04-10T12:07:46","date_gmt":"2025-04-10T10:07:46","guid":{"rendered":"https:\/\/myspainfood.com\/producto\/manzanilla-4-kg-kalibru-180-200\/"},"modified":"2025-04-10T12:07:46","modified_gmt":"2025-04-10T10:07:46","slug":"manzanilla-4-kg-kalibru-180-200","status":"publish","type":"product","link":"https:\/\/myspainfood.com\/sk\/producto\/manzanilla-4-kg-kalibru-180-200\/","title":{"rendered":"Manzanilla 4 kg kalibru 180\/200"},"content":{"rendered":"<p>Olivy Manzanilla 180\/200 kalibru 4 kg si zachov\u00e1vaj\u00fa svoj <a href=\"https:\/\/www.google.com\/search?q=aceituna+manzanilla+calibre&amp;tbm=isch&amp;ved=2ahUKEwjzs-WOhPD1AhWHh1wKHXXjAgAQ2-cCegQIABAA&amp;oq=aceituna+manzanilla+calibre&amp;gs_lcp=CgNpbWcQA1CzBli4GGC8GWgAcAB4AIABbYgBzQySAQQxNy4ymAEAoAEBqgELZ3dzLXdpei1pbWfAAQE&amp;sclient=img&amp;ei=6FcCYvOfBoeP8gL1xgs&amp;bih=780&amp;biw=1577\" target=\"_blank\" rel=\"noopener noreferrer nofollow\">p\u00f4vodn\u00fd<\/a> tvar a k\u00f4stku vo vn\u00fatri plodu.<\/p>\n<p>R\u00f4zne odrody olivovn\u00edka (Olea europaea) s\u00fa zn\u00e1me ako kamilky.<\/p>\n<p>Tento n\u00e1zov sa d\u00e1va aj plodom alebo oliv\u00e1m, ktor\u00e9 produkuj\u00fa.<\/p>\n<p>Hlavn\u00e9 odrody s\u00fa manzanilla sevillana, manzanilla cacere\u00f1a a manzanilla alore\u00f1a.<\/p>\n<p>Tieto cel\u00e9 olivy sa odpor\u00fa\u010da skladova\u0165 na chladnom a suchom mieste, mimo dosahu slne\u010dn\u00e9ho svetla.<\/p>\n<h3>V\u00fdhody harman\u010deka 180\/200 kalibru 4kg<\/h3>\n<p>Vedeli ste, \u017ee tieto olivy maj\u00fa viacero v\u00fdhod? S\u00fa ve\u013emi \u00fa\u010dinn\u00e9 pri prevencii srdcov\u00fdch a obehov\u00fdch ochoren\u00ed vo v\u0161eobecnosti. <\/p>\n<p>Je to sp\u00f4soben\u00e9 vysok\u00fdm obsahom nenas\u00fdten\u00fdch tukov. Okrem toho je to potravina, ktor\u00e1 obsahuje ve\u013ea \u017eeleza a vl\u00e1kniny a je ve\u013emi s\u00fdta, \u010do z nej rob\u00ed ide\u00e1lnu desiatu. <\/p>\n<p>Ak si chcete k\u00fapi\u0165 olivy alebo in\u00fd druh <a href=\"https:\/\/latiendadesami.com\/categoria-producto\/encurtidos\/\" rel=\"noopener noreferrer nofollow\" target=\"_blank\">uhoriek<\/a>, nev\u00e1hajte a pozrite si n\u00e1\u0161 online katal\u00f3g, v ktorom n\u00e1jdete \u0161irok\u00fa ponuku <a href=\"https:\/\/latiendadesami.com\/categoria-producto\/encurtidos\/aceitunas\/\" target=\"_blank\" rel=\"noopener noreferrer nofollow\">ol\u00edv<\/a>.<\/p>\n","protected":false},"excerpt":{"rendered":"<p>Olivy Manzanilla 180\/200 kalibru 4 kg si zachov\u00e1vaj\u00fa svoj p\u00f4vodn\u00fd tvar a k\u00f4stku vo vn\u00fatri plodu. R\u00f4zne odrody olivovn\u00edka (Olea europaea) s\u00fa zn\u00e1me ako kamilky. Tento n\u00e1zov sa d\u00e1va aj plodom alebo oliv\u00e1m, ktor\u00e9 produkuj\u00fa. Hlavn\u00e9 odrody s\u00fa manzanilla sevillana, manzanilla cacere\u00f1a a manzanilla alore\u00f1a. Tieto cel\u00e9 olivy sa odpor\u00fa\u010da skladova\u0165 na chladnom a suchom [&hellip;]<\/p>\n","protected":false},"featured_media":49257,"template":"","meta":{"_et_pb_use_builder":"","_et_pb_old_content":"","_et_gb_content_width":""},"product_brand":[1069],"product_cat":[1730,1728],"product_tag":[2054],"class_list":{"0":"post-49250","1":"product","2":"type-product","3":"status-publish","4":"has-post-thumbnail","6":"product_brand-sangar","7":"product_cat-olivy","8":"product_cat-uhorky","9":"product_tag-harmancek","11":"first","12":"outofstock","13":"taxable","14":"shipping-taxable","15":"purchasable","16":"product-type-simple"},"_links":{"self":[{"href":"https:\/\/myspainfood.com\/sk\/wp-json\/wp\/v2\/product\/49250","targetHints":{"allow":["GET"]}}],"collection":[{"href":"https:\/\/myspainfood.com\/sk\/wp-json\/wp\/v2\/product"}],"about":[{"href":"https:\/\/myspainfood.com\/sk\/wp-json\/wp\/v2\/types\/product"}],"wp:featuredmedia":[{"embeddable":true,"href":"https:\/\/myspainfood.com\/sk\/wp-json\/wp\/v2\/media\/49257"}],"wp:attachment":[{"href":"https:\/\/myspainfood.com\/sk\/wp-json\/wp\/v2\/media?parent=49250"}],"wp:term":[{"taxonomy":"product_brand","embeddable":true,"href":"https:\/\/myspainfood.com\/sk\/wp-json\/wp\/v2\/product_brand?post=49250"},{"taxonomy":"product_cat","embeddable":true,"href":"https:\/\/myspainfood.com\/sk\/wp-json\/wp\/v2\/product_cat?post=49250"},{"taxonomy":"product_tag","embeddable":true,"href":"https:\/\/myspainfood.com\/sk\/wp-json\/wp\/v2\/product_tag?post=49250"}],"curies":[{"name":"wp","href":"https:\/\/api.w.org\/{rel}","templated":true}]}}