{"id":49295,"date":"2025-04-10T12:07:48","date_gmt":"2025-04-10T10:07:48","guid":{"rendered":"https:\/\/myspainfood.com\/producto\/rioja-antonio-escribano-crianza-12-flias\/"},"modified":"2025-04-10T12:07:48","modified_gmt":"2025-04-10T10:07:48","slug":"rioja-antonio-escribano-crianza-12-flias","status":"publish","type":"product","link":"https:\/\/myspainfood.com\/sk\/producto\/rioja-antonio-escribano-crianza-12-flias\/","title":{"rendered":"Rioja. Antonio Escribano Crianza 12 Flia\u0161"},"content":{"rendered":"<p>V\u00fdchova<\/p>\n<p>Zodpoved\u00e1 v\u00ednam, ktor\u00e9 s\u00fa aspo\u0148 v tre\u0165om roku v\u00fdroby a ktor\u00e9 str\u00e1vili aspo\u0148 jeden rok v dubov\u00fdch sudoch.<\/p>\n<p>Rub\u00ednov\u00e1 farba, intenz\u00edvna v\u00f4\u0148a zrel\u00e9ho ovocia, dobre kombinovan\u00e1 s ope\u010den\u00fdmi t\u00f3nmi a n\u00e1znakmi vanilky. V \u00fastach je pln\u00e9 a vyv\u00e1\u017een\u00e9, s dokonalou harm\u00f3niou medzi jemn\u00fdmi trieslovinami. Chutn\u00e9 a pln\u00e9, pri\u010dom si zachov\u00e1va jemnos\u0165 a eleganciu.  <\/p>\n","protected":false},"excerpt":{"rendered":"<p>V\u00fdchova Zodpoved\u00e1 v\u00ednam, ktor\u00e9 s\u00fa aspo\u0148 v tre\u0165om roku v\u00fdroby a ktor\u00e9 str\u00e1vili aspo\u0148 jeden rok v dubov\u00fdch sudoch. Rub\u00ednov\u00e1 farba, intenz\u00edvna v\u00f4\u0148a zrel\u00e9ho ovocia, dobre kombinovan\u00e1 s ope\u010den\u00fdmi t\u00f3nmi a n\u00e1znakmi vanilky. V \u00fastach je pln\u00e9 a vyv\u00e1\u017een\u00e9, s dokonalou harm\u00f3niou medzi jemn\u00fdmi trieslovinami. Chutn\u00e9 a pln\u00e9, pri\u010dom si zachov\u00e1va jemnos\u0165 a eleganciu.<\/p>\n","protected":false},"featured_media":25452,"template":"","meta":{"_et_pb_use_builder":"","_et_pb_old_content":"","_et_gb_content_width":""},"product_brand":[1141],"product_cat":[4860,5248],"product_tag":[4865,5249],"class_list":{"0":"post-49295","1":"product","2":"type-product","3":"status-publish","4":"has-post-thumbnail","6":"product_brand-vinamada","7":"product_cat-napoje","8":"product_cat-vino-sk-2","9":"product_tag-antonio-escribano-sk","10":"product_tag-vychova","12":"first","13":"outofstock","14":"sale","15":"taxable","16":"shipping-taxable","17":"purchasable","18":"product-type-simple"},"_links":{"self":[{"href":"https:\/\/myspainfood.com\/sk\/wp-json\/wp\/v2\/product\/49295","targetHints":{"allow":["GET"]}}],"collection":[{"href":"https:\/\/myspainfood.com\/sk\/wp-json\/wp\/v2\/product"}],"about":[{"href":"https:\/\/myspainfood.com\/sk\/wp-json\/wp\/v2\/types\/product"}],"wp:featuredmedia":[{"embeddable":true,"href":"https:\/\/myspainfood.com\/sk\/wp-json\/wp\/v2\/media\/25452"}],"wp:attachment":[{"href":"https:\/\/myspainfood.com\/sk\/wp-json\/wp\/v2\/media?parent=49295"}],"wp:term":[{"taxonomy":"product_brand","embeddable":true,"href":"https:\/\/myspainfood.com\/sk\/wp-json\/wp\/v2\/product_brand?post=49295"},{"taxonomy":"product_cat","embeddable":true,"href":"https:\/\/myspainfood.com\/sk\/wp-json\/wp\/v2\/product_cat?post=49295"},{"taxonomy":"product_tag","embeddable":true,"href":"https:\/\/myspainfood.com\/sk\/wp-json\/wp\/v2\/product_tag?post=49295"}],"curies":[{"name":"wp","href":"https:\/\/api.w.org\/{rel}","templated":true}]}}