{"id":49309,"date":"2025-04-10T12:07:48","date_gmt":"2025-04-10T10:07:48","guid":{"rendered":"https:\/\/myspainfood.com\/producto\/ribera-dub-zahon-4-mesiace-12-flias\/"},"modified":"2025-04-10T12:07:48","modified_gmt":"2025-04-10T10:07:48","slug":"ribera-dub-zahon-4-mesiace-12-flias","status":"publish","type":"product","link":"https:\/\/myspainfood.com\/sk\/producto\/ribera-dub-zahon-4-mesiace-12-flias\/","title":{"rendered":"Ribera. Dub Zah\u00f3n 4 mesiace 12 Flia\u0161"},"content":{"rendered":"<div class=\"et_pb_tab clearfix et_pb_active_content et-pb-active-slide\">\n<div class=\"et_pb_tab_content\">\n<div class=\"elementor-element elementor-element-3231827 elementor-position-left elementor-vertical-align-top elementor-widget elementor-widget-image-box\" data-id=\"3231827\" data-element_type=\"widget\" data-widget_type=\"image-box.default\">\n<div class=\"elementor-widget-container\">\n<div class=\"elementor-image-box-wrapper\">\n<div class=\"elementor-image-box-content\">Vyroben\u00e9 z \u010derven\u00e9ho v\u00edna z Ribera del Duero.<\/div>\n<\/div>\n<\/div>\n<\/div>\n<div class=\"elementor-element elementor-element-8812cdc elementor-position-left elementor-vertical-align-top elementor-widget elementor-widget-image-box\" data-id=\"8812cdc\" data-element_type=\"widget\" data-widget_type=\"image-box.default\">\n<div class=\"elementor-widget-container\">\n<div class=\"elementor-image-box-wrapper\">\n<figure class=\"elementor-image-box-img\"><\/figure>\n<div class=\"elementor-image-box-content\">\n<h4 class=\"elementor-image-box-title\">V\u00fdchova<\/h4>\n<p class=\"elementor-image-box-description\">4 mesiace vo franc\u00fazskych a americk\u00fdch dubov\u00fdch sudoch.<\/p>\n<\/div>\n<\/div>\n<\/div>\n<\/div>\n<div class=\"elementor-element elementor-element-fc031ed elementor-position-left elementor-vertical-align-top elementor-widget elementor-widget-image-box\" data-id=\"fc031ed\" data-element_type=\"widget\" data-widget_type=\"image-box.default\">\n<div class=\"elementor-widget-container\">\n<div class=\"elementor-image-box-wrapper\">\n<figure class=\"elementor-image-box-img\"><\/figure>\n<div class=\"elementor-image-box-content\">\n<h4 class=\"elementor-image-box-title\">Funkcie<\/h4>\n<p class=\"elementor-image-box-description\">Zber\u00e1 sa ru\u010dne a dozrieva 4 mesiace.<\/p>\n<\/div>\n<\/div>\n<\/div>\n<\/div>\n<div class=\"elementor-element elementor-element-a918b0e elementor-position-left elementor-vertical-align-top elementor-widget elementor-widget-image-box\" data-id=\"a918b0e\" data-element_type=\"widget\" data-widget_type=\"image-box.default\">\n<div class=\"elementor-widget-container\">\n<div class=\"elementor-image-box-wrapper\">\n<figure class=\"elementor-image-box-img\"><\/figure>\n<div class=\"elementor-image-box-content\">\n<p class=\"elementor-image-box-description\">\n<\/div>\n<\/div>\n<\/div>\n<\/div>\n<\/div>\n<\/div>\n","protected":false},"excerpt":{"rendered":"<p>V\u00edno Ribera<\/p>\n","protected":false},"featured_media":49310,"template":"","meta":{"_et_pb_use_builder":"","_et_pb_old_content":"","_et_gb_content_width":""},"product_brand":[1249],"product_cat":[4860,5248],"product_tag":[9947],"class_list":{"0":"post-49309","1":"product","2":"type-product","3":"status-publish","4":"has-post-thumbnail","6":"product_brand-zahon","7":"product_cat-napoje","8":"product_cat-vino-sk-2","9":"product_tag-zahon-dub-4-mesiace","11":"first","12":"outofstock","13":"sale","14":"taxable","15":"shipping-taxable","16":"purchasable","17":"product-type-simple"},"_links":{"self":[{"href":"https:\/\/myspainfood.com\/sk\/wp-json\/wp\/v2\/product\/49309","targetHints":{"allow":["GET"]}}],"collection":[{"href":"https:\/\/myspainfood.com\/sk\/wp-json\/wp\/v2\/product"}],"about":[{"href":"https:\/\/myspainfood.com\/sk\/wp-json\/wp\/v2\/types\/product"}],"wp:featuredmedia":[{"embeddable":true,"href":"https:\/\/myspainfood.com\/sk\/wp-json\/wp\/v2\/media\/49310"}],"wp:attachment":[{"href":"https:\/\/myspainfood.com\/sk\/wp-json\/wp\/v2\/media?parent=49309"}],"wp:term":[{"taxonomy":"product_brand","embeddable":true,"href":"https:\/\/myspainfood.com\/sk\/wp-json\/wp\/v2\/product_brand?post=49309"},{"taxonomy":"product_cat","embeddable":true,"href":"https:\/\/myspainfood.com\/sk\/wp-json\/wp\/v2\/product_cat?post=49309"},{"taxonomy":"product_tag","embeddable":true,"href":"https:\/\/myspainfood.com\/sk\/wp-json\/wp\/v2\/product_tag?post=49309"}],"curies":[{"name":"wp","href":"https:\/\/api.w.org\/{rel}","templated":true}]}}