{"id":49325,"date":"2025-04-10T12:07:50","date_gmt":"2025-04-10T10:07:50","guid":{"rendered":"https:\/\/myspainfood.com\/producto\/broskyna-v-sirupe-oti-530-gr-12-jednotiek\/"},"modified":"2025-04-10T12:07:50","modified_gmt":"2025-04-10T10:07:50","slug":"broskyna-v-sirupe-oti-530-gr-12-jednotiek","status":"publish","type":"product","link":"https:\/\/myspainfood.com\/sk\/producto\/broskyna-v-sirupe-oti-530-gr-12-jednotiek\/","title":{"rendered":"Brosky\u0148a v sirupe Oti 530 gr 12 JEDNOTIEK"},"content":{"rendered":"<p>Ovocie v sirupe je druh d\u017eemu1 , ktor\u00fd sa z\u00edskava z k\u00faskov ovocia (k\u00fasky m\u00f4\u017eu by\u0165 \u0161tvorce, polovice, \u0161tvrtiny, pl\u00e1tky, julieny), ktor\u00e9 sa varia v sirupe alebo v sirupe, k\u00fdm nezhustn\u00fa. Pri tomto procese doch\u00e1dza k v\u00fdmene alebo vytl\u00e1\u010daniu vody z hypotonick\u00e9ho prostredia (kde je men\u0161ie mno\u017estvo rozpusten\u00fdch l\u00e1tok) do hypertonick\u00e9ho prostredia (kde je v\u00e4\u010d\u0161ie mno\u017estvo rozpusten\u00fdch l\u00e1tok), ktor\u00e1 je nahraden\u00e1 rozpusten\u00fdmi l\u00e1tkami (rozpustn\u00fdmi pevn\u00fdmi l\u00e1tkami s.s.) nach\u00e1dzaj\u00facimi sa v hypertonickom prostred\u00ed, t. j. voda obsiahnut\u00e1 v ovocn\u00fdch listoch a cukry zo sirupu alebo sirupy sa dost\u00e1vaj\u00fa do neho. Tento proces sa pou\u017e\u00edva na konzerv\u00e1ciu ovocia, ktor\u00e9 sa m\u00e1 konzumova\u0165 po dlhom \u010dase.    <\/p>\n","protected":false},"excerpt":{"rendered":"<p>Ovocie v sirupe je druh d\u017eemu1 , ktor\u00fd sa z\u00edskava z k\u00faskov ovocia (k\u00fasky m\u00f4\u017eu by\u0165 \u0161tvorce, polovice, \u0161tvrtiny, pl\u00e1tky, julieny), ktor\u00e9 sa varia v sirupe alebo v sirupe, k\u00fdm nezhustn\u00fa. Pri tomto procese doch\u00e1dza k v\u00fdmene alebo vytl\u00e1\u010daniu vody z hypotonick\u00e9ho prostredia (kde je men\u0161ie mno\u017estvo rozpusten\u00fdch l\u00e1tok) do hypertonick\u00e9ho prostredia (kde je v\u00e4\u010d\u0161ie [&hellip;]<\/p>\n","protected":false},"featured_media":25133,"template":"","meta":{"_et_pb_use_builder":"","_et_pb_old_content":"","_et_gb_content_width":""},"product_brand":[1075],"product_cat":[4964,1979],"product_tag":[3179],"class_list":{"0":"post-49325","1":"product","2":"type-product","3":"status-publish","4":"has-post-thumbnail","6":"product_brand-oti","7":"product_cat-broskyna","8":"product_cat-zachovava-sk","9":"product_tag-sirup-sk","11":"first","12":"outofstock","13":"sale","14":"taxable","15":"shipping-taxable","16":"purchasable","17":"product-type-simple"},"_links":{"self":[{"href":"https:\/\/myspainfood.com\/sk\/wp-json\/wp\/v2\/product\/49325","targetHints":{"allow":["GET"]}}],"collection":[{"href":"https:\/\/myspainfood.com\/sk\/wp-json\/wp\/v2\/product"}],"about":[{"href":"https:\/\/myspainfood.com\/sk\/wp-json\/wp\/v2\/types\/product"}],"wp:featuredmedia":[{"embeddable":true,"href":"https:\/\/myspainfood.com\/sk\/wp-json\/wp\/v2\/media\/25133"}],"wp:attachment":[{"href":"https:\/\/myspainfood.com\/sk\/wp-json\/wp\/v2\/media?parent=49325"}],"wp:term":[{"taxonomy":"product_brand","embeddable":true,"href":"https:\/\/myspainfood.com\/sk\/wp-json\/wp\/v2\/product_brand?post=49325"},{"taxonomy":"product_cat","embeddable":true,"href":"https:\/\/myspainfood.com\/sk\/wp-json\/wp\/v2\/product_cat?post=49325"},{"taxonomy":"product_tag","embeddable":true,"href":"https:\/\/myspainfood.com\/sk\/wp-json\/wp\/v2\/product_tag?post=49325"}],"curies":[{"name":"wp","href":"https:\/\/api.w.org\/{rel}","templated":true}]}}