{"id":49511,"date":"2025-04-10T12:08:45","date_gmt":"2025-04-10T10:08:45","guid":{"rendered":"https:\/\/myspainfood.com\/producto\/syr-riojana-75-jednotiek\/"},"modified":"2026-02-23T12:00:41","modified_gmt":"2026-02-23T11:00:41","slug":"syr-riojana-75-jednotiek","status":"publish","type":"product","link":"https:\/\/myspainfood.com\/sk\/producto\/syr-riojana-75-jednotiek\/","title":{"rendered":"Syr Riojana 75 jednotiek"},"content":{"rendered":"<p>Olej (85% slne\u010dnicov\u00fd, 15% olivov\u00fd), olivy plnen\u00e9 <strong>sardelou<\/strong>,<strong> sardelov\u00e9<\/strong> fil\u00e9, pikantn\u00fd m\u00e4kk\u00fd syr a \u010derven\u00e1 paprika.<\/p>\n","protected":false},"excerpt":{"rendered":"<p>Olej (85% slne\u010dnicov\u00fd, 15% olivov\u00fd), olivy plnen\u00e9 sardelou, sardelov\u00e9 fil\u00e9, pikantn\u00fd m\u00e4kk\u00fd syr a \u010derven\u00e1 paprika.<\/p>\n","protected":false},"featured_media":49515,"template":"","meta":{"_et_pb_use_builder":"","_et_pb_old_content":"","_et_gb_content_width":""},"product_brand":[1277],"product_cat":[1822,1730,2331,1825,1820,2264,1728],"product_tag":[],"class_list":{"0":"post-49511","1":"product","2":"type-product","3":"status-publish","4":"has-post-thumbnail","6":"product_brand-bokeo","7":"product_cat-ancovicky","8":"product_cat-olivy","9":"product_cat-papriky","10":"product_cat-pintxos-sk","11":"product_cat-studena","12":"product_cat-syr-a-klobasa","13":"product_cat-uhorky","14":"product_shipping_class-zasielka-za-studena","16":"first","17":"outofstock","18":"taxable","19":"shipping-taxable","20":"purchasable","21":"product-type-simple"},"_links":{"self":[{"href":"https:\/\/myspainfood.com\/sk\/wp-json\/wp\/v2\/product\/49511","targetHints":{"allow":["GET"]}}],"collection":[{"href":"https:\/\/myspainfood.com\/sk\/wp-json\/wp\/v2\/product"}],"about":[{"href":"https:\/\/myspainfood.com\/sk\/wp-json\/wp\/v2\/types\/product"}],"wp:featuredmedia":[{"embeddable":true,"href":"https:\/\/myspainfood.com\/sk\/wp-json\/wp\/v2\/media\/49515"}],"wp:attachment":[{"href":"https:\/\/myspainfood.com\/sk\/wp-json\/wp\/v2\/media?parent=49511"}],"wp:term":[{"taxonomy":"product_brand","embeddable":true,"href":"https:\/\/myspainfood.com\/sk\/wp-json\/wp\/v2\/product_brand?post=49511"},{"taxonomy":"product_cat","embeddable":true,"href":"https:\/\/myspainfood.com\/sk\/wp-json\/wp\/v2\/product_cat?post=49511"},{"taxonomy":"product_tag","embeddable":true,"href":"https:\/\/myspainfood.com\/sk\/wp-json\/wp\/v2\/product_tag?post=49511"}],"curies":[{"name":"wp","href":"https:\/\/api.w.org\/{rel}","templated":true}]}}