{"id":49533,"date":"2025-04-10T12:08:47","date_gmt":"2025-04-10T10:08:47","guid":{"rendered":"https:\/\/myspainfood.com\/producto\/syrove-pokusenia-18-kg\/"},"modified":"2025-04-10T12:08:47","modified_gmt":"2025-04-10T10:08:47","slug":"syrove-pokusenia-18-kg","status":"publish","type":"product","link":"https:\/\/myspainfood.com\/sk\/producto\/syrove-pokusenia-18-kg\/","title":{"rendered":"Syrov\u00e9 poku\u0161enia 1,8 kg"},"content":{"rendered":"<p>Olej (100 % slne\u010dnicov\u00fd), sladk\u00e1 \u010dere\u0161\u0148ov\u00e1 paprika, smotanov\u00fd syr.<\/p>\n","protected":false},"excerpt":{"rendered":"<p>Olej (100 % slne\u010dnicov\u00fd), sladk\u00e1 \u010dere\u0161\u0148ov\u00e1 paprika, smotanov\u00fd syr.<\/p>\n","protected":false},"featured_media":49535,"template":"","meta":{"_et_pb_use_builder":"","_et_pb_old_content":"","_et_gb_content_width":""},"product_brand":[1277],"product_cat":[2331,2264,1979],"product_tag":[],"class_list":{"0":"post-49533","1":"product","2":"type-product","3":"status-publish","4":"has-post-thumbnail","6":"product_brand-bokeo","7":"product_cat-papriky","8":"product_cat-syr-a-klobasa","9":"product_cat-zachovava-sk","10":"product_shipping_class-zasielka-za-studena","12":"first","13":"instock","14":"featured","15":"taxable","16":"shipping-taxable","17":"purchasable","18":"product-type-simple"},"_links":{"self":[{"href":"https:\/\/myspainfood.com\/sk\/wp-json\/wp\/v2\/product\/49533","targetHints":{"allow":["GET"]}}],"collection":[{"href":"https:\/\/myspainfood.com\/sk\/wp-json\/wp\/v2\/product"}],"about":[{"href":"https:\/\/myspainfood.com\/sk\/wp-json\/wp\/v2\/types\/product"}],"wp:featuredmedia":[{"embeddable":true,"href":"https:\/\/myspainfood.com\/sk\/wp-json\/wp\/v2\/media\/49535"}],"wp:attachment":[{"href":"https:\/\/myspainfood.com\/sk\/wp-json\/wp\/v2\/media?parent=49533"}],"wp:term":[{"taxonomy":"product_brand","embeddable":true,"href":"https:\/\/myspainfood.com\/sk\/wp-json\/wp\/v2\/product_brand?post=49533"},{"taxonomy":"product_cat","embeddable":true,"href":"https:\/\/myspainfood.com\/sk\/wp-json\/wp\/v2\/product_cat?post=49533"},{"taxonomy":"product_tag","embeddable":true,"href":"https:\/\/myspainfood.com\/sk\/wp-json\/wp\/v2\/product_tag?post=49533"}],"curies":[{"name":"wp","href":"https:\/\/api.w.org\/{rel}","templated":true}]}}