{"id":50580,"date":"2025-05-21T08:44:03","date_gmt":"2025-05-21T06:44:03","guid":{"rendered":"https:\/\/myspainfood.com\/producto\/manzanilla-pitted-chamomile-900-gr-chicon\/"},"modified":"2026-01-29T12:59:00","modified_gmt":"2026-01-29T11:59:00","slug":"manzanilla-pitted-chamomile-900-gr-chicon","status":"publish","type":"product","link":"https:\/\/myspainfood.com\/sk\/producto\/manzanilla-pitted-chamomile-900-gr-chicon\/","title":{"rendered":"Manzanilla Pitted Chamomile 900 gr Chic\u00f3n"},"content":{"rendered":"<p>Napriek odstr\u00e1neniu k\u00f4stky si olivy Manzanilla bez k\u00f4stky prakticky zachov\u00e1vaj\u00fa svoj p\u00f4vodn\u00fd tvar.<\/p>\n<h3>V\u00fdhody ol\u00edv Manzanilla Pitted <a href=\"https:\/\/aceitunaschiconlebron.com\/catalogo-productos\/comprar-aceitunas\/deshuesadas\/\" target=\"_blank\" rel=\"noopener noreferrer nofollow\">Chic\u00f3n<\/a><\/h3>\n<p>Vedeli ste, \u017ee tieto olivy maj\u00fa viacero v\u00fdhod? S\u00fa ve\u013emi \u00fa\u010dinn\u00e9 pri prevencii srdcov\u00fdch a obehov\u00fdch ochoren\u00ed vo v\u0161eobecnosti. <\/p>\n<p>Je to sp\u00f4soben\u00e9 vysok\u00fdm obsahom nenas\u00fdten\u00fdch tukov. Okrem toho je to potravina, ktor\u00e1 obsahuje ve\u013ea \u017eeleza a vl\u00e1kniny a je ve\u013emi s\u00fdta, \u010do z nej rob\u00ed ide\u00e1lnu desiatu. <\/p>\n<p>Ak si chcete k\u00fapi\u0165 olivy alebo ak\u00fdko\u013evek in\u00fd druh <a href=\"https:\/\/latiendadesami.com\/categoria-producto\/encurtidos\/\" rel=\"noopener noreferrer nofollow\" target=\"_blank\">nakladan\u00fdch potrav\u00edn<\/a>, nev\u00e1hajte a pozrite si n\u00e1\u0161 online katal\u00f3g, v ktorom n\u00e1jdete \u0161irok\u00fa ponuku <a href=\"https:\/\/latiendadesami.com\/categoria-producto\/encurtidos\/aceitunas\/\" target=\"_blank\" rel=\"noopener noreferrer nofollow\">ol\u00edv<\/a>.<\/p>\n","protected":false},"excerpt":{"rendered":"<p>Napriek odstr\u00e1neniu k\u00f4stky si olivy Manzanilla bez k\u00f4stky prakticky zachov\u00e1vaj\u00fa svoj p\u00f4vodn\u00fd tvar. V\u00fdhody ol\u00edv Manzanilla Pitted Chic\u00f3n Vedeli ste, \u017ee tieto olivy maj\u00fa viacero v\u00fdhod? S\u00fa ve\u013emi \u00fa\u010dinn\u00e9 pri prevencii srdcov\u00fdch a obehov\u00fdch ochoren\u00ed vo v\u0161eobecnosti. Je to sp\u00f4soben\u00e9 vysok\u00fdm obsahom nenas\u00fdten\u00fdch tukov. Okrem toho je to potravina, ktor\u00e1 obsahuje ve\u013ea \u017eeleza a vl\u00e1kniny [&hellip;]<\/p>\n","protected":false},"featured_media":50281,"template":"","meta":{"_et_pb_use_builder":"","_et_pb_old_content":"","_et_gb_content_width":""},"product_brand":[1036],"product_cat":[1730,1728],"product_tag":[10016,2054],"class_list":{"0":"post-50580","1":"product","2":"type-product","3":"status-publish","4":"has-post-thumbnail","6":"product_brand-chicon","7":"product_cat-olivy","8":"product_cat-uhorky","9":"product_tag-bez-kosti-sk","10":"product_tag-harmancek","12":"first","13":"instock","14":"taxable","15":"shipping-taxable","16":"purchasable","17":"product-type-variable"},"_links":{"self":[{"href":"https:\/\/myspainfood.com\/sk\/wp-json\/wp\/v2\/product\/50580","targetHints":{"allow":["GET"]}}],"collection":[{"href":"https:\/\/myspainfood.com\/sk\/wp-json\/wp\/v2\/product"}],"about":[{"href":"https:\/\/myspainfood.com\/sk\/wp-json\/wp\/v2\/types\/product"}],"wp:featuredmedia":[{"embeddable":true,"href":"https:\/\/myspainfood.com\/sk\/wp-json\/wp\/v2\/media\/50281"}],"wp:attachment":[{"href":"https:\/\/myspainfood.com\/sk\/wp-json\/wp\/v2\/media?parent=50580"}],"wp:term":[{"taxonomy":"product_brand","embeddable":true,"href":"https:\/\/myspainfood.com\/sk\/wp-json\/wp\/v2\/product_brand?post=50580"},{"taxonomy":"product_cat","embeddable":true,"href":"https:\/\/myspainfood.com\/sk\/wp-json\/wp\/v2\/product_cat?post=50580"},{"taxonomy":"product_tag","embeddable":true,"href":"https:\/\/myspainfood.com\/sk\/wp-json\/wp\/v2\/product_tag?post=50580"}],"curies":[{"name":"wp","href":"https:\/\/api.w.org\/{rel}","templated":true}]}}