{"id":50685,"date":"2025-05-21T08:44:03","date_gmt":"2025-05-21T06:44:03","guid":{"rendered":"https:\/\/myspainfood.com\/producto\/harmancek-s-kostou-900-gr-chicon\/"},"modified":"2026-01-29T12:58:02","modified_gmt":"2026-01-29T11:58:02","slug":"harmancek-s-kostou-900-gr-chicon","status":"publish","type":"product","link":"https:\/\/myspainfood.com\/sk\/producto\/harmancek-s-kostou-900-gr-chicon\/","title":{"rendered":"Harman\u010dek s kos\u0165ou 900 gr Chic\u00f3n"},"content":{"rendered":"<p>Cel\u00e9 olivy Manzanilla s k\u00f4stkou si zachov\u00e1vaj\u00fa svoj p\u00f4vodn\u00fd tvar a k\u00f4stka zost\u00e1va vn\u00fatri plodu.<\/p>\n<p>Tieto cel\u00e9 olivy sa odpor\u00fa\u010da skladova\u0165 na chladnom a suchom mieste, mimo dosahu slne\u010dn\u00e9ho svetla.<\/p>\n<h3>V\u00fdhody ol\u00edv Manzanilla s jadierkami <a href=\"https:\/\/aceitunaschiconlebron.com\/catalogo-productos\/comprar-aceitunas\/deshuesadas\/\" target=\"_blank\" rel=\"noopener noreferrer nofollow\">Chic\u00f3n<\/a><\/h3>\n<p>Vedeli ste, \u017ee tieto olivy maj\u00fa viacero v\u00fdhod? S\u00fa ve\u013emi \u00fa\u010dinn\u00e9 pri prevencii srdcov\u00fdch a obehov\u00fdch ochoren\u00ed vo v\u0161eobecnosti. <\/p>\n<p>Je to sp\u00f4soben\u00e9 vysok\u00fdm obsahom nenas\u00fdten\u00fdch tukov. Okrem toho je to potravina, ktor\u00e1 obsahuje ve\u013ea \u017eeleza a vl\u00e1kniny a je ve\u013emi s\u00fdta, \u010do z nej rob\u00ed ide\u00e1lnu desiatu. <\/p>\n<p>Ak si chcete k\u00fapi\u0165 olivy alebo ak\u00fdko\u013evek in\u00fd druh <a href=\"https:\/\/latiendadesami.com\/categoria-producto\/encurtidos\/\" rel=\"noopener noreferrer nofollow\" target=\"_blank\">nakladan\u00fdch potrav\u00edn<\/a>, nev\u00e1hajte a pozrite si n\u00e1\u0161 online katal\u00f3g, v ktorom n\u00e1jdete \u0161irok\u00fa ponuku <a href=\"https:\/\/latiendadesami.com\/categoria-producto\/encurtidos\/aceitunas\/\" target=\"_blank\" rel=\"noopener noreferrer nofollow\">ol\u00edv<\/a>.<\/p>\n","protected":false},"excerpt":{"rendered":"<p>Cel\u00e9 olivy Manzanilla s k\u00f4stkou si zachov\u00e1vaj\u00fa svoj p\u00f4vodn\u00fd tvar a k\u00f4stka zost\u00e1va vn\u00fatri plodu. Tieto cel\u00e9 olivy sa odpor\u00fa\u010da skladova\u0165 na chladnom a suchom mieste, mimo dosahu slne\u010dn\u00e9ho svetla. V\u00fdhody ol\u00edv Manzanilla s jadierkami Chic\u00f3n Vedeli ste, \u017ee tieto olivy maj\u00fa viacero v\u00fdhod? S\u00fa ve\u013emi \u00fa\u010dinn\u00e9 pri prevencii srdcov\u00fdch a obehov\u00fdch ochoren\u00ed vo v\u0161eobecnosti. [&hellip;]<\/p>\n","protected":false},"featured_media":50347,"template":"","meta":{"_et_pb_use_builder":"","_et_pb_old_content":"","_et_gb_content_width":""},"product_brand":[1036],"product_cat":[1730,1728],"product_tag":[2054,10037],"class_list":{"0":"post-50685","1":"product","2":"type-product","3":"status-publish","4":"has-post-thumbnail","6":"product_brand-chicon","7":"product_cat-olivy","8":"product_cat-uhorky","9":"product_tag-harmancek","10":"product_tag-s-kostou","12":"first","13":"instock","14":"taxable","15":"shipping-taxable","16":"purchasable","17":"product-type-variable"},"_links":{"self":[{"href":"https:\/\/myspainfood.com\/sk\/wp-json\/wp\/v2\/product\/50685","targetHints":{"allow":["GET"]}}],"collection":[{"href":"https:\/\/myspainfood.com\/sk\/wp-json\/wp\/v2\/product"}],"about":[{"href":"https:\/\/myspainfood.com\/sk\/wp-json\/wp\/v2\/types\/product"}],"wp:featuredmedia":[{"embeddable":true,"href":"https:\/\/myspainfood.com\/sk\/wp-json\/wp\/v2\/media\/50347"}],"wp:attachment":[{"href":"https:\/\/myspainfood.com\/sk\/wp-json\/wp\/v2\/media?parent=50685"}],"wp:term":[{"taxonomy":"product_brand","embeddable":true,"href":"https:\/\/myspainfood.com\/sk\/wp-json\/wp\/v2\/product_brand?post=50685"},{"taxonomy":"product_cat","embeddable":true,"href":"https:\/\/myspainfood.com\/sk\/wp-json\/wp\/v2\/product_cat?post=50685"},{"taxonomy":"product_tag","embeddable":true,"href":"https:\/\/myspainfood.com\/sk\/wp-json\/wp\/v2\/product_tag?post=50685"}],"curies":[{"name":"wp","href":"https:\/\/api.w.org\/{rel}","templated":true}]}}