{"id":51046,"date":"2025-05-21T09:40:50","date_gmt":"2025-05-21T07:40:50","guid":{"rendered":"https:\/\/myspainfood.com\/producto\/kimbitos-olivy-a-uhorky-900-gr-chicon\/"},"modified":"2026-01-29T13:05:40","modified_gmt":"2026-01-29T12:05:40","slug":"kimbitos-olivy-a-uhorky-900-gr-chicon","status":"publish","type":"product","link":"https:\/\/myspainfood.com\/sk\/producto\/kimbitos-olivy-a-uhorky-900-gr-chicon\/","title":{"rendered":"Kimbitos - olivy a uhorky 900 gr Chic\u00f3n"},"content":{"rendered":"<p><a href=\"https:\/\/aceitunaschiconlebron.com\/catalogo\/manzanilla-rellena-de-pepinillo\/\" target=\"_blank\" rel=\"noopener noreferrer nofollow\">Kimbitos olivy a uhorky<\/a> s jemnou sladkokyslou chu\u0165ou.<\/p>\n<h3>Vlastnosti ol\u00edv Manzanilla alebo Kimbitos<\/h3>\n<p>Olivy Manzanilla poch\u00e1dzaj\u00face zo \u0160panielska maj\u00fa ve\u013ek\u00e9 v\u00fdhody, medzi ktor\u00fdmi vynik\u00e1 najm\u00e4:<\/p>\n<p>Poskytuj\u00fa ve\u013ek\u00e9 mno\u017estvo antioxidantov.<\/p>\n<p>Zni\u017euj\u00fa krvn\u00fd tlak a cholesterol.<\/p>\n<p>predch\u00e1dza niektor\u00fdm typom rakoviny.<\/p>\n<p>P\u00f4sobia ako pr\u00edrodn\u00e9 probiotikum.<\/p>\n<p>Zlep\u0161enie zdravia srdca.<\/p>\n<p>Pom\u00e1haj\u00fa v boji proti infekci\u00e1m.<\/p>\n<p>Predch\u00e1dzaj\u00fa osteopor\u00f3ze.<\/p>\n<p>Vedeli ste, \u017ee tieto olivy Kimbitos maj\u00fa viacero v\u00fdhod? Maj\u00fa vysok\u00fa silu, pokia\u013e ide o prevenciu srdcov\u00fdch a obehov\u00fdch ochoren\u00ed vo v\u0161eobecnosti. <\/p>\n<p>Ak si chcete k\u00fapi\u0165 olivy alebo ak\u00fdko\u013evek in\u00fd druh <a href=\"https:\/\/latiendadesami.com\/categoria-producto\/encurtidos\/\" rel=\"noopener noreferrer nofollow\" target=\"_blank\">nakladan\u00fdch potrav\u00edn<\/a>, nev\u00e1hajte a pozrite si n\u00e1\u0161 online katal\u00f3g, v ktorom n\u00e1jdete \u0161irok\u00fa ponuku <a href=\"https:\/\/latiendadesami.com\/categoria-producto\/encurtidos\/aceitunas\/\" target=\"_blank\" rel=\"noopener noreferrer nofollow\">ol\u00edv<\/a>.<\/p>\n","protected":false},"excerpt":{"rendered":"<p>Kimbitos olivy a uhorky s jemnou sladkokyslou chu\u0165ou. Vlastnosti ol\u00edv Manzanilla alebo Kimbitos Olivy Manzanilla poch\u00e1dzaj\u00face zo \u0160panielska maj\u00fa ve\u013ek\u00e9 v\u00fdhody, medzi ktor\u00fdmi vynik\u00e1 najm\u00e4: Poskytuj\u00fa ve\u013ek\u00e9 mno\u017estvo antioxidantov. Zni\u017euj\u00fa krvn\u00fd tlak a cholesterol. predch\u00e1dza niektor\u00fdm typom rakoviny. P\u00f4sobia ako pr\u00edrodn\u00e9 probiotikum. Zlep\u0161enie zdravia srdca. Pom\u00e1haj\u00fa v boji proti infekci\u00e1m. Predch\u00e1dzaj\u00fa osteopor\u00f3ze. Vedeli ste, \u017ee [&hellip;]<\/p>\n","protected":false},"featured_media":51051,"template":"","meta":{"_et_pb_use_builder":"","_et_pb_old_content":"","_et_gb_content_width":""},"product_brand":[1036],"product_cat":[1730,2012,1728],"product_tag":[2032,2054,2013],"class_list":{"0":"post-51046","1":"product","2":"type-product","3":"status-publish","4":"has-post-thumbnail","6":"product_brand-chicon","7":"product_cat-olivy","8":"product_cat-uhorky-sk","9":"product_cat-uhorky","10":"product_tag-gherkin-sk","11":"product_tag-harmancek","12":"product_tag-kimbo-sk","14":"first","15":"instock","16":"taxable","17":"shipping-taxable","18":"purchasable","19":"product-type-variable"},"_links":{"self":[{"href":"https:\/\/myspainfood.com\/sk\/wp-json\/wp\/v2\/product\/51046","targetHints":{"allow":["GET"]}}],"collection":[{"href":"https:\/\/myspainfood.com\/sk\/wp-json\/wp\/v2\/product"}],"about":[{"href":"https:\/\/myspainfood.com\/sk\/wp-json\/wp\/v2\/types\/product"}],"wp:featuredmedia":[{"embeddable":true,"href":"https:\/\/myspainfood.com\/sk\/wp-json\/wp\/v2\/media\/51051"}],"wp:attachment":[{"href":"https:\/\/myspainfood.com\/sk\/wp-json\/wp\/v2\/media?parent=51046"}],"wp:term":[{"taxonomy":"product_brand","embeddable":true,"href":"https:\/\/myspainfood.com\/sk\/wp-json\/wp\/v2\/product_brand?post=51046"},{"taxonomy":"product_cat","embeddable":true,"href":"https:\/\/myspainfood.com\/sk\/wp-json\/wp\/v2\/product_cat?post=51046"},{"taxonomy":"product_tag","embeddable":true,"href":"https:\/\/myspainfood.com\/sk\/wp-json\/wp\/v2\/product_tag?post=51046"}],"curies":[{"name":"wp","href":"https:\/\/api.w.org\/{rel}","templated":true}]}}