{"id":51164,"date":"2025-05-21T09:40:50","date_gmt":"2025-05-21T07:40:50","guid":{"rendered":"https:\/\/myspainfood.com\/producto\/miesane-vajcia-extra-900-gr-chicon\/"},"modified":"2026-01-29T13:04:36","modified_gmt":"2026-01-29T12:04:36","slug":"miesane-vajcia-extra-900-gr-chicon","status":"publish","type":"product","link":"https:\/\/myspainfood.com\/sk\/producto\/miesane-vajcia-extra-900-gr-chicon\/","title":{"rendered":"Mie\u0161an\u00e9 vajcia Extra 900 gr Chic\u00f3n"},"content":{"rendered":"<p>Na\u0161e extra mie\u0161an\u00e9 vajcia s olivami a uhorkami sa skladaj\u00fa z <a href=\"https:\/\/aceitunaschiconlebron.com\/catalogo\/revuelto-extra-aceitunas-encurtidos\/\" target=\"_blank\" rel=\"noopener noreferrer nofollow\">ol\u00edv<\/a> manzanilla, uhoriek, cibule a mrkvy.<\/p>\n<p>T\u00e1to kombin\u00e1cia ol\u00edv a uhoriek umo\u017e\u0148uje vychutna\u0165 si neprekonate\u013en\u00fa chu\u0165 tapas alebo predjed\u00e1l.<\/p>\n<p>Je to ve\u013emi zdrav\u00fd doplnok na\u0161ej tradi\u010dnej v\u00fd\u017eivnej stredomorskej stravy.<\/p>\n<p>Nakladan\u00e9 uhorky sa z prastarej techniky konzervovania potrav\u00edn na celom svete stali jedn\u00fdm z najob\u013e\u00fabenej\u0161\u00edch tapas alebo predjed\u00e1l v \u0161panielskej gastron\u00f3mii.<\/p>\n<h3><strong>V\u00fdhody mie\u0161an\u00e9ho jedla Extra<\/strong><\/h3>\n<p>Vedeli ste o v\u00fdhod\u00e1ch Revuelto Extra a uhoriek v\u0161eobecne? Tu je zoznam t\u00fdch najd\u00f4le\u017eitej\u0161\u00edch: <\/p>\n<ul>\n<li>Bohat\u00fd na probiotik\u00e1.<\/li>\n<li>Napom\u00e1haj\u00fa tr\u00e1veniu.<\/li>\n<li>Posil\u0148uj\u00fa imunitn\u00fd syst\u00e9m.<\/li>\n<li>Zni\u017euj\u00fa chu\u0165 na cukor.<\/li>\n<li>Priaznivo p\u00f4sob\u00ed na \u017el\u010dn\u00edk.<\/li>\n<\/ul>\n<p>Ak si chcete k\u00fapi\u0165 olivy alebo ak\u00fdko\u013evek in\u00fd druh <a href=\"https:\/\/latiendadesami.com\/categoria-producto\/encurtidos\/\" rel=\"noopener noreferrer nofollow\" target=\"_blank\">nakladan\u00fdch potrav\u00edn<\/a>, nev\u00e1hajte a pozrite si n\u00e1\u0161 online katal\u00f3g, v ktorom n\u00e1jdete \u0161irok\u00fa ponuku <a href=\"https:\/\/latiendadesami.com\/categoria-producto\/encurtidos\/aceitunas\/\" target=\"_blank\" rel=\"noopener noreferrer nofollow\">ol\u00edv<\/a>.<\/p>\n","protected":false},"excerpt":{"rendered":"<p>Na\u0161e extra mie\u0161an\u00e9 vajcia s olivami a uhorkami sa skladaj\u00fa z ol\u00edv manzanilla, uhoriek, cibule a mrkvy. T\u00e1to kombin\u00e1cia ol\u00edv a uhoriek umo\u017e\u0148uje vychutna\u0165 si neprekonate\u013en\u00fa chu\u0165 tapas alebo predjed\u00e1l. Je to ve\u013emi zdrav\u00fd doplnok na\u0161ej tradi\u010dnej v\u00fd\u017eivnej stredomorskej stravy. Nakladan\u00e9 uhorky sa z prastarej techniky konzervovania potrav\u00edn na celom svete stali jedn\u00fdm z najob\u013e\u00fabenej\u0161\u00edch [&hellip;]<\/p>\n","protected":false},"featured_media":50835,"template":"","meta":{"_et_pb_use_builder":"","_et_pb_old_content":"","_et_gb_content_width":""},"product_brand":[1036],"product_cat":[1730,1728],"product_tag":[8104],"class_list":{"0":"post-51164","1":"product","2":"type-product","3":"status-publish","4":"has-post-thumbnail","6":"product_brand-chicon","7":"product_cat-olivy","8":"product_cat-uhorky","9":"product_tag-miesane-vajcia","11":"first","12":"instock","13":"taxable","14":"shipping-taxable","15":"purchasable","16":"product-type-variable"},"_links":{"self":[{"href":"https:\/\/myspainfood.com\/sk\/wp-json\/wp\/v2\/product\/51164","targetHints":{"allow":["GET"]}}],"collection":[{"href":"https:\/\/myspainfood.com\/sk\/wp-json\/wp\/v2\/product"}],"about":[{"href":"https:\/\/myspainfood.com\/sk\/wp-json\/wp\/v2\/types\/product"}],"wp:featuredmedia":[{"embeddable":true,"href":"https:\/\/myspainfood.com\/sk\/wp-json\/wp\/v2\/media\/50835"}],"wp:attachment":[{"href":"https:\/\/myspainfood.com\/sk\/wp-json\/wp\/v2\/media?parent=51164"}],"wp:term":[{"taxonomy":"product_brand","embeddable":true,"href":"https:\/\/myspainfood.com\/sk\/wp-json\/wp\/v2\/product_brand?post=51164"},{"taxonomy":"product_cat","embeddable":true,"href":"https:\/\/myspainfood.com\/sk\/wp-json\/wp\/v2\/product_cat?post=51164"},{"taxonomy":"product_tag","embeddable":true,"href":"https:\/\/myspainfood.com\/sk\/wp-json\/wp\/v2\/product_tag?post=51164"}],"curies":[{"name":"wp","href":"https:\/\/api.w.org\/{rel}","templated":true}]}}