{"id":51392,"date":"2025-05-21T10:50:34","date_gmt":"2025-05-21T08:50:34","guid":{"rendered":"https:\/\/myspainfood.com\/producto\/babickino-tajomstvo\/"},"modified":"2026-01-29T13:10:52","modified_gmt":"2026-01-29T12:10:52","slug":"babickino-tajomstvo","status":"publish","type":"product","link":"https:\/\/myspainfood.com\/sk\/producto\/babickino-tajomstvo\/","title":{"rendered":"Babi\u010dkino tajomstvo"},"content":{"rendered":"<p>Olives Secreto de la Abuela je kombin\u00e1cia ol\u00edv gordal bez k\u00f4stok, bieleho cesnaku, kapary a k\u00faskov bakla\u017e\u00e1nu.<\/p>\n<p>Korenie je vlastn\u00e9 <a href=\"https:\/\/aceitunaschiconlebron.com\/\" target=\"_blank\" rel=\"noopener noreferrer nofollow\">zna\u010dky Chic\u00f3n<\/a>.<\/p>\n<h3><strong>V\u00fdhody ol\u00edv Secreto de la Abuela<\/strong><\/h3>\n<p>Vedeli ste o v\u00fdhod\u00e1ch tohto druhu ol\u00edv a uhoriek v\u0161eobecne? Tu je zoznam t\u00fdch najd\u00f4le\u017eitej\u0161\u00edch: <\/p>\n<ul>\n<li>Bohat\u00fd na probiotik\u00e1.<\/li>\n<li>Napom\u00e1haj\u00fa tr\u00e1veniu.<\/li>\n<li>Posil\u0148uj\u00fa imunitn\u00fd syst\u00e9m.<\/li>\n<li>Zni\u017euj\u00fa chu\u0165 na cukor.<\/li>\n<li>Priaznivo p\u00f4sob\u00ed na \u017el\u010dn\u00edk.<\/li>\n<\/ul>\n<p>&nbsp;<\/p>\n<p>Ak si chcete k\u00fapi\u0165 olivy alebo ak\u00fdko\u013evek in\u00fd druh <a href=\"https:\/\/latiendadesami.com\/categoria-producto\/encurtidos\/\" rel=\"noopener noreferrer nofollow\" target=\"_blank\">nakladan\u00fdch potrav\u00edn<\/a>, nev\u00e1hajte a pozrite si n\u00e1\u0161 online katal\u00f3g, v ktorom n\u00e1jdete \u0161irok\u00fa ponuku <a href=\"https:\/\/latiendadesami.com\/categoria-producto\/encurtidos\/aceitunas\/\" target=\"_blank\" rel=\"noopener noreferrer nofollow\">ol\u00edv<\/a>.<\/p>\n","protected":false},"excerpt":{"rendered":"<p>Olives Secreto de la Abuela je kombin\u00e1cia ol\u00edv gordal bez k\u00f4stok, bieleho cesnaku, kapary a k\u00faskov bakla\u017e\u00e1nu. Korenie je vlastn\u00e9 zna\u010dky Chic\u00f3n. V\u00fdhody ol\u00edv Secreto de la Abuela Vedeli ste o v\u00fdhod\u00e1ch tohto druhu ol\u00edv a uhoriek v\u0161eobecne? Tu je zoznam t\u00fdch najd\u00f4le\u017eitej\u0161\u00edch: Bohat\u00fd na probiotik\u00e1. Napom\u00e1haj\u00fa tr\u00e1veniu. Posil\u0148uj\u00fa imunitn\u00fd syst\u00e9m. Zni\u017euj\u00fa chu\u0165 na cukor. [&hellip;]<\/p>\n","protected":false},"featured_media":51216,"template":"","meta":{"_et_pb_use_builder":"","_et_pb_old_content":"","_et_gb_content_width":""},"product_brand":[1036],"product_cat":[1730,1728],"product_tag":[1732,10129],"class_list":{"0":"post-51392","1":"product","2":"type-product","3":"status-publish","4":"has-post-thumbnail","6":"product_brand-chicon","7":"product_cat-olivy","8":"product_cat-uhorky","9":"product_tag-babicka","10":"product_tag-tajne-sk","12":"first","13":"outofstock","14":"taxable","15":"shipping-taxable","16":"product-type-variable"},"_links":{"self":[{"href":"https:\/\/myspainfood.com\/sk\/wp-json\/wp\/v2\/product\/51392","targetHints":{"allow":["GET"]}}],"collection":[{"href":"https:\/\/myspainfood.com\/sk\/wp-json\/wp\/v2\/product"}],"about":[{"href":"https:\/\/myspainfood.com\/sk\/wp-json\/wp\/v2\/types\/product"}],"wp:featuredmedia":[{"embeddable":true,"href":"https:\/\/myspainfood.com\/sk\/wp-json\/wp\/v2\/media\/51216"}],"wp:attachment":[{"href":"https:\/\/myspainfood.com\/sk\/wp-json\/wp\/v2\/media?parent=51392"}],"wp:term":[{"taxonomy":"product_brand","embeddable":true,"href":"https:\/\/myspainfood.com\/sk\/wp-json\/wp\/v2\/product_brand?post=51392"},{"taxonomy":"product_cat","embeddable":true,"href":"https:\/\/myspainfood.com\/sk\/wp-json\/wp\/v2\/product_cat?post=51392"},{"taxonomy":"product_tag","embeddable":true,"href":"https:\/\/myspainfood.com\/sk\/wp-json\/wp\/v2\/product_tag?post=51392"}],"curies":[{"name":"wp","href":"https:\/\/api.w.org\/{rel}","templated":true}]}}