{"id":52421,"date":"2025-05-23T12:58:14","date_gmt":"2025-05-23T10:58:14","guid":{"rendered":"https:\/\/myspainfood.com\/producto\/alyan-dubaj-pistaciova-cokolada-100-gramov\/"},"modified":"2026-01-29T13:15:50","modified_gmt":"2026-01-29T12:15:50","slug":"alyan-dubaj-pistaciova-cokolada-100-gramov","status":"publish","type":"product","link":"https:\/\/myspainfood.com\/sk\/producto\/alyan-dubaj-pistaciova-cokolada-100-gramov\/","title":{"rendered":"Alyan Dubaj pist\u00e1ciov\u00e1 \u010dokol\u00e1da 100 gramov"},"content":{"rendered":"<p>Mlie\u010dna \u010dokol\u00e1da plnen\u00e1 pist\u00e1ciami a kunafou. Zlo\u017eenie: <\/p>\n<p>Pist\u00e1ciov\u00e1 pasta 45% [cukor, pist\u00e1cie (30%), rastlinn\u00fd olej (plne hydrogenovan\u00fd palmov\u00fd, bavln\u00edkov\u00fd a slne\u010dnicov\u00fd olej), odstreden\u00e9 mlieko, emulg\u00e1tor (slne\u010dnicov\u00fd lecit\u00edn), ar\u00f3my (mlieko, vanil\u00edn)],<\/p>\n<p>Mlie\u010dna \u010dokol\u00e1da 45% [cukor, kakaov\u00e9 maslo, su\u0161en\u00e9 plnotu\u010dn\u00e9 mlieko, kakaov\u00e1 hmota, su\u0161en\u00e9 odstreden\u00e9 mlieko, su\u0161en\u00e1 srv\u00e1tka, emulg\u00e1tor (fosfatidy am\u00f3nne, polyglycerolpolyricinole\u00e1t, slne\u010dnicov\u00fd lecit\u00edn), ar\u00f3ma (vanil\u00edn)],<\/p>\n<p>Kunafa 10% [p\u0161enica (obsahuje lepok), voda], konzerva\u010dn\u00e9 l\u00e1tky (sorban draseln\u00fd, propionan v\u00e1penat\u00fd).<\/p>\n<p>Alerg\u00e9ny: mlieko, p\u0161enica a pist\u00e1cie. M\u00f4\u017ee obsahova\u0165 stopy in\u00fdch orechov, ara\u0161idov a vajec. <\/p>\n","protected":false},"excerpt":{"rendered":"<p>Mlie\u010dna \u010dokol\u00e1da plnen\u00e1 pist\u00e1ciami a kunafou. Zlo\u017eenie: Pist\u00e1ciov\u00e1 pasta 45% [cukor, pist\u00e1cie (30%), rastlinn\u00fd olej (plne hydrogenovan\u00fd palmov\u00fd, bavln\u00edkov\u00fd a slne\u010dnicov\u00fd olej), odstreden\u00e9 mlieko, emulg\u00e1tor (slne\u010dnicov\u00fd lecit\u00edn), ar\u00f3my (mlieko, vanil\u00edn)], Mlie\u010dna \u010dokol\u00e1da 45% [cukor, kakaov\u00e9 maslo, su\u0161en\u00e9 plnotu\u010dn\u00e9 mlieko, kakaov\u00e1 hmota, su\u0161en\u00e9 odstreden\u00e9 mlieko, su\u0161en\u00e1 srv\u00e1tka, emulg\u00e1tor (fosfatidy am\u00f3nne, polyglycerolpolyricinole\u00e1t, slne\u010dnicov\u00fd lecit\u00edn), ar\u00f3ma (vanil\u00edn)], Kunafa [&hellip;]<\/p>\n","protected":false},"featured_media":52376,"template":"","meta":{"_et_pb_use_builder":"","_et_pb_old_content":"","_et_gb_content_width":""},"product_brand":[],"product_cat":[1979],"product_tag":[],"class_list":{"0":"post-52421","1":"product","2":"type-product","3":"status-publish","4":"has-post-thumbnail","6":"product_cat-zachovava-sk","8":"first","9":"instock","10":"featured","11":"taxable","12":"shipping-taxable","13":"purchasable","14":"product-type-variable"},"_links":{"self":[{"href":"https:\/\/myspainfood.com\/sk\/wp-json\/wp\/v2\/product\/52421","targetHints":{"allow":["GET"]}}],"collection":[{"href":"https:\/\/myspainfood.com\/sk\/wp-json\/wp\/v2\/product"}],"about":[{"href":"https:\/\/myspainfood.com\/sk\/wp-json\/wp\/v2\/types\/product"}],"wp:featuredmedia":[{"embeddable":true,"href":"https:\/\/myspainfood.com\/sk\/wp-json\/wp\/v2\/media\/52376"}],"wp:attachment":[{"href":"https:\/\/myspainfood.com\/sk\/wp-json\/wp\/v2\/media?parent=52421"}],"wp:term":[{"taxonomy":"product_brand","embeddable":true,"href":"https:\/\/myspainfood.com\/sk\/wp-json\/wp\/v2\/product_brand?post=52421"},{"taxonomy":"product_cat","embeddable":true,"href":"https:\/\/myspainfood.com\/sk\/wp-json\/wp\/v2\/product_cat?post=52421"},{"taxonomy":"product_tag","embeddable":true,"href":"https:\/\/myspainfood.com\/sk\/wp-json\/wp\/v2\/product_tag?post=52421"}],"curies":[{"name":"wp","href":"https:\/\/api.w.org\/{rel}","templated":true}]}}