{"id":62498,"date":"2025-10-10T12:25:50","date_gmt":"2025-10-10T10:25:50","guid":{"rendered":"https:\/\/myspainfood.com\/producto\/articokove-srdiecka-8-12-klenoty-udolia\/"},"modified":"2025-10-10T12:25:50","modified_gmt":"2025-10-10T10:25:50","slug":"articokove-srdiecka-8-12-klenoty-udolia","status":"publish","type":"product","link":"https:\/\/myspainfood.com\/sk\/producto\/articokove-srdiecka-8-12-klenoty-udolia\/","title":{"rendered":"Arti\u010dokov\u00e9 srdie\u010dka 8\/12 Klenoty \u00fadolia"},"content":{"rendered":"","protected":false},"excerpt":{"rendered":"","protected":false},"featured_media":61584,"template":"","meta":{"_et_pb_use_builder":"","_et_pb_old_content":"","_et_gb_content_width":""},"product_brand":[1468],"product_cat":[4637,11040,1979],"product_tag":[9770],"class_list":{"0":"post-62498","1":"product","2":"type-product","3":"status-publish","4":"has-post-thumbnail","6":"product_brand-joyas-del-valle","7":"product_cat-articoky","8":"product_cat-novy","9":"product_cat-zachovava-sk","10":"product_tag-alcahofa-sk","12":"first","13":"instock","14":"taxable","15":"shipping-taxable","16":"purchasable","17":"product-type-variable"},"_links":{"self":[{"href":"https:\/\/myspainfood.com\/sk\/wp-json\/wp\/v2\/product\/62498","targetHints":{"allow":["GET"]}}],"collection":[{"href":"https:\/\/myspainfood.com\/sk\/wp-json\/wp\/v2\/product"}],"about":[{"href":"https:\/\/myspainfood.com\/sk\/wp-json\/wp\/v2\/types\/product"}],"wp:featuredmedia":[{"embeddable":true,"href":"https:\/\/myspainfood.com\/sk\/wp-json\/wp\/v2\/media\/61584"}],"wp:attachment":[{"href":"https:\/\/myspainfood.com\/sk\/wp-json\/wp\/v2\/media?parent=62498"}],"wp:term":[{"taxonomy":"product_brand","embeddable":true,"href":"https:\/\/myspainfood.com\/sk\/wp-json\/wp\/v2\/product_brand?post=62498"},{"taxonomy":"product_cat","embeddable":true,"href":"https:\/\/myspainfood.com\/sk\/wp-json\/wp\/v2\/product_cat?post=62498"},{"taxonomy":"product_tag","embeddable":true,"href":"https:\/\/myspainfood.com\/sk\/wp-json\/wp\/v2\/product_tag?post=62498"}],"curies":[{"name":"wp","href":"https:\/\/api.w.org\/{rel}","templated":true}]}}