{"id":62835,"date":"2025-10-10T12:25:50","date_gmt":"2025-10-10T10:25:50","guid":{"rendered":"https:\/\/myspainfood.com\/producto\/sardinky-v-bio-olivovom-oleji-20-25-kusov-rias-baixas-115-gr\/"},"modified":"2025-10-10T12:25:50","modified_gmt":"2025-10-10T10:25:50","slug":"sardinky-v-bio-olivovom-oleji-20-25-kusov-rias-baixas-115-gr","status":"publish","type":"product","link":"https:\/\/myspainfood.com\/sk\/producto\/sardinky-v-bio-olivovom-oleji-20-25-kusov-rias-baixas-115-gr\/","title":{"rendered":"Sardinky v bio olivovom oleji 20\/25 kusov Rias Baixas 115 gr"},"content":{"rendered":"<p>Na\u0161e sardinky v konzerve s\u00fa vynikaj\u00face; maj\u00fa v\u00f4\u0148u, intenz\u00edvnu chu\u0165, strieborn\u00fd vzh\u013ead a dokonal\u00fa polohu a prezent\u00e1ciu v konzerve. V\u00fdchodiskom je v\u017edy v\u00fdber najlep\u0161\u00edch, naj\u010derstvej\u0161\u00edch a najmen\u0161\u00edch sardiniek z rybieho trhu (v ka\u017edej plechovke n\u00e1jdete 12 a\u017e 16 sardiniek). <\/p>\n<p>V na\u0161ej tov\u00e1rni v Moa\u00f1a (Pontevedra) odborn\u00ed zamestnanci odstra\u0148uj\u00fa hlavu a vypitv\u00e1vaj\u00fa ka\u017ed\u00fa rybu jednu po druhej. Potom sa starostlivo a prec\u00edzne ope\u010d\u00fa v pare a zabalia, aby sa dosiahol \u010do najatrakt\u00edvnej\u0161\u00ed vzh\u013ead, ke\u010f otvor\u00edte svoju konzervu. \u010cere\u0161ni\u010dkou na torte je pridanie <strong>organick\u00e9ho extra panensk\u00e9ho olivov\u00e9ho oleja*<\/strong>. V\u00fdsledok je ve\u013ekolep\u00fd a teraz sa o tom m\u00f4\u017eete presved\u010di\u0165 sami.  <\/p>\n<p>Nezabudnite, \u017ee rozhoduj\u00faci je \u010das zrenia, ktor\u00fd m\u00f4\u017ee trva\u0165 nieko\u013eko mesiacov a\u017e nieko\u013eko rokov, preto\u017ee chu\u0165 sardiniek sa zlep\u0161uje, ke\u010f olej prenik\u00e1 do ryby. Pravideln\u00e9 ot\u00e1\u010danie konzerv zaru\u010duje vynikaj\u00facu a jednotn\u00fa chu\u0165, ktor\u00e1 uspokoj\u00ed aj tie najn\u00e1ro\u010dnej\u0161ie chu\u0165ov\u00e9 bunky. <\/p>\n<p>V posledn\u00fdch rokoch si konzervovan\u00e9 sardinky z\u00edskali ve\u013ek\u00fa sl\u00e1vu ako potravina s vysokou v\u00fd\u017eivovou hodnotou. Dalo by sa poveda\u0165, \u017ee z h\u013eadiska v\u00fd\u017eivy z\u00edskali sardinky zlat\u00fa medailu. Okrem vitam\u00ednov A, D, K a E obsahuj\u00fa aj vysok\u00fa koncentr\u00e1ciu vitam\u00ednu B12. S\u00fa tie\u017e d\u00f4le\u017eit\u00fdm zdrojom bielkov\u00edn, sod\u00edka, fosforu, j\u00f3du a v\u00e1pnika. A s\u00fa bohat\u00e9 na omega 3 a kyselinu olejov\u00fa, \u010do viac si pria\u0165?    <\/p>\n","protected":false},"excerpt":{"rendered":"<p>Na\u0161e sardinky v konzerve s\u00fa vynikaj\u00face; maj\u00fa v\u00f4\u0148u, intenz\u00edvnu chu\u0165, strieborn\u00fd vzh\u013ead a dokonal\u00fa polohu a prezent\u00e1ciu v konzerve. V\u00fdchodiskom je v\u017edy v\u00fdber najlep\u0161\u00edch, naj\u010derstvej\u0161\u00edch a najmen\u0161\u00edch sardiniek z rybieho trhu (v ka\u017edej plechovke n\u00e1jdete 12 a\u017e 16 sardiniek). V na\u0161ej tov\u00e1rni v Moa\u00f1a (Pontevedra) odborn\u00ed zamestnanci odstra\u0148uj\u00fa hlavu a vypitv\u00e1vaj\u00fa ka\u017ed\u00fa rybu jednu po [&hellip;]<\/p>\n","protected":false},"featured_media":59427,"template":"","meta":{"_et_pb_use_builder":"","_et_pb_old_content":"","_et_gb_content_width":""},"product_brand":[11014],"product_cat":[11040,3760,1979],"product_tag":[],"class_list":{"0":"post-62835","1":"product","2":"type-product","3":"status-publish","4":"has-post-thumbnail","6":"product_brand-rias-baixas","7":"product_cat-novy","8":"product_cat-sardinillas-sk","9":"product_cat-zachovava-sk","11":"first","12":"instock","13":"featured","14":"taxable","15":"shipping-taxable","16":"purchasable","17":"product-type-variable"},"_links":{"self":[{"href":"https:\/\/myspainfood.com\/sk\/wp-json\/wp\/v2\/product\/62835","targetHints":{"allow":["GET"]}}],"collection":[{"href":"https:\/\/myspainfood.com\/sk\/wp-json\/wp\/v2\/product"}],"about":[{"href":"https:\/\/myspainfood.com\/sk\/wp-json\/wp\/v2\/types\/product"}],"wp:featuredmedia":[{"embeddable":true,"href":"https:\/\/myspainfood.com\/sk\/wp-json\/wp\/v2\/media\/59427"}],"wp:attachment":[{"href":"https:\/\/myspainfood.com\/sk\/wp-json\/wp\/v2\/media?parent=62835"}],"wp:term":[{"taxonomy":"product_brand","embeddable":true,"href":"https:\/\/myspainfood.com\/sk\/wp-json\/wp\/v2\/product_brand?post=62835"},{"taxonomy":"product_cat","embeddable":true,"href":"https:\/\/myspainfood.com\/sk\/wp-json\/wp\/v2\/product_cat?post=62835"},{"taxonomy":"product_tag","embeddable":true,"href":"https:\/\/myspainfood.com\/sk\/wp-json\/wp\/v2\/product_tag?post=62835"}],"curies":[{"name":"wp","href":"https:\/\/api.w.org\/{rel}","templated":true}]}}