{"id":62882,"date":"2025-10-10T12:25:49","date_gmt":"2025-10-10T10:25:49","guid":{"rendered":"https:\/\/myspainfood.com\/producto\/musle-v-nakladanej-omacke-6-8-kusov-organicky-olivovy-olej-rias-baixas-115-g\/"},"modified":"2025-10-10T12:25:49","modified_gmt":"2025-10-10T10:25:49","slug":"musle-v-nakladanej-omacke-6-8-kusov-organicky-olivovy-olej-rias-baixas-115-g","status":"publish","type":"product","link":"https:\/\/myspainfood.com\/sk\/producto\/musle-v-nakladanej-omacke-6-8-kusov-organicky-olivovy-olej-rias-baixas-115-g\/","title":{"rendered":"Mu\u0161le v nakladanej om\u00e1\u010dke 6\/8 kusov organick\u00fd olivov\u00fd olej Rias Baixas 115 g"},"content":{"rendered":"<p>Mu\u0161\u013ea galsk\u00e1 (Mytilus galloprovincialis) sa u\u017e stala najd\u00f4le\u017eitej\u0161\u00edm pestovan\u00fdm druhom 21. storo\u010dia v \u0160panielsku. A na mu\u0161liach z na\u0161ich pobre\u017e\u00ed mus\u00ed nie\u010do by\u0165, ke\u010f ich u\u017e v 4. storo\u010d\u00ed pred n. l. konzumovali obyvatelia Kastr\u00f3zie a dnes je na uspokojenie rast\u00faceho dopytu na trhu potrebn\u00fdch viac ako 3 000 mu\u0161l\u00ed. <\/p>\n<p>Spolo\u010dnos\u0165 CONSERVAS R\u00cdAS BAIXAS 1907 vyber\u00e1 mu\u0161le z najlep\u0161ie polo\u017een\u00fdch n\u00e1lez\u00edsk a trpezlivo \u010dak\u00e1 na spr\u00e1vny okamih ich vylovenia, ke\u010f s\u00fa m\u00e4kk\u00fd\u0161e v najlep\u0161om \u0161t\u00e1diu zrelosti. Rad\u0161ej rozbijeme z\u00e1soby, ako by sme v\u00e1m mali pon\u00faknu\u0165 nekvalitn\u00e9 neresiace sa mu\u0161le. <\/p>\n<p>Po umyt\u00ed a o\u010disten\u00ed sa mu\u0161le uvaria v pare a f\u00fazy sa opatrne odstr\u00e1nia, aby sa nepo\u0161kodili. Potom ich vypr\u00e1\u017eame na kvalitnom oleji a po v\u00fdbere spr\u00e1vnej ve\u013ekosti ich ru\u010dne bal\u00edme jednu po druhej, tak\u017ee po otvoren\u00ed konzervy sa v\u00e1m naskytne kr\u00e1sny poh\u013ead na jeden z na\u0161ich hviezdnych v\u00fdrobkov. <\/p>\n<p>\u010eal\u0161\u00edm tajomstvom, v\u010faka ktor\u00e9mu s\u00fa na\u0161e mu\u0161le jedny z najcennej\u0161\u00edch na trhu, je n\u00e1\u0161 escabeche, ktor\u00fd sa vyr\u00e1ba ru\u010dne pod\u013ea receptu zdeden\u00e9ho z gener\u00e1cie na gener\u00e1ciu. Pou\u017e\u00edvame najkvalitnej\u0161iu papriku a \u010derven\u00fd v\u00ednny ocot, organick\u00fd extra panensk\u00fd olivov\u00fd olej* a na z\u00e1ver prid\u00e1vame pr\u00edrodn\u00e9 bobkov\u00e9 listy. <\/p>\n<p>A ako u\u017e pravdepodobne viete, gal\u00edcijsk\u00e9 mu\u0161le s\u00fa vynikaj\u00facim zdrojom kvalitn\u00fdch bielkov\u00edn, ktor\u00fdch v\u00fd\u017eivov\u00e9 hodnoty s\u00fa podobn\u00e9 ako u hom\u00e1ra alebo \u0161\u0165uky. Okrem toho, \u017ee s\u00fa bohat\u00e9 na bielkoviny, maj\u00fa aj m\u00e1lo kal\u00f3ri\u00ed a s\u00fa bohat\u00e9 na vitam\u00edn A, vitam\u00edny skupiny B, vitam\u00edn C, E a K, ako aj na miner\u00e1lne l\u00e1tky: v\u00e1pnik, me\u010f, fosfor, \u017eelezo, hor\u010d\u00edk, mang\u00e1n, drasl\u00edk, sel\u00e9n, sod\u00edk, j\u00f3d a zinok. <\/p>\n","protected":false},"excerpt":{"rendered":"<p>Mu\u0161\u013ea galsk\u00e1 (Mytilus galloprovincialis) sa u\u017e stala najd\u00f4le\u017eitej\u0161\u00edm pestovan\u00fdm druhom 21. storo\u010dia v \u0160panielsku. A na mu\u0161liach z na\u0161ich pobre\u017e\u00ed mus\u00ed nie\u010do by\u0165, ke\u010f ich u\u017e v 4. storo\u010d\u00ed pred n. l. konzumovali obyvatelia Kastr\u00f3zie a dnes je na uspokojenie rast\u00faceho dopytu na trhu potrebn\u00fdch viac ako 3 000 mu\u0161l\u00ed. Spolo\u010dnos\u0165 CONSERVAS R\u00cdAS BAIXAS 1907 [&hellip;]<\/p>\n","protected":false},"featured_media":59378,"template":"","meta":{"_et_pb_use_builder":"","_et_pb_old_content":"","_et_gb_content_width":""},"product_brand":[11014],"product_cat":[4059,11040,1979],"product_tag":[],"class_list":{"0":"post-62882","1":"product","2":"type-product","3":"status-publish","4":"has-post-thumbnail","6":"product_brand-rias-baixas","7":"product_cat-musle-sk-3","8":"product_cat-novy","9":"product_cat-zachovava-sk","11":"first","12":"instock","13":"taxable","14":"shipping-taxable","15":"purchasable","16":"product-type-variable"},"_links":{"self":[{"href":"https:\/\/myspainfood.com\/sk\/wp-json\/wp\/v2\/product\/62882","targetHints":{"allow":["GET"]}}],"collection":[{"href":"https:\/\/myspainfood.com\/sk\/wp-json\/wp\/v2\/product"}],"about":[{"href":"https:\/\/myspainfood.com\/sk\/wp-json\/wp\/v2\/types\/product"}],"wp:featuredmedia":[{"embeddable":true,"href":"https:\/\/myspainfood.com\/sk\/wp-json\/wp\/v2\/media\/59378"}],"wp:attachment":[{"href":"https:\/\/myspainfood.com\/sk\/wp-json\/wp\/v2\/media?parent=62882"}],"wp:term":[{"taxonomy":"product_brand","embeddable":true,"href":"https:\/\/myspainfood.com\/sk\/wp-json\/wp\/v2\/product_brand?post=62882"},{"taxonomy":"product_cat","embeddable":true,"href":"https:\/\/myspainfood.com\/sk\/wp-json\/wp\/v2\/product_cat?post=62882"},{"taxonomy":"product_tag","embeddable":true,"href":"https:\/\/myspainfood.com\/sk\/wp-json\/wp\/v2\/product_tag?post=62882"}],"curies":[{"name":"wp","href":"https:\/\/api.w.org\/{rel}","templated":true}]}}