{"id":62960,"date":"2025-10-10T12:25:49","date_gmt":"2025-10-10T10:25:49","guid":{"rendered":"https:\/\/myspainfood.com\/producto\/musle-z-finisterre-v-rias-baixas-organicky-olivovy-olej-115-g\/"},"modified":"2025-10-10T12:25:49","modified_gmt":"2025-10-10T10:25:49","slug":"musle-z-finisterre-v-rias-baixas-organicky-olivovy-olej-115-g","status":"publish","type":"product","link":"https:\/\/myspainfood.com\/sk\/producto\/musle-z-finisterre-v-rias-baixas-organicky-olivovy-olej-115-g\/","title":{"rendered":"Mu\u0161le z Finisterre v Rias Baixas organick\u00fd olivov\u00fd olej 115 g"},"content":{"rendered":"<p>Mu\u0161le \u017eiletky sa \u0165a\u017eia na mnoh\u00fdch miestach na\u0161ich kr\u00e1snych R\u00edas, ale zo v\u0161etk\u00fdch je jedno, kde \u017eiletky a longueirones dosahuj\u00fa najvy\u0161\u0161iu kvalitu: Finisterre (Fisterra). A ke\u010f\u017ee to ani inak nejde, v spolo\u010dnosti CONSERVAS R\u00cdAS BAIXAS 1907 kupujeme iba last\u00farniky z t\u00fdchto rajsk\u00fdch pl\u00e1\u017e\u00ed a iba tie, ktor\u00e9 s\u00fa uloven\u00e9 jeden po druhom vo\u013en\u00fdmi pot\u00e1pa\u010dmi, aby sa zabezpe\u010dilo zachovanie pr\u00edrodn\u00e9ho prostredia a aby si t\u00fato poch\u00fa\u0165ku mohli vychutna\u0165 aj bud\u00face gener\u00e1cie. <\/p>\n<p>\u010cerstv\u00e9 \u017eiletky sa \u010distia v slanej vode, aby sa z nich odstr\u00e1nil zvy\u0161n\u00fd piesok, a potom sa starostlivo balia v na\u0161ich zariadeniach v Moa\u00f1a.<\/p>\n<p>A hoci s\u00fa mu\u0161le Finisterre delikatesou samy o sebe, rozhodli sme sa ich pod\u00e1va\u0165 v organickom extra panenskom olivovom oleji*. V\u00fdsledok je ve\u013ekolep\u00fd a poz\u00fdvame v\u00e1s, aby ste ho ochutnali. <\/p>\n<p>Okrem toho maj\u00fa \u017eiletkov\u00e9 mu\u0161le ve\u013emi n\u00edzky obsah kal\u00f3ri\u00ed a lipidov. Na druhej strane s\u00fa \u017eiletkov\u00e9 mu\u0161le bohat\u00e9 na polynenas\u00fdten\u00e9 mastn\u00e9 kyseliny OMEGA 3, preto sa ich konzum\u00e1cia ve\u013emi odpor\u00fa\u010da. <\/p>\n","protected":false},"excerpt":{"rendered":"<p>Mu\u0161le \u017eiletky sa \u0165a\u017eia na mnoh\u00fdch miestach na\u0161ich kr\u00e1snych R\u00edas, ale zo v\u0161etk\u00fdch je jedno, kde \u017eiletky a longueirones dosahuj\u00fa najvy\u0161\u0161iu kvalitu: Finisterre (Fisterra). A ke\u010f\u017ee to ani inak nejde, v spolo\u010dnosti CONSERVAS R\u00cdAS BAIXAS 1907 kupujeme iba last\u00farniky z t\u00fdchto rajsk\u00fdch pl\u00e1\u017e\u00ed a iba tie, ktor\u00e9 s\u00fa uloven\u00e9 jeden po druhom vo\u013en\u00fdmi pot\u00e1pa\u010dmi, aby [&hellip;]<\/p>\n","protected":false},"featured_media":59305,"template":"","meta":{"_et_pb_use_builder":"","_et_pb_old_content":"","_et_gb_content_width":""},"product_brand":[11014],"product_cat":[11040,1979,7570],"product_tag":[],"class_list":{"0":"post-62960","1":"product","2":"type-product","3":"status-publish","4":"has-post-thumbnail","6":"product_brand-rias-baixas","7":"product_cat-novy","8":"product_cat-zachovava-sk","9":"product_cat-ziletky","11":"first","12":"instock","13":"taxable","14":"shipping-taxable","15":"purchasable","16":"product-type-variable"},"_links":{"self":[{"href":"https:\/\/myspainfood.com\/sk\/wp-json\/wp\/v2\/product\/62960","targetHints":{"allow":["GET"]}}],"collection":[{"href":"https:\/\/myspainfood.com\/sk\/wp-json\/wp\/v2\/product"}],"about":[{"href":"https:\/\/myspainfood.com\/sk\/wp-json\/wp\/v2\/types\/product"}],"wp:featuredmedia":[{"embeddable":true,"href":"https:\/\/myspainfood.com\/sk\/wp-json\/wp\/v2\/media\/59305"}],"wp:attachment":[{"href":"https:\/\/myspainfood.com\/sk\/wp-json\/wp\/v2\/media?parent=62960"}],"wp:term":[{"taxonomy":"product_brand","embeddable":true,"href":"https:\/\/myspainfood.com\/sk\/wp-json\/wp\/v2\/product_brand?post=62960"},{"taxonomy":"product_cat","embeddable":true,"href":"https:\/\/myspainfood.com\/sk\/wp-json\/wp\/v2\/product_cat?post=62960"},{"taxonomy":"product_tag","embeddable":true,"href":"https:\/\/myspainfood.com\/sk\/wp-json\/wp\/v2\/product_tag?post=62960"}],"curies":[{"name":"wp","href":"https:\/\/api.w.org\/{rel}","templated":true}]}}