{"id":63117,"date":"2025-10-10T12:25:49","date_gmt":"2025-10-10T10:25:49","guid":{"rendered":"https:\/\/myspainfood.com\/producto\/baby-uhor-v-bio-olivovom-oleji-rias-baixas-110-g\/"},"modified":"2026-01-29T11:17:39","modified_gmt":"2026-01-29T10:17:39","slug":"baby-uhor-v-bio-olivovom-oleji-rias-baixas-110-g","status":"publish","type":"product","link":"https:\/\/myspainfood.com\/sk\/producto\/baby-uhor-v-bio-olivovom-oleji-rias-baixas-110-g\/","title":{"rendered":"Baby \u00fahor v bio olivovom oleji Rias Baixas 110 g"},"content":{"rendered":"<p>Ako pravdepodobne viete, \u00fahor sklenen\u00fd je ml\u00e1\u010fa \u00fahora. Ich dobrodru\u017estvo sa za\u010d\u00edna v Sargasovom mori uprostred Karibiku, kde sa \u00fahori neresia a liahnu sa z nich ikry, ktor\u00e9 sa nasleduj\u00face tri roky bud\u00fa pohybova\u0165 pozd\u013a\u017e Golfsk\u00e9ho pr\u00fadu, a\u017e k\u00fdm sa nedostan\u00fa do eur\u00f3pskych riek. Sklenen\u00e9 \u00fahory sa zhroma\u017e\u010fuj\u00fa vo ve\u013ek\u00fdch mno\u017estv\u00e1ch v \u00fastiach riek a pl\u00e1vaj\u00fa proti pr\u00fadu, a\u017e k\u00fdm sa z nich nestan\u00fa dospel\u00e9 jedince. A najzauj\u00edmavej\u0161ie je, \u017ee ka\u017ed\u00fd \u00fahor pripl\u00e1va do tej istej rieky, z ktorej sa vyliahli jeho rodi\u010dia. Po uloven\u00ed ka\u017ed\u00fd jedinec zvy\u010dajne v\u00e1\u017ei 1 g a meria necel\u00fdch 8 cm.     <\/p>\n<p>Je samozrejm\u00e9, \u017ee tak\u00e1to krehk\u00e1 a cenn\u00e1 ryba sa pri preprave do z\u00e1vodu, varen\u00ed a konzervovan\u00ed sprac\u00fava s maxim\u00e1lnou starostlivos\u0165ou a jemnos\u0165ou. Predklad\u00e1me ju pod\u013ea tradi\u010dn\u00e9ho receptu na t\u00fato poch\u00fa\u0165ku s ve\u013ekorys\u00fdm pikantn\u00fdm n\u00e1dychom, ktor\u00fd dod\u00e1va pr\u00edrodn\u00e9 chilli korenie, a zaliatu v organickom extra panenskom olivovom oleji*. <\/p>\n<p>Okrem chuti, ktor\u00e1 je pod\u013ea mnoh\u00fdch odborn\u00edkov neprekonate\u013en\u00e1, s\u00fa lososy produktom s ve\u013emi vysokou v\u00fd\u017eivovou hodnotou. Je to najtu\u010dnej\u0161ia zn\u00e1ma olejnat\u00e1 ryba a obsahuje ve\u013ek\u00e9 mno\u017estvo bielkov\u00edn (16,3 g na 100 g). Poskytuje tie\u017e zauj\u00edmav\u00e9 mno\u017estvo niektor\u00fdch miner\u00e1lnych l\u00e1tok, ako s\u00fa fosfor a drasl\u00edk, ktor\u00e9 podporuj\u00fa zdravie na\u0161ich obli\u010diek a nervov\u00e9ho syst\u00e9mu. Najpozoruhodnej\u0161ou vlastnos\u0165ou je v\u0161ak ve\u013emi vysok\u00fd podiel vitam\u00ednu A, ktor\u00fd m\u00e1 okrem in\u00e9ho priazniv\u00e9 \u00fa\u010dinky na zdravie o\u010d\u00ed a zraku.   <\/p>\n","protected":false},"excerpt":{"rendered":"<p>Ako pravdepodobne viete, \u00fahor sklenen\u00fd je ml\u00e1\u010fa \u00fahora. Ich dobrodru\u017estvo sa za\u010d\u00edna v Sargasovom mori uprostred Karibiku, kde sa \u00fahori neresia a liahnu sa z nich ikry, ktor\u00e9 sa nasleduj\u00face tri roky bud\u00fa pohybova\u0165 pozd\u013a\u017e Golfsk\u00e9ho pr\u00fadu, a\u017e k\u00fdm sa nedostan\u00fa do eur\u00f3pskych riek. Sklenen\u00e9 \u00fahory sa zhroma\u017e\u010fuj\u00fa vo ve\u013ek\u00fdch mno\u017estv\u00e1ch v \u00fastiach riek a [&hellip;]<\/p>\n","protected":false},"featured_media":59159,"template":"","meta":{"_et_pb_use_builder":"","_et_pb_old_content":"","_et_gb_content_width":""},"product_brand":[11014],"product_cat":[11040,1979],"product_tag":[],"class_list":{"0":"post-63117","1":"product","2":"type-product","3":"status-publish","4":"has-post-thumbnail","6":"product_brand-rias-baixas","7":"product_cat-novy","8":"product_cat-zachovava-sk","10":"first","11":"instock","12":"taxable","13":"shipping-taxable","14":"purchasable","15":"product-type-variable"},"_links":{"self":[{"href":"https:\/\/myspainfood.com\/sk\/wp-json\/wp\/v2\/product\/63117","targetHints":{"allow":["GET"]}}],"collection":[{"href":"https:\/\/myspainfood.com\/sk\/wp-json\/wp\/v2\/product"}],"about":[{"href":"https:\/\/myspainfood.com\/sk\/wp-json\/wp\/v2\/types\/product"}],"wp:featuredmedia":[{"embeddable":true,"href":"https:\/\/myspainfood.com\/sk\/wp-json\/wp\/v2\/media\/59159"}],"wp:attachment":[{"href":"https:\/\/myspainfood.com\/sk\/wp-json\/wp\/v2\/media?parent=63117"}],"wp:term":[{"taxonomy":"product_brand","embeddable":true,"href":"https:\/\/myspainfood.com\/sk\/wp-json\/wp\/v2\/product_brand?post=63117"},{"taxonomy":"product_cat","embeddable":true,"href":"https:\/\/myspainfood.com\/sk\/wp-json\/wp\/v2\/product_cat?post=63117"},{"taxonomy":"product_tag","embeddable":true,"href":"https:\/\/myspainfood.com\/sk\/wp-json\/wp\/v2\/product_tag?post=63117"}],"curies":[{"name":"wp","href":"https:\/\/api.w.org\/{rel}","templated":true}]}}