{"id":63339,"date":"2025-10-10T12:25:48","date_gmt":"2025-10-10T10:25:48","guid":{"rendered":"https:\/\/myspainfood.com\/producto\/la-barraca-prirodny-hrasok-390-gr-surovy\/"},"modified":"2025-10-10T12:25:48","modified_gmt":"2025-10-10T10:25:48","slug":"la-barraca-prirodny-hrasok-390-gr-surovy","status":"publish","type":"product","link":"https:\/\/myspainfood.com\/sk\/producto\/la-barraca-prirodny-hrasok-390-gr-surovy\/","title":{"rendered":"La Barraca pr\u00edrodn\u00fd hr\u00e1\u0161ok 390 gr surov\u00fd"},"content":{"rendered":"<p>Hr\u00e1\u0161ok la Barraca<\/p>\n<p>Zlo\u017eenie: Hr\u00e1\u0161ok, voda, cukor a so\u013e.<\/p>\n","protected":false},"excerpt":{"rendered":"<p>Hr\u00e1\u0161ok ve\u013emi jemn\u00fd Extra<\/p>\n","protected":false},"featured_media":59011,"template":"","meta":{"_et_pb_use_builder":"","_et_pb_old_content":"","_et_gb_content_width":""},"product_brand":[11011],"product_cat":[11040,1979,3719],"product_tag":[],"class_list":{"0":"post-63339","1":"product","2":"type-product","3":"status-publish","4":"has-post-thumbnail","6":"product_brand-la-barraca","7":"product_cat-novy","8":"product_cat-zachovava-sk","9":"product_cat-zelenina","11":"first","12":"instock","13":"taxable","14":"shipping-taxable","15":"purchasable","16":"product-type-variable"},"_links":{"self":[{"href":"https:\/\/myspainfood.com\/sk\/wp-json\/wp\/v2\/product\/63339","targetHints":{"allow":["GET"]}}],"collection":[{"href":"https:\/\/myspainfood.com\/sk\/wp-json\/wp\/v2\/product"}],"about":[{"href":"https:\/\/myspainfood.com\/sk\/wp-json\/wp\/v2\/types\/product"}],"wp:featuredmedia":[{"embeddable":true,"href":"https:\/\/myspainfood.com\/sk\/wp-json\/wp\/v2\/media\/59011"}],"wp:attachment":[{"href":"https:\/\/myspainfood.com\/sk\/wp-json\/wp\/v2\/media?parent=63339"}],"wp:term":[{"taxonomy":"product_brand","embeddable":true,"href":"https:\/\/myspainfood.com\/sk\/wp-json\/wp\/v2\/product_brand?post=63339"},{"taxonomy":"product_cat","embeddable":true,"href":"https:\/\/myspainfood.com\/sk\/wp-json\/wp\/v2\/product_cat?post=63339"},{"taxonomy":"product_tag","embeddable":true,"href":"https:\/\/myspainfood.com\/sk\/wp-json\/wp\/v2\/product_tag?post=63339"}],"curies":[{"name":"wp","href":"https:\/\/api.w.org\/{rel}","templated":true}]}}